{"id":13549,"date":"2021-02-21T14:18:08","date_gmt":"2021-02-21T14:18:08","guid":{"rendered":"https:\/\/www.autonvaraosahaku.fi\/?product=ridex-298w0034-pyyhkijansulat"},"modified":"2021-02-21T14:18:09","modified_gmt":"2021-02-21T14:18:09","slug":"ridex-298w0034-pyyhkijansulat","status":"publish","type":"product","link":"https:\/\/www.autonvaraosahaku.fi\/?product=ridex-298w0034-pyyhkijansulat","title":{"rendered":"RIDEX 298W0034 Pyyhkij\u00e4nsulat"},"content":{"rendered":"<p>Asennuspuoli: Edess\u00e4; M\u00e4\u00e4r\u00e4yksikk\u00f6: Sarja; Pituus 1 (mm): 550; Pituus 2 (mm): 500; Pyyhkij\u00e4nsulkatyyppi: Flatblade-pyyhinsulka (rungoton); Vasen \/ oikea liikenne: Ohjaus vasemmalla; Valmistusvuoteen: 12\/2005; AUDI: A6 Avant 4B5, C5,A6 4B2, C5,A8 4D2, 4D8,A6 4A, C4; MAZDA: MPV I LV; NISSAN: PATHFINDER R50; JEEP: COMPASS MK49; DAEWOO: EVANDA KLAL,LEGANZA KLAV; CHEVROLET: EPICA KL1_,EVANDA; KIA: MAGENTIS GD; HONDA: ACCORD VI CG, CK,ACCORD V CE, CF,ACCORD IV CB,ACCORD V Aerodeck CE,ACCORD V CC, CD,ACCORD V Coupe CD,ACCORD IV Aerodeck CB,ACCORD IV Coupe CB, CC; LAND ROVER: FREELANDER LN,FREELANDER Soft Top; LEXUS: IS II GSE2_, ALE2_, USE2_,IS C GSE2_; 6426R2, 6426R8; Tuulilasinpyyhkimet,Pyyhkij\u00e4t,Pyyhkij\u00e4nsulka<\/p>\n","protected":false},"excerpt":{"rendered":"<p>RIDEX Pyyhkij\u00e4nsulat 298W0034 Tuulilasinpyyhkimet,Pyyhkij\u00e4t AUDI,MAZDA,NISSAN,A6 Avant 4B5, C5,A6 4B2, C5,A8 4D2, 4D8,A6 4A, C4,MPV I LV<\/p>\n","protected":false},"featured_media":0,"template":"","meta":{"site-sidebar-layout":"default","site-content-layout":"default","ast-global-header-display":"","ast-main-header-display":"","ast-hfb-above-header-display":"","ast-hfb-below-header-display":"","ast-hfb-mobile-header-display":"","site-post-title":"","ast-breadcrumbs-content":"","ast-featured-img":"","footer-sml-layout":"","theme-transparent-header-meta":"","adv-header-id-meta":"","stick-header-meta":"","header-above-stick-meta":"","header-main-stick-meta":"","header-below-stick-meta":""},"pwb-brand":[157],"product_cat":[33],"product_tag":[],"class_list":{"0":"post-13549","1":"product","2":"type-product","3":"status-publish","5":"pwb-brand-ridex","6":"product_cat-pyyhkijansulat","7":"desktop-align-left","8":"tablet-align-left","9":"mobile-align-left","11":"first","12":"instock","13":"product-type-external"},"brands":[{"id":157,"name":"RIDEX","slug":"ridex"}],"_links":{"self":[{"href":"https:\/\/www.autonvaraosahaku.fi\/index.php?rest_route=\/wp\/v2\/product\/13549","targetHints":{"allow":["GET"]}}],"collection":[{"href":"https:\/\/www.autonvaraosahaku.fi\/index.php?rest_route=\/wp\/v2\/product"}],"about":[{"href":"https:\/\/www.autonvaraosahaku.fi\/index.php?rest_route=\/wp\/v2\/types\/product"}],"wp:attachment":[{"href":"https:\/\/www.autonvaraosahaku.fi\/index.php?rest_route=%2Fwp%2Fv2%2Fmedia&parent=13549"}],"wp:term":[{"taxonomy":"pwb-brand","embeddable":true,"href":"https:\/\/www.autonvaraosahaku.fi\/index.php?rest_route=%2Fwp%2Fv2%2Fpwb-brand&post=13549"},{"taxonomy":"product_cat","embeddable":true,"href":"https:\/\/www.autonvaraosahaku.fi\/index.php?rest_route=%2Fwp%2Fv2%2Fproduct_cat&post=13549"},{"taxonomy":"product_tag","embeddable":true,"href":"https:\/\/www.autonvaraosahaku.fi\/index.php?rest_route=%2Fwp%2Fv2%2Fproduct_tag&post=13549"}],"curies":[{"name":"wp","href":"https:\/\/api.w.org\/{rel}","templated":true}]}}