{"id":13554,"date":"2021-02-21T14:18:08","date_gmt":"2021-02-21T14:18:08","guid":{"rendered":"https:\/\/www.autonvaraosahaku.fi\/?product=ridex-654w0035-pyoranlaakerit"},"modified":"2021-02-21T14:18:10","modified_gmt":"2021-02-21T14:18:10","slug":"ridex-654w0035-pyoranlaakerit","status":"publish","type":"product","link":"https:\/\/www.autonvaraosahaku.fi\/?product=ridex-654w0035-pyoranlaakerit","title":{"rendered":"RIDEX 654W0035 Py\u00f6r\u00e4nlaakerit"},"content":{"rendered":"<p>Leveys (mm): 37; Sis\u00e4l\u00e4pimitta [mm]: 25; Ulkol\u00e4pimitta [mm]: 52; Asennuspuoli: Taka-akseli, molemminpuolinen; Korvaava tuote\/korvaava tiedote 2: ilman ABS-sensorirengasta; Valmistusvuosi alkaen: 09\/1998; NISSAN: MICRA III K12,NOTE E11,MICRA C+C K12; DACIA: SANDERO,LOGAN MCV KS_,LOGAN LS_,LOGAN EXPRESS FS_,LOGAN Pick-up US_; CITRO\u00cbN: SAXO S0, S1,XSARA N1,XSARA Break N2,XSARA Coupe N0; PEUGEOT: 206 Schr\u00e4gheck 2A\/C,206 SW 2E\/K,106 II 1,206+ T3E,306 Schr\u00e4gheck 7A, 7C, N3, N5,306 Cabriolet 7D, N3, N5,1007 KM_,306 Break 7E, N3, N5,306 7B, N3, N5,206 Stufenheck,206 Van; RENAULT: TWINGO I C06_,CLIO II BB0\/1\/2_, CB0\/1\/2_,CLIO III BR0\/1, CR0\/1,TWINGO II CN0_,MODUS \/ GRAND MODUS F\/JP0_,MEGANE I BA0\/1_,MEGANE I Cabriolet EA0\/1_,CLIO I B\/C57_, 5\/357_,TWIZY MAM_,MEGANE I Classic LA0\/1_,MEGANE I Coach DA0\/1_,CLIO II Kasten SB0\/1\/2_,19 II B\/C53_,19 II Cabriolet D53_, 853_,SUPER 5 B\/C40_,19 I B\/C53_,9 L42_,19 II Chamade L53_,11 B\/C37_,19 I Chamade L53_,THALIA I LB0\/1\/2_,SANDERO\/STEPWAY I,19 I Cabriolet D53_,11 Kasten S37_,LOGAN I Kombi KS_,19 II Kasten S53_,LOGAN I LS_,19 I Kasten S53_,THALIA II LU1\/2_,LOGAN II; 373021, 95592226, 95608940, 43210AX000, 43210AZ300, 373021, 95592226, 95608940, 7703090253, 7703090433; Py\u00f6r\u00e4nlaakerisarja<\/p>\n","protected":false},"excerpt":{"rendered":"<p>RIDEX Py\u00f6r\u00e4nlaakerit 654W0035 Py\u00f6r\u00e4nlaakerisarja NISSAN,DACIA,CITRO\u00cbN,MICRA III K12,NOTE E11,MICRA C+C K12,SANDERO,LOGAN MCV KS_,LOGAN LS_<\/p>\n","protected":false},"featured_media":0,"template":"","meta":{"site-sidebar-layout":"default","site-content-layout":"default","ast-global-header-display":"","ast-main-header-display":"","ast-hfb-above-header-display":"","ast-hfb-below-header-display":"","ast-hfb-mobile-header-display":"","site-post-title":"","ast-breadcrumbs-content":"","ast-featured-img":"","footer-sml-layout":"","theme-transparent-header-meta":"","adv-header-id-meta":"","stick-header-meta":"","header-above-stick-meta":"","header-main-stick-meta":"","header-below-stick-meta":""},"pwb-brand":[157],"product_cat":[83],"product_tag":[],"class_list":{"0":"post-13554","1":"product","2":"type-product","3":"status-publish","5":"pwb-brand-ridex","6":"product_cat-pyoranlaakerit","7":"desktop-align-left","8":"tablet-align-left","9":"mobile-align-left","11":"first","12":"instock","13":"product-type-external"},"brands":[{"id":157,"name":"RIDEX","slug":"ridex"}],"_links":{"self":[{"href":"https:\/\/www.autonvaraosahaku.fi\/index.php?rest_route=\/wp\/v2\/product\/13554","targetHints":{"allow":["GET"]}}],"collection":[{"href":"https:\/\/www.autonvaraosahaku.fi\/index.php?rest_route=\/wp\/v2\/product"}],"about":[{"href":"https:\/\/www.autonvaraosahaku.fi\/index.php?rest_route=\/wp\/v2\/types\/product"}],"wp:attachment":[{"href":"https:\/\/www.autonvaraosahaku.fi\/index.php?rest_route=%2Fwp%2Fv2%2Fmedia&parent=13554"}],"wp:term":[{"taxonomy":"pwb-brand","embeddable":true,"href":"https:\/\/www.autonvaraosahaku.fi\/index.php?rest_route=%2Fwp%2Fv2%2Fpwb-brand&post=13554"},{"taxonomy":"product_cat","embeddable":true,"href":"https:\/\/www.autonvaraosahaku.fi\/index.php?rest_route=%2Fwp%2Fv2%2Fproduct_cat&post=13554"},{"taxonomy":"product_tag","embeddable":true,"href":"https:\/\/www.autonvaraosahaku.fi\/index.php?rest_route=%2Fwp%2Fv2%2Fproduct_tag&post=13554"}],"curies":[{"name":"wp","href":"https:\/\/api.w.org\/{rel}","templated":true}]}}