{"id":13556,"date":"2021-02-21T14:18:08","date_gmt":"2021-02-21T14:18:08","guid":{"rendered":"https:\/\/www.autonvaraosahaku.fi\/?product=ngk-96209-sytytystulpat"},"modified":"2021-02-21T14:18:10","modified_gmt":"2021-02-21T14:18:10","slug":"ngk-96209-sytytystulpat","status":"publish","type":"product","link":"https:\/\/www.autonvaraosahaku.fi\/?product=ngk-96209-sytytystulpat","title":{"rendered":"NGK 96209 Sytytystulpat"},"content":{"rendered":"<p>Avainv\u00e4li: 16 mm; Ulkokierre [mm]: 14,0; Kierteen pituus (mm): 19,0; Sytytystulppa: kiinte\u00e4 SAE-liitin, Iridium-keskielektrodi, 1-maaelektroodi, H\u00e4iri\u00f6npoisto, 1 k-ohm, suoralla istukalla; Kipin\u00e4et\u00e4isyys [mm]: 5,0; TECDOC-moottorinumero: 24449; VW: GOLF V 1K1,TOURAN 1T1, 1T2,GOLF VI 5K1,GOLF PLUS 5M1, 521,POLO 6R, 6C,TIGUAN 5N_,PASSAT Variant 365,TOURAN 1T3,GOLF VI Variant AJ5,GOLF V Variant 1K5,EOS 1F7, 1F8,SCIROCCO 137, 138,SHARAN 7N1, 7N2,JETTA III 1K2,PASSAT 362,CC 358,GOLF VI Cabriolet 517,BEETLE 5C1,JETTA IV 162, 163,BEETLE Cabriolet 5C7; AUDI: A1 8X1, 8XF,A1 Sportback 8XA, 8XK; SKODA: FABIA,FABIA Combi; SEAT: IBIZA V 6J5, 6P5,IBIZA V ST 6J8, 6P8,ALHAMBRA 710, 711,IBIZA V SPORTCOUPE 6J1, 6P1; 03C905601A, 03C905601B, 03C905601A, 03C905601B, 03C905601A, 03C905601B, 03C905601A, 03C905601B, 03C905601A, 03C905601B, 03C905601A, 03C905601B; Tulpat,Sytytystulppa<\/p>\n","protected":false},"excerpt":{"rendered":"<p>NGK Sytytystulpat 96209 Tulpat,Sytytystulppa VW,AUDI,SKODA,GOLF V 1K1,TOURAN 1T1, 1T2,GOLF VI 5K1,GOLF PLUS 5M1, 521,POLO 6R, 6C,TIGUAN 5N_<\/p>\n","protected":false},"featured_media":0,"template":"","meta":{"site-sidebar-layout":"default","site-content-layout":"default","ast-global-header-display":"","ast-main-header-display":"","ast-hfb-above-header-display":"","ast-hfb-below-header-display":"","ast-hfb-mobile-header-display":"","site-post-title":"","ast-breadcrumbs-content":"","ast-featured-img":"","footer-sml-layout":"","theme-transparent-header-meta":"","adv-header-id-meta":"","stick-header-meta":"","header-above-stick-meta":"","header-main-stick-meta":"","header-below-stick-meta":""},"pwb-brand":[189],"product_cat":[165],"product_tag":[],"class_list":{"0":"post-13556","1":"product","2":"type-product","3":"status-publish","5":"pwb-brand-ngk","6":"product_cat-sytytystulpat","7":"desktop-align-left","8":"tablet-align-left","9":"mobile-align-left","11":"first","12":"instock","13":"product-type-external"},"brands":[{"id":189,"name":"NGK","slug":"ngk"}],"_links":{"self":[{"href":"https:\/\/www.autonvaraosahaku.fi\/index.php?rest_route=\/wp\/v2\/product\/13556","targetHints":{"allow":["GET"]}}],"collection":[{"href":"https:\/\/www.autonvaraosahaku.fi\/index.php?rest_route=\/wp\/v2\/product"}],"about":[{"href":"https:\/\/www.autonvaraosahaku.fi\/index.php?rest_route=\/wp\/v2\/types\/product"}],"wp:attachment":[{"href":"https:\/\/www.autonvaraosahaku.fi\/index.php?rest_route=%2Fwp%2Fv2%2Fmedia&parent=13556"}],"wp:term":[{"taxonomy":"pwb-brand","embeddable":true,"href":"https:\/\/www.autonvaraosahaku.fi\/index.php?rest_route=%2Fwp%2Fv2%2Fpwb-brand&post=13556"},{"taxonomy":"product_cat","embeddable":true,"href":"https:\/\/www.autonvaraosahaku.fi\/index.php?rest_route=%2Fwp%2Fv2%2Fproduct_cat&post=13556"},{"taxonomy":"product_tag","embeddable":true,"href":"https:\/\/www.autonvaraosahaku.fi\/index.php?rest_route=%2Fwp%2Fv2%2Fproduct_tag&post=13556"}],"curies":[{"name":"wp","href":"https:\/\/api.w.org\/{rel}","templated":true}]}}