{"id":13561,"date":"2021-02-21T14:18:12","date_gmt":"2021-02-21T14:18:12","guid":{"rendered":"https:\/\/www.autonvaraosahaku.fi\/?product=corteco-006339h-kierretulppa"},"modified":"2021-02-21T14:18:12","modified_gmt":"2021-02-21T14:18:12","slug":"corteco-006339h-kierretulppa","status":"publish","type":"product","link":"https:\/\/www.autonvaraosahaku.fi\/?product=corteco-006339h-kierretulppa","title":{"rendered":"CORTECO 006339H Kierretulppa"},"content":{"rendered":"<p>Sis\u00e4l\u00e4pimitta [mm]: 16,7; Ulkol\u00e4pimitta [mm]: 24; Materiaali: Kumi-metalli; Muoto: Py\u00f6re\u00e4; Paksuus [mm]: 1,5; MERCEDES-BENZ: B-CLASS W246, W242,A-CLASS W176,CLA Coupe C117,CITAN Kasten 415,CITAN Kombi 415,CITAN Mixto 415,C-CLASS T-Model S205,C-CLASS W205,GLA-CLASS X156,CLA Shooting Brake X117; OPEL: VIVARO Kasten F7,VIVARO Combi J7,MOVANO Kasten F9,MOVANO B Kasten,MOVANO B Bus,MOVANO Combi J9,VIVARO Pritsche\/Fahrgestell E7,MOVANO Pritsche\/Fahrgestell U9, E9,MOVANO B Pritsche\/Fahrgestell,MOVANO Kipper H9,ARENA Bus,ARENA Kasten TB, TF,ARENA Kasten; RENAULT: TWINGO I C06_,CLIO II BB0\/1\/2_, CB0\/1\/2_,CLIO III BR0\/1, CR0\/1,SC\u00c9NIC II JM0\/1_,KANGOO KC0\/1_,TWINGO II CN0_,MEGANE III Grandtour KZ0\/1,ESPACE IV JK0\/1_,MODUS \/ GRAND MODUS F\/JP0_,LAGUNA II Grandtour KG0\/1_,MEGANE II Kombi KM0\/1_,SC\u00c9NIC I JA0\/1_,MEGANE II Coup\u00e9-Cabriolet EM0\/1_,SC\u00c9NIC III JZ0\/1_,ESPACE III JE0_,LAGUNA III Grandtour KT0\/1,MEGANE Scenic JA0\/1_,CLIO IV,MEGANE III Schr\u00e4gheck BZ0_,LAGUNA II BG0\/1_,MEGANE II BM0\/1_, CM0\/1_,TRAFIC II Bus JL,GRAND SC\u00c9NIC III JZ0\/1_,MEGANE I BA0\/1_,MASTER II Kasten FD,TRAFIC II Kasten FL,MEGANE III Coupe DZ0\/1_,KANGOO \/ GRAND KANGOO KW0\/1_,KOLEOS HY_,KANGOO Express FC0\/1_,CLIO Grandtour KR0\/1_,GRAND SC\u00c9NIC II JM0\/1_,MEGANE I Grandtour KA0\/1_,MEGANE I Cabriolet EA0\/1_,LAGUNA I B56_, 556_,CLIO I B\/C57_, 5\/357_,CAPTUR,LAGUNA I Grandtour K56_,LAGUNA III BT0\/1,MASTER III Kasten FV,KANGOO Express FW0\/1_,MEGANE II Stufenheck LM0\/1_,TWINGO I Kasten S06_,CLIO Grandtour IV,MEGANE I Classic LA0\/1_,MASTER II Pritsche\/Fahrgestell; FIAT: QUBO 225; PEUGEOT: 206 Schr\u00e4gheck 2A\/C,207 WA_, WC_,307 SW 3H,407 SW 6E_,307 3A\/C,308 SW,206 SW 2E\/K,206+ T3E,308 4A_, 4C_,307 Break 3E,306 Schr\u00e4gheck 7A, 7C, N3, N5,607 9D, 9U,407 6D_,PARTNER Tepee,106 I 1A, 1C,205 II 20A\/C,J5 Pritsche\/Fahrgestell 280L,306 Break 7E, N3, N5,J5 Pritsche\/Fahrgestell 290L,407 Coupe 6C_,306 7B, N3, N5,J5 Kasten 280L,205 I Cabriolet 741B, 20D,207 Stufenheck,J5 Bus 290P,309 II 3C, 3A,205 I 741A\/C,BIPPER Tepee,J5 Kasten 290L,J5 Bus 280P,405 I 15B,605 6B,405 II 4B,504 A_, M_,309 I 10C, 10A,505 551A,104,405 II Break 4E,405 I Break 15E,505 Break 551D,504 Break D_, F_,104 Coupe,205 Kasten; CITRO\u00cbN: XSARA PICASSO N68,C2 JM_,C3 I FC_,C5 III Break TD_,C4 I LC_,SAXO S0, S1,C5 II Break RE_,C5 III RD_,C3 II,C4 Coupe LA_,C6 TD_,XM Y4,XANTIA X1,2 CV,C4 Stufenheck L,ZX N2,BX XB-_,NEMO Kombi,C25 Bus 280_, 290_,XM Y3,C25 Pritsche\/Fahrgestell 280_, 290_,XM Break Y4,BX Break XB-_,C25 Kasten 280_, 290_,VISA Cabriolet,C-ELYSEE,XM Break Y3,MEHARI; NISSAN: QASHQAI \/ QASHQAI +2 J10, JJ10,NOTE E11,JUKE F15,X-TRAIL T31,PRIMERA Kombi WP12,PRIMERA P12,NV200 EVALIA,NOTE E12,PRIMERA Hatchback P12,TIIDA Schr\u00e4gheck,NV200 Kasten,PRIMASTAR Bus X83,PRIMASTAR Kasten X83,CUBE Z12,INTERSTAR Kasten X70,TIIDA Stufenheck SC11X,KUBISTAR X76,QASHQAI J11, J11_,NV400 Kasten,KUBISTAR Kasten X80,INTERSTAR Bus X70,X-TRAIL T32,PULSAR Schr\u00e4gheck C13,NV400 Bus,INTERSTAR Pritsche\/Fahrgestell,NV400 Pritsche\/Fahrgestell; VOLVO: V40 Kombi VW,S40 I VS,240 Kombi P245,240 P242, P244,480 E,440 K 445,460 L 464,140 142, 144,140 Kombi 145,260 P262, P264,260 Coupe P262,260 Kombi P265; MITSUBISHI: SPACE STAR DG_A,CARISMA DA_,CARISMA Stufenheck DA_; DACIA: DUSTER,SANDERO,LOGAN MCV KS_,SANDERO II,LODGY,LOGAN MCV II,DOKKER,LOGAN LS_,DOKKER Express,LOGAN EXPRESS FS_,LOGAN Pick-up US_,LOGAN II,SOLENZA; Tiiviste, \u00d6ljynlaskutulppa<\/p>\n","protected":false},"excerpt":{"rendered":"<p>CORTECO \u00d6ljytulpan Tiiviste 006339H Tiiviste, \u00d6ljynlaskutulppa MERCEDES-BENZ,OPEL,RENAULT,B-CLASS W246, W242,A-CLASS W176,CLA Coupe C117<\/p>\n","protected":false},"featured_media":0,"template":"","meta":{"site-sidebar-layout":"default","site-content-layout":"default","ast-global-header-display":"","ast-main-header-display":"","ast-hfb-above-header-display":"","ast-hfb-below-header-display":"","ast-hfb-mobile-header-display":"","site-post-title":"","ast-breadcrumbs-content":"","ast-featured-img":"","footer-sml-layout":"","theme-transparent-header-meta":"","adv-header-id-meta":"","stick-header-meta":"","header-above-stick-meta":"","header-main-stick-meta":"","header-below-stick-meta":""},"pwb-brand":[53],"product_cat":[40],"product_tag":[],"class_list":{"0":"post-13561","1":"product","2":"type-product","3":"status-publish","5":"pwb-brand-corteco","6":"product_cat-kierretulppa","7":"desktop-align-left","8":"tablet-align-left","9":"mobile-align-left","11":"first","12":"instock","13":"product-type-external"},"brands":[{"id":53,"name":"CORTECO","slug":"corteco"}],"_links":{"self":[{"href":"https:\/\/www.autonvaraosahaku.fi\/index.php?rest_route=\/wp\/v2\/product\/13561","targetHints":{"allow":["GET"]}}],"collection":[{"href":"https:\/\/www.autonvaraosahaku.fi\/index.php?rest_route=\/wp\/v2\/product"}],"about":[{"href":"https:\/\/www.autonvaraosahaku.fi\/index.php?rest_route=\/wp\/v2\/types\/product"}],"wp:attachment":[{"href":"https:\/\/www.autonvaraosahaku.fi\/index.php?rest_route=%2Fwp%2Fv2%2Fmedia&parent=13561"}],"wp:term":[{"taxonomy":"pwb-brand","embeddable":true,"href":"https:\/\/www.autonvaraosahaku.fi\/index.php?rest_route=%2Fwp%2Fv2%2Fpwb-brand&post=13561"},{"taxonomy":"product_cat","embeddable":true,"href":"https:\/\/www.autonvaraosahaku.fi\/index.php?rest_route=%2Fwp%2Fv2%2Fproduct_cat&post=13561"},{"taxonomy":"product_tag","embeddable":true,"href":"https:\/\/www.autonvaraosahaku.fi\/index.php?rest_route=%2Fwp%2Fv2%2Fproduct_tag&post=13561"}],"curies":[{"name":"wp","href":"https:\/\/api.w.org\/{rel}","templated":true}]}}