{"id":13565,"date":"2021-02-21T14:18:12","date_gmt":"2021-02-21T14:18:12","guid":{"rendered":"https:\/\/www.autonvaraosahaku.fi\/?product=elring-101-508-tiivisteet"},"modified":"2021-02-21T14:18:13","modified_gmt":"2021-02-21T14:18:13","slug":"elring-101-508-tiivisteet","status":"publish","type":"product","link":"https:\/\/www.autonvaraosahaku.fi\/?product=elring-101-508-tiivisteet","title":{"rendered":"ELRING 101.508 Tiivisteet"},"content":{"rendered":"<p>Ulkol\u00e4pimitta [mm]: 10; Sis\u00e4l\u00e4pimitta [mm]: 6; Paksuus [mm]: 1; Materiaali: Kupari; Muoto: A-muoto; DIN \/ ISO: 7603; Vaihtoehtoinen korjaussarja: 017.671 \/ 017.655; N0138042, 07119963029, 07119963044, 0329690, 0753597, 6166747, 06561800706, 007603006106, 11091421, 2091042, 90012302820, 0003008077, 0703304100, 7703061014, N0138042, N0138042, 1909902, N0138042<\/p>\n","protected":false},"excerpt":{"rendered":"<p>ELRING Rengastiiviste 101.508<\/p>\n","protected":false},"featured_media":0,"template":"","meta":{"site-sidebar-layout":"default","site-content-layout":"default","ast-global-header-display":"","ast-main-header-display":"","ast-hfb-above-header-display":"","ast-hfb-below-header-display":"","ast-hfb-mobile-header-display":"","site-post-title":"","ast-breadcrumbs-content":"","ast-featured-img":"","footer-sml-layout":"","theme-transparent-header-meta":"","adv-header-id-meta":"","stick-header-meta":"","header-above-stick-meta":"","header-main-stick-meta":"","header-below-stick-meta":""},"pwb-brand":[26],"product_cat":[27],"product_tag":[],"class_list":{"0":"post-13565","1":"product","2":"type-product","3":"status-publish","5":"pwb-brand-elring","6":"product_cat-tiivisteet","7":"desktop-align-left","8":"tablet-align-left","9":"mobile-align-left","11":"first","12":"instock","13":"product-type-external"},"brands":[{"id":26,"name":"ELRING","slug":"elring"}],"_links":{"self":[{"href":"https:\/\/www.autonvaraosahaku.fi\/index.php?rest_route=\/wp\/v2\/product\/13565","targetHints":{"allow":["GET"]}}],"collection":[{"href":"https:\/\/www.autonvaraosahaku.fi\/index.php?rest_route=\/wp\/v2\/product"}],"about":[{"href":"https:\/\/www.autonvaraosahaku.fi\/index.php?rest_route=\/wp\/v2\/types\/product"}],"wp:attachment":[{"href":"https:\/\/www.autonvaraosahaku.fi\/index.php?rest_route=%2Fwp%2Fv2%2Fmedia&parent=13565"}],"wp:term":[{"taxonomy":"pwb-brand","embeddable":true,"href":"https:\/\/www.autonvaraosahaku.fi\/index.php?rest_route=%2Fwp%2Fv2%2Fpwb-brand&post=13565"},{"taxonomy":"product_cat","embeddable":true,"href":"https:\/\/www.autonvaraosahaku.fi\/index.php?rest_route=%2Fwp%2Fv2%2Fproduct_cat&post=13565"},{"taxonomy":"product_tag","embeddable":true,"href":"https:\/\/www.autonvaraosahaku.fi\/index.php?rest_route=%2Fwp%2Fv2%2Fproduct_tag&post=13565"}],"curies":[{"name":"wp","href":"https:\/\/api.w.org\/{rel}","templated":true}]}}