{"id":13568,"date":"2021-02-21T14:18:12","date_gmt":"2021-02-21T14:18:12","guid":{"rendered":"https:\/\/www.autonvaraosahaku.fi\/?product=ridex-298w0063-pyyhkijansulat"},"modified":"2021-02-21T14:18:13","modified_gmt":"2021-02-21T14:18:13","slug":"ridex-298w0063-pyyhkijansulat","status":"publish","type":"product","link":"https:\/\/www.autonvaraosahaku.fi\/?product=ridex-298w0063-pyyhkijansulat","title":{"rendered":"RIDEX 298W0063 Pyyhkij\u00e4nsulat"},"content":{"rendered":"<p>Asennuspuoli: Edess\u00e4; Pituus 1 \/ pituus 2: 600\/400; Pituus1\/pituus2 [tuuma]: 24\/16; Vasen \/ oikea liikenne: Ohjaus vasemmalla; M\u00e4\u00e4r\u00e4: 2; M\u00e4\u00e4r\u00e4yksikk\u00f6: Sarja; Pyyhkij\u00e4nsulkatyyppi: Flatblade-pyyhinsulka (rungoton); Korvaava tuote\/korvaava tiedote 2: Ma\u00df abweichend vom Original; VW: POLO 6R, 6C,UP,POLO Stufenheck,POLO Van 6R,LOAD UP; AUDI: A1 8X1, 8XF,A1 Sportback 8XA, 8XK; SKODA: CITIGO,RAPID Spaceback NH1,RAPID NH3; SEAT: LEON 5F1,LEON ST 5F8,Mii KF1_,LEON SC 5F5,TOLEDO IV KG3; 8X1955425B, 8X1955426, 8X1955426B, 8X1998002A, 8X2955426, 1S1955425, 1S1955426, 1S1998002, 5JB998001, 1S1955425, 1S1955426, 1S1955425, 1S1955426, 1S1998002, 6R1955425A, 6R1955426A, 6R1998002; Tuulilasinpyyhkimet,Pyyhkij\u00e4t,Pyyhkij\u00e4nsulka<\/p>\n","protected":false},"excerpt":{"rendered":"<p>RIDEX Pyyhkij\u00e4nsulat 298W0063 Tuulilasinpyyhkimet,Pyyhkij\u00e4t VW,AUDI,SKODA,POLO 6R, 6C,UP,POLO Stufenheck,POLO Van 6R,LOAD UP,A1 8X1, 8XF<\/p>\n","protected":false},"featured_media":0,"template":"","meta":{"site-sidebar-layout":"default","site-content-layout":"default","ast-global-header-display":"","ast-main-header-display":"","ast-hfb-above-header-display":"","ast-hfb-below-header-display":"","ast-hfb-mobile-header-display":"","site-post-title":"","ast-breadcrumbs-content":"","ast-featured-img":"","footer-sml-layout":"","theme-transparent-header-meta":"","adv-header-id-meta":"","stick-header-meta":"","header-above-stick-meta":"","header-main-stick-meta":"","header-below-stick-meta":""},"pwb-brand":[157],"product_cat":[33],"product_tag":[],"class_list":{"0":"post-13568","1":"product","2":"type-product","3":"status-publish","5":"pwb-brand-ridex","6":"product_cat-pyyhkijansulat","7":"desktop-align-left","8":"tablet-align-left","9":"mobile-align-left","11":"first","12":"instock","13":"product-type-external"},"brands":[{"id":157,"name":"RIDEX","slug":"ridex"}],"_links":{"self":[{"href":"https:\/\/www.autonvaraosahaku.fi\/index.php?rest_route=\/wp\/v2\/product\/13568","targetHints":{"allow":["GET"]}}],"collection":[{"href":"https:\/\/www.autonvaraosahaku.fi\/index.php?rest_route=\/wp\/v2\/product"}],"about":[{"href":"https:\/\/www.autonvaraosahaku.fi\/index.php?rest_route=\/wp\/v2\/types\/product"}],"wp:attachment":[{"href":"https:\/\/www.autonvaraosahaku.fi\/index.php?rest_route=%2Fwp%2Fv2%2Fmedia&parent=13568"}],"wp:term":[{"taxonomy":"pwb-brand","embeddable":true,"href":"https:\/\/www.autonvaraosahaku.fi\/index.php?rest_route=%2Fwp%2Fv2%2Fpwb-brand&post=13568"},{"taxonomy":"product_cat","embeddable":true,"href":"https:\/\/www.autonvaraosahaku.fi\/index.php?rest_route=%2Fwp%2Fv2%2Fproduct_cat&post=13568"},{"taxonomy":"product_tag","embeddable":true,"href":"https:\/\/www.autonvaraosahaku.fi\/index.php?rest_route=%2Fwp%2Fv2%2Fproduct_tag&post=13568"}],"curies":[{"name":"wp","href":"https:\/\/api.w.org\/{rel}","templated":true}]}}