{"id":13588,"date":"2021-02-21T14:18:16","date_gmt":"2021-02-21T14:18:16","guid":{"rendered":"https:\/\/www.autonvaraosahaku.fi\/?product=febi-bilstein-46638-pyoranpultit"},"modified":"2021-02-21T14:18:17","modified_gmt":"2021-02-21T14:18:17","slug":"febi-bilstein-46638-pyoranpultit","status":"publish","type":"product","link":"https:\/\/www.autonvaraosahaku.fi\/?product=febi-bilstein-46638-pyoranpultit","title":{"rendered":"FEBI BILSTEIN 46638 Py\u00f6r\u00e4npultit"},"content":{"rendered":"<p>Paksuus [mm]: 16,0; Ulkol\u00e4pimitta [mm]: 21,0; Sis\u00e4kierre (mm): M12 x 1,25; Laatu \/ luokka: 6; Avainv\u00e4li: 21; Ruuvikanta\/mutteriprofiili: Kuusioruuvi \/-mutteri; Py\u00f6r\u00e4n kiinnitys: Kartiolaippa F; Materiaali: Ter\u00e4s; Pinta: Sinkitetty; Asennuspuoli: Etuakseli, Taka-akseli; Paino [kg]: 0,021; Huomioi huolto-ohjeet: , ; TECDOC-moottorinumero: 31280; NISSAN: MICRA III K12,X-TRAIL T30,MICRA II K11,NOTE E11,ALMERA TINO V10,ALMERA II Hatchback N16,NAVARA D40,JUKE F15,PRIMERA P11,MICRA IV K13,PRIMERA Kombi WP12,PRIMERA P12,NV200 EVALIA,TERRANO II R20,PRIMERA Traveller WP11,PRIMERA Hatchback P11,MURANO Z50,NOTE E12,PRIMERA Hatchback P12,TIIDA Schr\u00e4gheck,NV200 Kasten,ALMERA I Hatchback N15,PICK UP D22,NAVARA D22,PATHFINDER R50,ALMERA Mk II N16,MICRA I K10,ALMERA I N15,PICK UP D21,100 NX B13,SERENA C23M,200 SX S14,PATROL GR I Y60, GR,PRIMERA P10,MAXIMA QX A33,280 ZX,ZXT HGS130,LEAF,PATROL Hardtop K160,MAXIMA QX A32,CUBE Z12,300 ZX Z31,TIIDA Stufenheck SC11X,SUNNY II Coupe B12,SUNNY III N14,QASHQAI J11, J11_,PULSAR V Schr\u00e4gheck N14,SUNNY III Liftback N14,PRIMERA Hatchback P10,PRIMERA Traveller W10,NAVARA Pritsche\/Fahrgestell D22,PATROL Station Wagon W160,SUNNY II Hatchback N13,NAVARA Pick-up D21,BLUEBIRD T72 , T12,LAUREL JC32,SUNNY III Traveller Y10,VANETTE CARGO Kasten HC 23,TERRANO Van R20,BLUEBIRD Hatchback T; SMART: FORFOUR 454; 4022421000, 4022421001, 4022499501, 40224EJ20A, 40224G9501, 40224G9551, 40224P05G0, 40224ZE73A, D0224G9551, 4544020072, A4544020072; Py\u00f6r\u00e4n Mutteri<\/p>\n","protected":false},"excerpt":{"rendered":"<p>FEBI BILSTEIN Py\u00f6r\u00e4nmutterit 46638 Py\u00f6r\u00e4n Mutteri NISSAN,SMART,MICRA III K12,X-TRAIL T30,MICRA II K11,NOTE E11,ALMERA TINO V10,ALMERA II Hatchback N16<\/p>\n","protected":false},"featured_media":0,"template":"","meta":{"site-sidebar-layout":"default","site-content-layout":"default","ast-global-header-display":"","ast-main-header-display":"","ast-hfb-above-header-display":"","ast-hfb-below-header-display":"","ast-hfb-mobile-header-display":"","site-post-title":"","ast-breadcrumbs-content":"","ast-featured-img":"","footer-sml-layout":"","theme-transparent-header-meta":"","adv-header-id-meta":"","stick-header-meta":"","header-above-stick-meta":"","header-main-stick-meta":"","header-below-stick-meta":""},"pwb-brand":[50],"product_cat":[51],"product_tag":[],"class_list":{"0":"post-13588","1":"product","2":"type-product","3":"status-publish","5":"pwb-brand-febi-bilstein","6":"product_cat-pyoranpultit","7":"desktop-align-left","8":"tablet-align-left","9":"mobile-align-left","11":"first","12":"instock","13":"product-type-external"},"brands":[{"id":50,"name":"FEBI BILSTEIN","slug":"febi-bilstein"}],"_links":{"self":[{"href":"https:\/\/www.autonvaraosahaku.fi\/index.php?rest_route=\/wp\/v2\/product\/13588","targetHints":{"allow":["GET"]}}],"collection":[{"href":"https:\/\/www.autonvaraosahaku.fi\/index.php?rest_route=\/wp\/v2\/product"}],"about":[{"href":"https:\/\/www.autonvaraosahaku.fi\/index.php?rest_route=\/wp\/v2\/types\/product"}],"wp:attachment":[{"href":"https:\/\/www.autonvaraosahaku.fi\/index.php?rest_route=%2Fwp%2Fv2%2Fmedia&parent=13588"}],"wp:term":[{"taxonomy":"pwb-brand","embeddable":true,"href":"https:\/\/www.autonvaraosahaku.fi\/index.php?rest_route=%2Fwp%2Fv2%2Fpwb-brand&post=13588"},{"taxonomy":"product_cat","embeddable":true,"href":"https:\/\/www.autonvaraosahaku.fi\/index.php?rest_route=%2Fwp%2Fv2%2Fproduct_cat&post=13588"},{"taxonomy":"product_tag","embeddable":true,"href":"https:\/\/www.autonvaraosahaku.fi\/index.php?rest_route=%2Fwp%2Fv2%2Fproduct_tag&post=13588"}],"curies":[{"name":"wp","href":"https:\/\/api.w.org\/{rel}","templated":true}]}}