{"id":13595,"date":"2021-02-21T14:18:16","date_gmt":"2021-02-21T14:18:16","guid":{"rendered":"https:\/\/www.autonvaraosahaku.fi\/?product=elring-128-503-kierretulppa"},"modified":"2021-02-21T14:18:18","modified_gmt":"2021-02-21T14:18:18","slug":"elring-128-503-kierretulppa","status":"publish","type":"product","link":"https:\/\/www.autonvaraosahaku.fi\/?product=elring-128-503-kierretulppa","title":{"rendered":"ELRING 128.503 Kierretulppa"},"content":{"rendered":"<p>Sis\u00e4l\u00e4pimitta [mm]: 22; Ulkol\u00e4pimitta [mm]: 27; Paksuus [mm]: 1,5; Materiaali: Kupari; Muoto: A-muoto; DIN \/ ISO: 7603; Vaihtoehtoinen korjaussarja: 017.736, 036.400, 505.550, 505.540; TECDOC-moottorinumero: 23250; SEAT: 131; JEEP: GRAND CHEROKEE I ZJ,CHEROKEE XJ; DAEWOO: NOVUS,PRIMA; IVECO: DAILY IV Kasten\/Kombi,DAILY III Pritsche\/Fahrgestell,DAILY III Kasten\/Kombi,DAILY IV Pritsche\/Fahrgestell,DAILY II Pritsche\/Fahrgestell,DAILY V Kasten\/Kombi,DAILY II Kasten\/Kombi,DAILY I Pritsche\/Fahrgestell,DAILY V Pritsche\/Fahrgestell,MASSIF Station Wagon,DAILY IV Bus,DAILY IV Kipper,DAILY II Bus,DAILY I Kasten\/Kombi,DAILY II Kipper,DAILY V Kipper,MASSIF Single Cab,MASSIF Pick-up,DAILY VI Kasten\/Kombi,DAILY III Bus,DAILY VI Pritsche\/Fahrgestell,DAILY VI Bus,DAILY TOURYS Bus,DAILY CITYS,CITYCLASS,CROSSWAY,CURSOR,EUROCARGO I-III,EUROFIRE,EUROSTAR,EUROTECH MH,EUROTECH MP,EUROTECH MT,EUROTRAKKER,M,P\/PA,POWERSTAR,S-WAY,STRALIS,TRAKKER,TURBOSTAR,TURBOTECH,URBANWAY,X-WAY,ZETA; ROVER: 2000-3500 Hatchback SD1,800 XS,800 Hatchback XS,800 Coupe; MERCEDES-BENZ: ACTROS MP4 \/ MP5,ALLEGRO,ANTOS,AROCS,AXOR 2,CAPACITY,CITARO (O 530),CONECTO (O 345),OF,TOURO (O 500),ZETROS; OPEL: MOVANO Kasten F9,FRONTERA A Sport 5_SUD2,FRONTERA A 5_MWL4,MOVANO Combi J9,MOVANO Pritsche\/Fahrgestell U9, E9,MOVANO Kipper H9; CHRYSLER: VOYAGER III GS,VOYAGER II ES,GRAND CARAVAN; LANCIA: THESIS 841AX,KAPPA 838A,THEMA 834,KAPPA SW 838B,KAPPA Coupe 838,THEMA SW 834; FORD: SCORPIO II GFR, GGR,SCORPIO I GAE, GGE,SCORPIO II Kombi GNR, GGR,SCORPIO I Stufenheck GGE,SCORPIO I Kombi GGE,Cargo; 234032243, N0138271, 07119963354, 68094323AA, 016484, 0119133, 2160305, 68094323AA, 10263450, 16508460, 60800580, 1669199, V94DD9K462BA, 10263460, 16508460, 68094323AA, 06561900718, 000000001085, 007603022102, 11022571, 4403432, 646261, 016484, 90012301120, 7701039179, 0003143409, 0003143480, 0021323045, N0138271, N0138271, 6814305, 947627, 9476276, N0138271; Tiiviste, \u00d6ljynlaskutulppa<\/p>\n","protected":false},"excerpt":{"rendered":"<p>ELRING \u00d6ljytulpan Tiiviste 128.503 Tiiviste, \u00d6ljynlaskutulppa SEAT,JEEP,DAEWOO,131,GRAND CHEROKEE I ZJ,CHEROKEE XJ,NOVUS,PRIMA,DAILY IV Kasten\/Kombi<\/p>\n","protected":false},"featured_media":0,"template":"","meta":{"site-sidebar-layout":"default","site-content-layout":"default","ast-global-header-display":"","ast-main-header-display":"","ast-hfb-above-header-display":"","ast-hfb-below-header-display":"","ast-hfb-mobile-header-display":"","site-post-title":"","ast-breadcrumbs-content":"","ast-featured-img":"","footer-sml-layout":"","theme-transparent-header-meta":"","adv-header-id-meta":"","stick-header-meta":"","header-above-stick-meta":"","header-main-stick-meta":"","header-below-stick-meta":""},"pwb-brand":[26],"product_cat":[40],"product_tag":[],"class_list":{"0":"post-13595","1":"product","2":"type-product","3":"status-publish","5":"pwb-brand-elring","6":"product_cat-kierretulppa","7":"desktop-align-left","8":"tablet-align-left","9":"mobile-align-left","11":"first","12":"instock","13":"product-type-external"},"brands":[{"id":26,"name":"ELRING","slug":"elring"}],"_links":{"self":[{"href":"https:\/\/www.autonvaraosahaku.fi\/index.php?rest_route=\/wp\/v2\/product\/13595","targetHints":{"allow":["GET"]}}],"collection":[{"href":"https:\/\/www.autonvaraosahaku.fi\/index.php?rest_route=\/wp\/v2\/product"}],"about":[{"href":"https:\/\/www.autonvaraosahaku.fi\/index.php?rest_route=\/wp\/v2\/types\/product"}],"wp:attachment":[{"href":"https:\/\/www.autonvaraosahaku.fi\/index.php?rest_route=%2Fwp%2Fv2%2Fmedia&parent=13595"}],"wp:term":[{"taxonomy":"pwb-brand","embeddable":true,"href":"https:\/\/www.autonvaraosahaku.fi\/index.php?rest_route=%2Fwp%2Fv2%2Fpwb-brand&post=13595"},{"taxonomy":"product_cat","embeddable":true,"href":"https:\/\/www.autonvaraosahaku.fi\/index.php?rest_route=%2Fwp%2Fv2%2Fproduct_cat&post=13595"},{"taxonomy":"product_tag","embeddable":true,"href":"https:\/\/www.autonvaraosahaku.fi\/index.php?rest_route=%2Fwp%2Fv2%2Fproduct_tag&post=13595"}],"curies":[{"name":"wp","href":"https:\/\/api.w.org\/{rel}","templated":true}]}}