{"id":13604,"date":"2021-02-21T14:18:20","date_gmt":"2021-02-21T14:18:20","guid":{"rendered":"https:\/\/www.autonvaraosahaku.fi\/?product=ridex-78b0020-jarrusatula"},"modified":"2021-02-21T14:18:20","modified_gmt":"2021-02-21T14:18:20","slug":"ridex-78b0020-jarrusatula","status":"publish","type":"product","link":"https:\/\/www.autonvaraosahaku.fi\/?product=ridex-78b0020-jarrusatula","title":{"rendered":"RIDEX 78B0020 Jarrusatula"},"content":{"rendered":"<p>Asennuspuoli: Taka-akseli, vasen, Akselin edess\u00e4; Jarrulevyl\u00e4pimitalle [mm]: 255, 253; Sylinterim\u00e4nn\u00e4n halkaisija [mm]: 38; Jarrulevyn paksuus (mm): 10; Jarrusatulatyyppi: Jarrusatula (1-m\u00e4nt\u00e4); Jarrulevytyyppi: Vakiomalli; Nettopaino [kg]: 1,4; Kiinnityrreikien et\u00e4isyys [mm]: 118; Kierre 1: M10X1; Materiaali: Alumiini; PR-numerolle: 1KD; VW: GOLF V 1K1,GOLF VI 5K1,GOLF PLUS 5M1, 521,GOLF V Variant 1K5,EOS 1F7, 1F8,SCIROCCO 137, 138,GOLF VI Cabriolet 517,BEETLE 5C1,JETTA IV 162, 163,BEETLE Cabriolet 5C7; AUDI: A3 8P1,A3 Sportback 8PA,A3 Cabriolet 8P7; SKODA: OCTAVIA Combi 1Z5,YETI 5L,OCTAVIA 1Z3; SEAT: LEON 1P1,ALTEA 5P1,LEON 5F1,ALTEA XL 5P5, 5P8,LEON ST 5F8,LEON SC 5F5,TOLEDO III 5P2; 1K0615423A, 1K0615423A<\/p>\n","protected":false},"excerpt":{"rendered":"<p>RIDEX Jarrusatula 78B0020  VW,AUDI,SKODA,GOLF V 1K1,GOLF VI 5K1,GOLF PLUS 5M1, 521,GOLF V Variant 1K5,EOS 1F7, 1F8,SCIROCCO 137, 138<\/p>\n","protected":false},"featured_media":0,"template":"","meta":{"site-sidebar-layout":"default","site-content-layout":"default","ast-global-header-display":"","ast-main-header-display":"","ast-hfb-above-header-display":"","ast-hfb-below-header-display":"","ast-hfb-mobile-header-display":"","site-post-title":"","ast-breadcrumbs-content":"","ast-featured-img":"","footer-sml-layout":"","theme-transparent-header-meta":"","adv-header-id-meta":"","stick-header-meta":"","header-above-stick-meta":"","header-main-stick-meta":"","header-below-stick-meta":""},"pwb-brand":[157],"product_cat":[177],"product_tag":[],"class_list":{"0":"post-13604","1":"product","2":"type-product","3":"status-publish","5":"pwb-brand-ridex","6":"product_cat-jarrusatula","7":"desktop-align-left","8":"tablet-align-left","9":"mobile-align-left","11":"first","12":"instock","13":"product-type-external"},"brands":[{"id":157,"name":"RIDEX","slug":"ridex"}],"_links":{"self":[{"href":"https:\/\/www.autonvaraosahaku.fi\/index.php?rest_route=\/wp\/v2\/product\/13604","targetHints":{"allow":["GET"]}}],"collection":[{"href":"https:\/\/www.autonvaraosahaku.fi\/index.php?rest_route=\/wp\/v2\/product"}],"about":[{"href":"https:\/\/www.autonvaraosahaku.fi\/index.php?rest_route=\/wp\/v2\/types\/product"}],"wp:attachment":[{"href":"https:\/\/www.autonvaraosahaku.fi\/index.php?rest_route=%2Fwp%2Fv2%2Fmedia&parent=13604"}],"wp:term":[{"taxonomy":"pwb-brand","embeddable":true,"href":"https:\/\/www.autonvaraosahaku.fi\/index.php?rest_route=%2Fwp%2Fv2%2Fpwb-brand&post=13604"},{"taxonomy":"product_cat","embeddable":true,"href":"https:\/\/www.autonvaraosahaku.fi\/index.php?rest_route=%2Fwp%2Fv2%2Fproduct_cat&post=13604"},{"taxonomy":"product_tag","embeddable":true,"href":"https:\/\/www.autonvaraosahaku.fi\/index.php?rest_route=%2Fwp%2Fv2%2Fproduct_tag&post=13604"}],"curies":[{"name":"wp","href":"https:\/\/api.w.org\/{rel}","templated":true}]}}