{"id":13613,"date":"2021-02-21T14:18:20","date_gmt":"2021-02-21T14:18:20","guid":{"rendered":"https:\/\/www.autonvaraosahaku.fi\/?product=ridex-9f0017-polttoainesuodatin"},"modified":"2021-02-21T14:18:22","modified_gmt":"2021-02-21T14:18:22","slug":"ridex-9f0017-polttoainesuodatin","status":"publish","type":"product","link":"https:\/\/www.autonvaraosahaku.fi\/?product=ridex-9f0017-polttoainesuodatin","title":{"rendered":"RIDEX 9F0017 Polttoainesuodatin"},"content":{"rendered":"<p>Korkeus (mm): 188,5; Ulkol\u00e4pimitta [mm]: 89; Sis\u00e4\u00e4ntulol\u00e4pimitta [mm]: 10; Ulostulon l\u00e4pimitta [mm]: 10; Suodatintyyppi: mit Wasserablassschraube; KIA: CARNIVAL II GQ,CARNIVAL \/ GRAND CARNIVAL III VQ,K2900,BONGO Pritsche\/Fahrgestell; JAGUAR: X-TYPE CF1,X-TYPE Estate; SSANGYONG: REXTON GAB_,KYRON,REXTON W,RODIUS,ACTYON SPORTS I QJ,ACTYON I,ACTYON II; HYUNDAI: TERRACAN HP; FORD: MONDEO III Kombi BWY,FOCUS Kombi DNW,FOCUS DAW, DBW,MONDEO III B5Y,MONDEO III Stufenheck B4Y,FOCUS Stufenheck DFW,TRANSIT CONNECT P65_, P70_, P80_,TOURNEO CONNECT; TATA (TELCO): SAFARI 42_FD,INDICA 40_V2,INDIGO 4_V2,INDIGO MARINA 4_V2,LOADBETA,XENON Pick-up; 1132631, 1137026, 1230645, 1480561, 1532171, 1709787, 1S419155AC, 2042987, 2T149155CA, 2T149155CB, 3S719155B1A, 3S719155B1B, 3S719155BA, 4442434, 5292808, AT169155AA, C2S27643, 0K52A23570A, 31390H1970, 31395H1950, 31395H1952, 6650921101, 6650921301<\/p>\n","protected":false},"excerpt":{"rendered":"<p>RIDEX Polttoainesuodatin 9F0017  KIA,JAGUAR,SSANGYONG,CARNIVAL II GQ,CARNIVAL \/ GRAND CARNIVAL III VQ,K2900,BONGO Pritsche\/Fahrgestell,X-TYPE CF1<\/p>\n","protected":false},"featured_media":0,"template":"","meta":{"site-sidebar-layout":"default","site-content-layout":"default","ast-global-header-display":"","ast-main-header-display":"","ast-hfb-above-header-display":"","ast-hfb-below-header-display":"","ast-hfb-mobile-header-display":"","site-post-title":"","ast-breadcrumbs-content":"","ast-featured-img":"","footer-sml-layout":"","theme-transparent-header-meta":"","adv-header-id-meta":"","stick-header-meta":"","header-above-stick-meta":"","header-main-stick-meta":"","header-below-stick-meta":""},"pwb-brand":[157],"product_cat":[29],"product_tag":[],"class_list":{"0":"post-13613","1":"product","2":"type-product","3":"status-publish","5":"pwb-brand-ridex","6":"product_cat-polttoainesuodatin","7":"desktop-align-left","8":"tablet-align-left","9":"mobile-align-left","11":"first","12":"instock","13":"product-type-external"},"brands":[{"id":157,"name":"RIDEX","slug":"ridex"}],"_links":{"self":[{"href":"https:\/\/www.autonvaraosahaku.fi\/index.php?rest_route=\/wp\/v2\/product\/13613","targetHints":{"allow":["GET"]}}],"collection":[{"href":"https:\/\/www.autonvaraosahaku.fi\/index.php?rest_route=\/wp\/v2\/product"}],"about":[{"href":"https:\/\/www.autonvaraosahaku.fi\/index.php?rest_route=\/wp\/v2\/types\/product"}],"wp:attachment":[{"href":"https:\/\/www.autonvaraosahaku.fi\/index.php?rest_route=%2Fwp%2Fv2%2Fmedia&parent=13613"}],"wp:term":[{"taxonomy":"pwb-brand","embeddable":true,"href":"https:\/\/www.autonvaraosahaku.fi\/index.php?rest_route=%2Fwp%2Fv2%2Fpwb-brand&post=13613"},{"taxonomy":"product_cat","embeddable":true,"href":"https:\/\/www.autonvaraosahaku.fi\/index.php?rest_route=%2Fwp%2Fv2%2Fproduct_cat&post=13613"},{"taxonomy":"product_tag","embeddable":true,"href":"https:\/\/www.autonvaraosahaku.fi\/index.php?rest_route=%2Fwp%2Fv2%2Fproduct_tag&post=13613"}],"curies":[{"name":"wp","href":"https:\/\/api.w.org\/{rel}","templated":true}]}}