{"id":13620,"date":"2021-02-21T14:18:24","date_gmt":"2021-02-21T14:18:24","guid":{"rendered":"https:\/\/www.autonvaraosahaku.fi\/?product=ridex-82b0175-jarrulevyt"},"modified":"2021-02-21T14:18:24","modified_gmt":"2021-02-21T14:18:24","slug":"ridex-82b0175-jarrulevyt","status":"publish","type":"product","link":"https:\/\/www.autonvaraosahaku.fi\/?product=ridex-82b0175-jarrulevyt","title":{"rendered":"RIDEX 82B0175 Jarrulevyt"},"content":{"rendered":"<p>M\u00e4\u00e4r\u00e4: 2; Jarrulevyn paksuus (mm): 11; Kiinnitysreikien lukum\u00e4\u00e4r\u00e4: 5; Paksuus [mm]: 50,8; Ulkol\u00e4pimitta [mm]: 302,0; Reik\u00e4ympyr\u00e4-\u00d8 [mm]: 108; Jarrulevytyyppi: Vakiomalli; Asennuspuoli: Taka-akseli; V\u00e4himm\u00e4ispaksuus (mm): 9; Paino [kg]: 5,57; keskitt\u00e4misl\u00e4pimitta [mm]: 63,6; Reik\u00e4kuvio\/-m\u00e4\u00e4r\u00e4: 5\/6; Sis\u00e4l\u00e4pimitta [mm]: 177,50; Py\u00f6r\u00e4npulttireik\u00e4-\u00d8 [mm]: 15,7; LAND ROVER: RANGE ROVER EVOQUE LV,RANGE ROVER EVOQUE Cabriolet LV_; FORD: MONDEO IV Turnier BA7,FOCUS II DA_,S-MAX WA6,GALAXY WA6,KUGA I,MONDEO IV BA7,MONDEO IV Stufenheck BA7,GALAXY; 1379931, 1385590, 1405500, 1864280, 1877765, 1892357, 1892358, 2111254, 3091385, 6G912A315BA, E1GC2A315BB, 6G912A315AA, 6G912A315BA, 6G912A315BB, MEDG9J2A315BD, MEE1GJ2A315BB, MEGG9J2A315AA, LR027123; Jarrulevy<\/p>\n","protected":false},"excerpt":{"rendered":"<p>RIDEX Jarrulevyt 82B0175 Jarrulevy LAND ROVER,FORD,RANGE ROVER EVOQUE LV,RANGE ROVER EVOQUE Cabriolet LV_,MONDEO IV Turnier BA7,FOCUS II DA_,S-MAX WA6<\/p>\n","protected":false},"featured_media":0,"template":"","meta":{"site-sidebar-layout":"default","site-content-layout":"default","ast-global-header-display":"","ast-main-header-display":"","ast-hfb-above-header-display":"","ast-hfb-below-header-display":"","ast-hfb-mobile-header-display":"","site-post-title":"","ast-breadcrumbs-content":"","ast-featured-img":"","footer-sml-layout":"","theme-transparent-header-meta":"","adv-header-id-meta":"","stick-header-meta":"","header-above-stick-meta":"","header-main-stick-meta":"","header-below-stick-meta":""},"pwb-brand":[157],"product_cat":[66],"product_tag":[],"class_list":{"0":"post-13620","1":"product","2":"type-product","3":"status-publish","5":"pwb-brand-ridex","6":"product_cat-jarrulevyt","7":"desktop-align-left","8":"tablet-align-left","9":"mobile-align-left","11":"first","12":"instock","13":"product-type-external"},"brands":[{"id":157,"name":"RIDEX","slug":"ridex"}],"_links":{"self":[{"href":"https:\/\/www.autonvaraosahaku.fi\/index.php?rest_route=\/wp\/v2\/product\/13620","targetHints":{"allow":["GET"]}}],"collection":[{"href":"https:\/\/www.autonvaraosahaku.fi\/index.php?rest_route=\/wp\/v2\/product"}],"about":[{"href":"https:\/\/www.autonvaraosahaku.fi\/index.php?rest_route=\/wp\/v2\/types\/product"}],"wp:attachment":[{"href":"https:\/\/www.autonvaraosahaku.fi\/index.php?rest_route=%2Fwp%2Fv2%2Fmedia&parent=13620"}],"wp:term":[{"taxonomy":"pwb-brand","embeddable":true,"href":"https:\/\/www.autonvaraosahaku.fi\/index.php?rest_route=%2Fwp%2Fv2%2Fpwb-brand&post=13620"},{"taxonomy":"product_cat","embeddable":true,"href":"https:\/\/www.autonvaraosahaku.fi\/index.php?rest_route=%2Fwp%2Fv2%2Fproduct_cat&post=13620"},{"taxonomy":"product_tag","embeddable":true,"href":"https:\/\/www.autonvaraosahaku.fi\/index.php?rest_route=%2Fwp%2Fv2%2Fproduct_tag&post=13620"}],"curies":[{"name":"wp","href":"https:\/\/api.w.org\/{rel}","templated":true}]}}