{"id":13640,"date":"2021-02-21T14:18:27","date_gmt":"2021-02-21T14:18:27","guid":{"rendered":"https:\/\/www.autonvaraosahaku.fi\/?product=valeo-586001-oljynsuodatin"},"modified":"2021-02-21T14:18:28","modified_gmt":"2021-02-21T14:18:28","slug":"valeo-586001-oljynsuodatin","status":"publish","type":"product","link":"https:\/\/www.autonvaraosahaku.fi\/?product=valeo-586001-oljynsuodatin","title":{"rendered":"VALEO 586001 \u00d6ljynsuodatin"},"content":{"rendered":"<p>Kierremitta: M 20&#215;1,5; Ulkol\u00e4pimitta [mm]: 76; Sis\u00e4l\u00e4pimitta 1 [mm]: 71; Sis\u00e4l\u00e4pimitta 2 [mm]: 62; Korkeus (mm): 50; Avauspaine ohitusventtiili [bar]: 1,35; Suodatintyyppi: Ruuvattava suodatin; Paino [kg]: 0,24; Valmistusvuoteen: 07\/2012; MAZDA: B-SERIE UF; JEEP: CHEROKEE XJ,CJ5 &#8211; CJ8; NISSAN: QASHQAI \/ QASHQAI +2 J10, JJ10,MICRA III K12,NOTE E11,ALMERA II Hatchback N16,PRIMERA Kombi WP12,PRIMERA P12,PRIMERA Hatchback P12,TIIDA Schr\u00e4gheck,ALMERA Mk II N16,PRIMASTAR Bus X83,PRIMASTAR Kasten X83,INTERSTAR Kasten X70,TIIDA Stufenheck SC11X,KUBISTAR Kasten X80,INTERSTAR Bus X70; LEXUS: IS II GSE2_, ALE2_, USE2_,LS UVF4_, USF4_; VOLVO: 340-360 343, 345; SUZUKI: JIMNY FJ; OPEL: VIVARO Kasten F7,VIVARO Combi J7,VIVARO Pritsche\/Fahrgestell E7,ARENA Bus,ARENA Kasten TB, TF,ARENA Kasten; LANCIA: LYBRA SW 839BX,LYBRA 839AX; DACIA: DUSTER,SANDERO,LOGAN MCV KS_,SANDERO II,LODGY,LOGAN MCV II,DOKKER,LOGAN LS_,DOKKER Express,LOGAN EXPRESS FS_,LOGAN Pick-up US_,SOLENZA,DUSTER Kasten,PICK UP; ALFA ROMEO: 156 Sportwagon 932,156 932,GT 937,SPIDER 916S_,GTV 916C_; 0073500506, 73500506, MLS000462A, MLS000602, 1520800Q0H, 15208BN700, 6001543357, 7700274177, 7700873583, 8200033408, 8200768913, 8200867976, 5006227, 5013388, 5013389, 5016714, 5016715, 5016785, 5016956, 5017317, 5017319, 7700274177, 0073500506, 73500506, 112397, AM1514302, M851139, M852065, 1520800Q0F, 1520800Q0H, 1520800QAB, 1520800QAC, 15208BN700, 8200033408, 8200033468, 4402718, 4403019, 110991, 1109A4, 1109A5, 1109N6, 1520800Q0H, 15208BN700, 6001002028, 7700033408, 7700073302, 7700107905, 7700110796, 7700272523, 7700272902, 7700272903, 7700272982, 7700274177, 7700676302, 7700695801, 7700695804, 7700727401, 7700727478, 7700727479, 7700727480, 7700727482, 7700728310, 7700730077, 7700734945, 7700734957, 7700735917, 7700737991, 7700744879, 7700745708, 7700748326, 7700854776, 7700854852, 7700855853, 7700856114, 7700866099, 7700869390, 7700871919, 7700873583, 7700873603, 7701043377, 7701349452, 7701349725, 7701349752, 7701727480, 7702144083, 7708715147, 8200033408, 8200768913, 8200867&#8230;<\/p>\n","protected":false},"excerpt":{"rendered":"<p>VALEO \u00d6ljynsuodatin 586001  MAZDA,JEEP,NISSAN,B-SERIE UF,CHEROKEE XJ,CJ5 &#8211; CJ8,QASHQAI \/ QASHQAI +2 J10, JJ10,MICRA III K12,NOTE E11<\/p>\n","protected":false},"featured_media":0,"template":"","meta":{"site-sidebar-layout":"default","site-content-layout":"default","ast-global-header-display":"","ast-main-header-display":"","ast-hfb-above-header-display":"","ast-hfb-below-header-display":"","ast-hfb-mobile-header-display":"","site-post-title":"","ast-breadcrumbs-content":"","ast-featured-img":"","footer-sml-layout":"","theme-transparent-header-meta":"","adv-header-id-meta":"","stick-header-meta":"","header-above-stick-meta":"","header-main-stick-meta":"","header-below-stick-meta":""},"pwb-brand":[28],"product_cat":[30],"product_tag":[],"class_list":{"0":"post-13640","1":"product","2":"type-product","3":"status-publish","5":"pwb-brand-valeo","6":"product_cat-oljynsuodatin","7":"desktop-align-left","8":"tablet-align-left","9":"mobile-align-left","11":"first","12":"instock","13":"product-type-external"},"brands":[{"id":28,"name":"VALEO","slug":"valeo"}],"_links":{"self":[{"href":"https:\/\/www.autonvaraosahaku.fi\/index.php?rest_route=\/wp\/v2\/product\/13640","targetHints":{"allow":["GET"]}}],"collection":[{"href":"https:\/\/www.autonvaraosahaku.fi\/index.php?rest_route=\/wp\/v2\/product"}],"about":[{"href":"https:\/\/www.autonvaraosahaku.fi\/index.php?rest_route=\/wp\/v2\/types\/product"}],"wp:attachment":[{"href":"https:\/\/www.autonvaraosahaku.fi\/index.php?rest_route=%2Fwp%2Fv2%2Fmedia&parent=13640"}],"wp:term":[{"taxonomy":"pwb-brand","embeddable":true,"href":"https:\/\/www.autonvaraosahaku.fi\/index.php?rest_route=%2Fwp%2Fv2%2Fpwb-brand&post=13640"},{"taxonomy":"product_cat","embeddable":true,"href":"https:\/\/www.autonvaraosahaku.fi\/index.php?rest_route=%2Fwp%2Fv2%2Fproduct_cat&post=13640"},{"taxonomy":"product_tag","embeddable":true,"href":"https:\/\/www.autonvaraosahaku.fi\/index.php?rest_route=%2Fwp%2Fv2%2Fproduct_tag&post=13640"}],"curies":[{"name":"wp","href":"https:\/\/api.w.org\/{rel}","templated":true}]}}