{"id":13641,"date":"2021-02-21T14:18:27","date_gmt":"2021-02-21T14:18:27","guid":{"rendered":"https:\/\/www.autonvaraosahaku.fi\/?product=hella-9xw-178-878-261-pyyhkijansulat"},"modified":"2021-02-21T14:18:28","modified_gmt":"2021-02-21T14:18:28","slug":"hella-9xw-178-878-261-pyyhkijansulat","status":"publish","type":"product","link":"https:\/\/www.autonvaraosahaku.fi\/?product=hella-9xw-178-878-261-pyyhkijansulat","title":{"rendered":"HELLA 9XW 178 878-261 Pyyhkij\u00e4nsulat"},"content":{"rendered":"<p>Asennuspuoli: Edess\u00e4, fahrerseitig; Pituus (mm): 650; Pituus (tuumaa): 26; Vasen \/ oikea liikenne: Ohjaus vasemmalla; M\u00e4\u00e4r\u00e4: 1; Pyyhkij\u00e4nsulkatyyppi: Pyyhkij\u00e4nsulka,perinteinen runko; MAZDA: 5 CR19,CX-7 ER,CX-9 TB; JEEP: CHEROKEE KL; NISSAN: ALMERA TINO V10,PRIMERA Kombi WP12,PRIMERA P12,MURANO Z50,PRIMERA Hatchback P12,MURANO Z51,MAXIMA QX A33,LEAF,QASHQAI J11, J11_,NV400 Kasten,X-TRAIL T32,NV400 Bus,TEANA II J32,ALTIMA,NV400 Pritsche\/Fahrgestell,MICRA V K14,PATHFINDER R52,MAXIMA A34; KIA: RIO III UB,CEE&#8217;D JD,CARENS III UN,CARNIVAL \/ GRAND CARNIVAL III VQ,CEE`D Sportswagon JD,PRO CEE\u00b4D JD,RIO III Stufenheck UB,SPORTAGE QL,SORENTO III,NIRO,OPTIMA Sportswagon,STINGER CK,RIO IV YB,OPTIMA,STONIC YB; LEXUS: RX MHU3_, GSU3_, MCU3_,RX GYL1_, GGL15, AGL10,CT ZWA1_,GS GRL1_, GWL1_,GX URJ15_,LC; HONDA: CR-V III RE,JAZZ III GE,ACCORD VII CL,FR-V BE,CR-V IV RE,ACCORD VII Tourer CM,CIVIC IX FK,INSIGHT ZE_,CR-Z ZF1,ACCORD VII CM,HR-V RU,CIVIC X Schr\u00e4gheck FC_, FK,CIVIC X Stufenheck FC_,CROSSTOUR; LAND ROVER: DISCOVERY SPORT LC; HYUNDAI: i40 CW VF,i30 GD,i30 CW GD,H-1 Travel TQ,TRAJET FO,SANTA F\u00c9 III DM,VELOSTER FS,i40 VF,H-1 Kasten,H-1 \/ STAREX,GRAND SANTA F\u00c9,TUCSON,ELANTRA Stufenheck MD, UD,ACCENT IV RB,SONATA VI YF,GENESIS BH,H-1 Pritsche\/Fahrgestell,ACCENT IV Stufenheck RB,i30 PDE,IONIQ AE,i30 Kombi PDE,KONA OS,GENESIS DH,i30 FASTBACK PDE,CRETA; INFINITI: Q50,M Y51,Q70 Y51; SUZUKI: SX4 EY, GY,SX4 Stufenheck GY; Tuulilasinpyyhkimet,Pyyhkij\u00e4t,Pyyhkij\u00e4nsulka<\/p>\n","protected":false},"excerpt":{"rendered":"<p>HELLA Pyyhkij\u00e4nsulat 9XW 178 878-261 Tuulilasinpyyhkimet,Pyyhkij\u00e4t MAZDA,JEEP,NISSAN,5 CR19,CX-7 ER,CX-9 TB,CHEROKEE KL,ALMERA TINO V10<\/p>\n","protected":false},"featured_media":0,"template":"","meta":{"site-sidebar-layout":"default","site-content-layout":"default","ast-global-header-display":"","ast-main-header-display":"","ast-hfb-above-header-display":"","ast-hfb-below-header-display":"","ast-hfb-mobile-header-display":"","site-post-title":"","ast-breadcrumbs-content":"","ast-featured-img":"","footer-sml-layout":"","theme-transparent-header-meta":"","adv-header-id-meta":"","stick-header-meta":"","header-above-stick-meta":"","header-main-stick-meta":"","header-below-stick-meta":""},"pwb-brand":[24],"product_cat":[33],"product_tag":[],"class_list":{"0":"post-13641","1":"product","2":"type-product","3":"status-publish","5":"pwb-brand-hella","6":"product_cat-pyyhkijansulat","7":"desktop-align-left","8":"tablet-align-left","9":"mobile-align-left","11":"first","12":"instock","13":"product-type-external"},"brands":[{"id":24,"name":"HELLA","slug":"hella"}],"_links":{"self":[{"href":"https:\/\/www.autonvaraosahaku.fi\/index.php?rest_route=\/wp\/v2\/product\/13641","targetHints":{"allow":["GET"]}}],"collection":[{"href":"https:\/\/www.autonvaraosahaku.fi\/index.php?rest_route=\/wp\/v2\/product"}],"about":[{"href":"https:\/\/www.autonvaraosahaku.fi\/index.php?rest_route=\/wp\/v2\/types\/product"}],"wp:attachment":[{"href":"https:\/\/www.autonvaraosahaku.fi\/index.php?rest_route=%2Fwp%2Fv2%2Fmedia&parent=13641"}],"wp:term":[{"taxonomy":"pwb-brand","embeddable":true,"href":"https:\/\/www.autonvaraosahaku.fi\/index.php?rest_route=%2Fwp%2Fv2%2Fpwb-brand&post=13641"},{"taxonomy":"product_cat","embeddable":true,"href":"https:\/\/www.autonvaraosahaku.fi\/index.php?rest_route=%2Fwp%2Fv2%2Fproduct_cat&post=13641"},{"taxonomy":"product_tag","embeddable":true,"href":"https:\/\/www.autonvaraosahaku.fi\/index.php?rest_route=%2Fwp%2Fv2%2Fproduct_tag&post=13641"}],"curies":[{"name":"wp","href":"https:\/\/api.w.org\/{rel}","templated":true}]}}