{"id":13644,"date":"2021-02-21T14:18:27","date_gmt":"2021-02-21T14:18:27","guid":{"rendered":"https:\/\/www.autonvaraosahaku.fi\/?product=febi-bilstein-04572-kierretulppa"},"modified":"2021-02-21T14:18:28","modified_gmt":"2021-02-21T14:18:28","slug":"febi-bilstein-04572-kierretulppa","status":"publish","type":"product","link":"https:\/\/www.autonvaraosahaku.fi\/?product=febi-bilstein-04572-kierretulppa","title":{"rendered":"FEBI BILSTEIN 04572 Kierretulppa"},"content":{"rendered":"<p>Pituus (mm): 13; Ulkol\u00e4pimitta [mm]: 25,0; Ulkokierre [mm]: M14 x 1,5; Kierteen pituus (mm): 8; Avainv\u00e4li: TX 40; Ruuvikanta\/mutteriprofiili: Torx, sis\u00e4; Materiaali: Ter\u00e4s; Ruuvin pituus ilman p\u00e4\u00e4t\u00e4: 10; Paino [kg]: 0,022; Moottorinumero: D13A; BMW: 3 E46,3 Touring E46,3 Compact E46,3 Coupe E46,3 Cabriolet E46; CHEVROLET: ORLANDO J309,CRUZE J300,CRUZE Station Wagon J308,AVEO Schr\u00e4gheck T300,CRUZE Schr\u00e4gheck J305,TRAX,AVEO Stufenheck T250, T255,AVEO Stufenheck T300; SAAB: 9-3 YS3F,9-3 Kombi YS3F,9-5 YS3G; SUZUKI: SWIFT IV FZ, NZ; OPEL: CORSA D,CORSA C F08, F68,ZAFIRA B A05,ASTRA H Caravan L35,MERIVA,ZAFIRA A F75_,ASTRA G CC F48_, F08_,ASTRA H L48,ASTRA J Sports Tourer,ASTRA G Caravan F35_,CORSA B 73_, 78_, 79_,INSIGNIA Caravan,VECTRA C Caravan,ASTRA J,ASTRA H GTC L08,MERIVA B,SIGNUM,VECTRA C,AGILA A H00,ZAFIRA TOURER C P12,VECTRA B 36_,ASTRA F CC 53_, 54_, 58_, 59_,OMEGA B Caravan 21_, 22_, 23_,MOKKA,OMEGA B 25_, 26_, 27_,ADAM,VECTRA C GTS,TIGRA TwinTop,VECTRA B Caravan 31_,ASTRA H TwinTop L67,INSIGNIA,ASTRA G Cabriolet F67,ASTRA F Caravan 51_, 52_,INSIGNIA Stufenheck,FRONTERA B 6B_,ASTRA G Coupe F07_,COMBO Kasten\/Kombi,ASTRA G Stufenheck F69_,ZAFIRA B Van,ASTRA GTC J,VECTRA B CC 38_,COMBO Tour,AGILA B H08,CORSA CLASSIC Stufenheck,ASTRA F Cabriolet 53_B,ASTRA J Stufenheck,ASTRA F 56_, 57_,SINTRA,CORSA D Van,CASCADA W13,CORSA C Kasten F08, W5L,ASTRA H Stufenheck L69,ASTRA H Kasten L70,ASTRA G Kasten F70,CORSA E,ASTRA F Van 55_,CORSA E Van; FORD: KA RU8; FIAT: PANDA 312,PANDA VAN 312; CITRO\u00cbN: NEMO Kasten AA_,NEMO Kombi; VAUXHALL: CORSA Mk III D L_8,CALIBRA,INSIGNIA Mk I A,ZAFIRA Mk II B M75,ASTRA Mk V H CC,VECTRA Mk II C CC,ZAFIRA Mk I A F75,ADAM,INSIGNIA Mk I A Estate,CORSA Mk II C W5L, F08,ASTRA Mk V H Estate,ZAFIRA Mk III P12,VECTRA Mk II C Estate,ASTRA Mk V H Convertible,ASTRA Mk IV G CC,VECTRA Mk II C,ASTRA Mk VI J CC,INSIGNIA Mk I A Sedan,ASTRA Mk VI J,ASTRA Mk III F CC,FRONTERA Mk II B,CORSA Mk I B,MERIVA Mk I A,SIGNUM,CORSAVAN Mk II C,ASTRA Mk IV G Sedan,OMEGA B,CORSAVAN Mk III D,MERIVA Mk II B,TIGRA Convertible,AGILA Mk I A,VECTRA B CC,ASTRA Mk VI J Sedan,VECTRA B Estate,VECTRA B,ASTRA Mk III F Estate,ASTRA Mk VI J Estate,MOKKA,ASTRAVAN Mk V H,ASTRAVAN Mk IV G,ASTRA Mk IV G Coupe F67,OMEGA B Estate,CORSA Mk IV E,COMBO TOUR Mk II C F25,ASTRA Mk IV G Convertible,ASTRAVAN Mk III F,COMBO Mk II C Kasten\/Kombi F25,ASTRA Mk IV G Estate; 46823509, 46823517, 24111423591, 24117533937, 90502556, 96023264, 031142, 31142, 46823509, 46823517, 1722061, W303860, 46823509, 46823517, 00652315, 00652477, 0652315, 0652457, 0652477, 652315, 652457, 652477, 031142, 31142, 90502556, 96023264, 1659063P00, 1659086J00, 16590M86J30000, 012855449, 090502556, 093177277, 096023264, 12855449, 90502556, 93177277, 96023264; \u00d6ljytulppa,Kierretulppa, \u00d6ljypohja<\/p>\n","protected":false},"excerpt":{"rendered":"<p>FEBI BILSTEIN Kierretulppa 04572 \u00d6ljytulppa,Kierretulppa, \u00d6ljypohja BMW,CHEVROLET,SAAB,3 E46,3 Touring E46,3 Compact E46,3 Coupe E46,3 Cabriolet E46<\/p>\n","protected":false},"featured_media":0,"template":"","meta":{"site-sidebar-layout":"default","site-content-layout":"default","ast-global-header-display":"","ast-main-header-display":"","ast-hfb-above-header-display":"","ast-hfb-below-header-display":"","ast-hfb-mobile-header-display":"","site-post-title":"","ast-breadcrumbs-content":"","ast-featured-img":"","footer-sml-layout":"","theme-transparent-header-meta":"","adv-header-id-meta":"","stick-header-meta":"","header-above-stick-meta":"","header-main-stick-meta":"","header-below-stick-meta":""},"pwb-brand":[50],"product_cat":[40],"product_tag":[],"class_list":{"0":"post-13644","1":"product","2":"type-product","3":"status-publish","5":"pwb-brand-febi-bilstein","6":"product_cat-kierretulppa","7":"desktop-align-left","8":"tablet-align-left","9":"mobile-align-left","11":"first","12":"instock","13":"product-type-external"},"brands":[{"id":50,"name":"FEBI BILSTEIN","slug":"febi-bilstein"}],"_links":{"self":[{"href":"https:\/\/www.autonvaraosahaku.fi\/index.php?rest_route=\/wp\/v2\/product\/13644","targetHints":{"allow":["GET"]}}],"collection":[{"href":"https:\/\/www.autonvaraosahaku.fi\/index.php?rest_route=\/wp\/v2\/product"}],"about":[{"href":"https:\/\/www.autonvaraosahaku.fi\/index.php?rest_route=\/wp\/v2\/types\/product"}],"wp:attachment":[{"href":"https:\/\/www.autonvaraosahaku.fi\/index.php?rest_route=%2Fwp%2Fv2%2Fmedia&parent=13644"}],"wp:term":[{"taxonomy":"pwb-brand","embeddable":true,"href":"https:\/\/www.autonvaraosahaku.fi\/index.php?rest_route=%2Fwp%2Fv2%2Fpwb-brand&post=13644"},{"taxonomy":"product_cat","embeddable":true,"href":"https:\/\/www.autonvaraosahaku.fi\/index.php?rest_route=%2Fwp%2Fv2%2Fproduct_cat&post=13644"},{"taxonomy":"product_tag","embeddable":true,"href":"https:\/\/www.autonvaraosahaku.fi\/index.php?rest_route=%2Fwp%2Fv2%2Fproduct_tag&post=13644"}],"curies":[{"name":"wp","href":"https:\/\/api.w.org\/{rel}","templated":true}]}}