{"id":13647,"date":"2021-02-21T14:18:27","date_gmt":"2021-02-21T14:18:27","guid":{"rendered":"https:\/\/www.autonvaraosahaku.fi\/?product=ridex-854s0317-iskunvaimennin"},"modified":"2021-02-21T14:18:28","modified_gmt":"2021-02-21T14:18:28","slug":"ridex-854s0317-iskunvaimennin","status":"publish","type":"product","link":"https:\/\/www.autonvaraosahaku.fi\/?product=ridex-854s0317-iskunvaimennin","title":{"rendered":"RIDEX 854S0317 Iskunvaimennin"},"content":{"rendered":"<p>Asennuspuoli: Taka-akseli; Iskunvaimennin tyyppi: Kaasupaine; Iskunvaimennusj\u00e4rjestelm\u00e4: Kaksiputki; Iskunvaimennin asennustapa: Tappi ylh\u00e4\u00e4ll\u00e4, Silmukka alhaalla; Alustarakenne: f\u00fcr Fahrzeuge mit Standard Fahrwerk; CITRO\u00cbN: C4 II B7; PEUGEOT: 307 SW 3H,307 CC 3B,307 3A\/C,308 SW,307 Break 3E; 5206EZ, 5206ZH, 5206ZJ, 5206ZK, 5206ZQ, 00005206EJ, 00005206V0, 5206AA, 5206CQ, 5206CR, 5206EJ, 5206EW, 5206JE, 5206JX, 5206KA, 5206KC, 5206NL, 5206NN, 5206PY, 5206RR, 5206RS, 5206V0, 5206W2, 5206W3, 5206W4, 5206Y2, 5206YY, 5206Z9; Iskarit,Iskunvaimennin<\/p>\n","protected":false},"excerpt":{"rendered":"<p>RIDEX Iskunvaimentimet 854S0317 Iskarit,Iskunvaimennin CITRO\u00cbN,PEUGEOT,C4 II B7,307 SW 3H,307 CC 3B,307 3A\/C,308 SW,307 Break 3E<\/p>\n","protected":false},"featured_media":0,"template":"","meta":{"site-sidebar-layout":"default","site-content-layout":"default","ast-global-header-display":"","ast-main-header-display":"","ast-hfb-above-header-display":"","ast-hfb-below-header-display":"","ast-hfb-mobile-header-display":"","site-post-title":"","ast-breadcrumbs-content":"","ast-featured-img":"","footer-sml-layout":"","theme-transparent-header-meta":"","adv-header-id-meta":"","stick-header-meta":"","header-above-stick-meta":"","header-main-stick-meta":"","header-below-stick-meta":""},"pwb-brand":[157],"product_cat":[80],"product_tag":[],"class_list":{"0":"post-13647","1":"product","2":"type-product","3":"status-publish","5":"pwb-brand-ridex","6":"product_cat-iskunvaimennin","7":"desktop-align-left","8":"tablet-align-left","9":"mobile-align-left","11":"first","12":"instock","13":"product-type-external"},"brands":[{"id":157,"name":"RIDEX","slug":"ridex"}],"_links":{"self":[{"href":"https:\/\/www.autonvaraosahaku.fi\/index.php?rest_route=\/wp\/v2\/product\/13647","targetHints":{"allow":["GET"]}}],"collection":[{"href":"https:\/\/www.autonvaraosahaku.fi\/index.php?rest_route=\/wp\/v2\/product"}],"about":[{"href":"https:\/\/www.autonvaraosahaku.fi\/index.php?rest_route=\/wp\/v2\/types\/product"}],"wp:attachment":[{"href":"https:\/\/www.autonvaraosahaku.fi\/index.php?rest_route=%2Fwp%2Fv2%2Fmedia&parent=13647"}],"wp:term":[{"taxonomy":"pwb-brand","embeddable":true,"href":"https:\/\/www.autonvaraosahaku.fi\/index.php?rest_route=%2Fwp%2Fv2%2Fpwb-brand&post=13647"},{"taxonomy":"product_cat","embeddable":true,"href":"https:\/\/www.autonvaraosahaku.fi\/index.php?rest_route=%2Fwp%2Fv2%2Fproduct_cat&post=13647"},{"taxonomy":"product_tag","embeddable":true,"href":"https:\/\/www.autonvaraosahaku.fi\/index.php?rest_route=%2Fwp%2Fv2%2Fproduct_tag&post=13647"}],"curies":[{"name":"wp","href":"https:\/\/api.w.org\/{rel}","templated":true}]}}