{"id":13673,"date":"2021-02-21T14:18:31","date_gmt":"2021-02-21T14:18:31","guid":{"rendered":"https:\/\/www.autonvaraosahaku.fi\/?product=monroe-mk095-jousijalan-tukilaakeri"},"modified":"2021-02-21T14:18:33","modified_gmt":"2021-02-21T14:18:33","slug":"monroe-mk095-jousijalan-tukilaakeri","status":"publish","type":"product","link":"https:\/\/www.autonvaraosahaku.fi\/?product=monroe-mk095-jousijalan-tukilaakeri","title":{"rendered":"MONROE MK095 Jousijalan tukilaakeri"},"content":{"rendered":"<p>Paino [kg]: 0,600; Korvaava tuote\/korvaava tiedote 2: Vierint\u00e4laakerilla; Pakkauspituus [cm]: 13,2; Pakkausleveys [cm]: 11; Pakkauskorkeus [mm]: 10,7; Valmistusvuoteen: 12\/2012; LANCIA: YPSILON 843,MUSA 350,YPSILON 312, 846; FORD: KA RU8; FIAT: PUNTO 188,PANDA 169,500 312,500 C 312,PANDA Van 169,IDEA,PANDA 312,PUNTO Van 188AX; 5035C2, 0000046746546, 46746544, 46746546, 46746546INC02, 50702204, 50702206, 50706933, 51830518, 51876262, 51726SAA003, 51726SAA013, 46746546, 50702204, 50702206, 50706933, 5035C2, 486190D010, 486190D011, 486190H010; Iskarin Yl\u00e4p\u00e4\u00e4,Iskunvaimentimen Yl\u00e4p\u00e4\u00e4<\/p>\n","protected":false},"excerpt":{"rendered":"<p>MONROE Jousijalan Tukilaakeri MOUNTING KIT MK095 Iskarin Yl\u00e4p\u00e4\u00e4,Iskunvaimentimen Yl\u00e4p\u00e4\u00e4 LANCIA,FORD,FIAT,YPSILON 843,MUSA 350,YPSILON 312, 846,KA RU8<\/p>\n","protected":false},"featured_media":0,"template":"","meta":{"site-sidebar-layout":"default","site-content-layout":"default","ast-global-header-display":"","ast-main-header-display":"","ast-hfb-above-header-display":"","ast-hfb-below-header-display":"","ast-hfb-mobile-header-display":"","site-post-title":"","ast-breadcrumbs-content":"","ast-featured-img":"","footer-sml-layout":"","theme-transparent-header-meta":"","adv-header-id-meta":"","stick-header-meta":"","header-above-stick-meta":"","header-main-stick-meta":"","header-below-stick-meta":""},"pwb-brand":[79],"product_cat":[45],"product_tag":[],"class_list":{"0":"post-13673","1":"product","2":"type-product","3":"status-publish","5":"pwb-brand-monroe","6":"product_cat-jousijalan-tukilaakeri","7":"desktop-align-left","8":"tablet-align-left","9":"mobile-align-left","11":"first","12":"instock","13":"product-type-external"},"brands":[{"id":79,"name":"MONROE","slug":"monroe"}],"_links":{"self":[{"href":"https:\/\/www.autonvaraosahaku.fi\/index.php?rest_route=\/wp\/v2\/product\/13673","targetHints":{"allow":["GET"]}}],"collection":[{"href":"https:\/\/www.autonvaraosahaku.fi\/index.php?rest_route=\/wp\/v2\/product"}],"about":[{"href":"https:\/\/www.autonvaraosahaku.fi\/index.php?rest_route=\/wp\/v2\/types\/product"}],"wp:attachment":[{"href":"https:\/\/www.autonvaraosahaku.fi\/index.php?rest_route=%2Fwp%2Fv2%2Fmedia&parent=13673"}],"wp:term":[{"taxonomy":"pwb-brand","embeddable":true,"href":"https:\/\/www.autonvaraosahaku.fi\/index.php?rest_route=%2Fwp%2Fv2%2Fpwb-brand&post=13673"},{"taxonomy":"product_cat","embeddable":true,"href":"https:\/\/www.autonvaraosahaku.fi\/index.php?rest_route=%2Fwp%2Fv2%2Fproduct_cat&post=13673"},{"taxonomy":"product_tag","embeddable":true,"href":"https:\/\/www.autonvaraosahaku.fi\/index.php?rest_route=%2Fwp%2Fv2%2Fproduct_tag&post=13673"}],"curies":[{"name":"wp","href":"https:\/\/api.w.org\/{rel}","templated":true}]}}