{"id":13684,"date":"2021-02-21T14:18:35","date_gmt":"2021-02-21T14:18:35","guid":{"rendered":"https:\/\/www.autonvaraosahaku.fi\/?product=ridex-7o0052-oljynsuodatin"},"modified":"2021-02-21T14:18:36","modified_gmt":"2021-02-21T14:18:36","slug":"ridex-7o0052-oljynsuodatin","status":"publish","type":"product","link":"https:\/\/www.autonvaraosahaku.fi\/?product=ridex-7o0052-oljynsuodatin","title":{"rendered":"RIDEX 7O0052 \u00d6ljynsuodatin"},"content":{"rendered":"<p>Ulkol\u00e4pimitta [mm]: 93; Sis\u00e4l\u00e4pimitta 1 [mm]: 75; Sis\u00e4l\u00e4pimitta 2 [mm]: 88,6; Kierremitta: M 22 X 1.5; Korkeus (mm): 85,5; Avauspaine ohitusventtiili [bar]: 0,8; Korvaava tuote\/korvaava tiedote 2: yhdell\u00e4 peruutuksenestoventtiilill\u00e4; FORD: FOCUS Kombi DNW,FOCUS DAW, DBW,FIESTA IV JA_, JB_,FOCUS Stufenheck DFW,TRANSIT CONNECT P65_, P70_, P80_,TOURNEO CONNECT,TRANSIT  MK-5 Bus E_ _,TRANSIT Kasten T_ _,TRANSIT MK-5 Pritsche\/Fahrgestell E_ _,TRANSIT Bus V_ _,TRANSIT Bus T_ _,TRANSIT Bus MK-4 E_ _,TRANSIT MK-5 Kasten E_ _,TRANSIT MK-4 Pritsche\/Fahrgestell E_ _,FIESTA Kasten J5_, J3_,TRANSIT Kasten V_ _,TRANSIT Pritsche\/Fahrgestell V_ _,FIESTA Kasten JV_,TRANSIT MK-4 Kasten E_ _,TRANSIT Pritsche\/Fahrgestell T_ _,TRANSIT TOURNEO E_; LDV: CONVOY Kasten,CONVOY Pritsche\/Fahrgestell,CONVOY Bus; 1059924, 1136568, 1148703, 1207066, 1231233, 1322152, 1641187, 2M5Q6714AB, 2M5Q6714AC, 2U7J6714AA, 4M5Q6714BA, 5022955, 6119196, 6184942, 6203126, 844F6714A1A, 844F6714AC, 914F6714A, 914F6714AA, XS4Q6714AB<\/p>\n","protected":false},"excerpt":{"rendered":"<p>RIDEX \u00d6ljynsuodatin 7O0052  FORD,LDV,FOCUS Kombi DNW,FOCUS DAW, DBW,FIESTA IV JA_, JB_,FOCUS Stufenheck DFW,TRANSIT CONNECT P65_, P70_, P80_<\/p>\n","protected":false},"featured_media":0,"template":"","meta":{"site-sidebar-layout":"default","site-content-layout":"default","ast-global-header-display":"","ast-main-header-display":"","ast-hfb-above-header-display":"","ast-hfb-below-header-display":"","ast-hfb-mobile-header-display":"","site-post-title":"","ast-breadcrumbs-content":"","ast-featured-img":"","footer-sml-layout":"","theme-transparent-header-meta":"","adv-header-id-meta":"","stick-header-meta":"","header-above-stick-meta":"","header-main-stick-meta":"","header-below-stick-meta":""},"pwb-brand":[157],"product_cat":[30],"product_tag":[],"class_list":{"0":"post-13684","1":"product","2":"type-product","3":"status-publish","5":"pwb-brand-ridex","6":"product_cat-oljynsuodatin","7":"desktop-align-left","8":"tablet-align-left","9":"mobile-align-left","11":"first","12":"instock","13":"product-type-external"},"brands":[{"id":157,"name":"RIDEX","slug":"ridex"}],"_links":{"self":[{"href":"https:\/\/www.autonvaraosahaku.fi\/index.php?rest_route=\/wp\/v2\/product\/13684","targetHints":{"allow":["GET"]}}],"collection":[{"href":"https:\/\/www.autonvaraosahaku.fi\/index.php?rest_route=\/wp\/v2\/product"}],"about":[{"href":"https:\/\/www.autonvaraosahaku.fi\/index.php?rest_route=\/wp\/v2\/types\/product"}],"wp:attachment":[{"href":"https:\/\/www.autonvaraosahaku.fi\/index.php?rest_route=%2Fwp%2Fv2%2Fmedia&parent=13684"}],"wp:term":[{"taxonomy":"pwb-brand","embeddable":true,"href":"https:\/\/www.autonvaraosahaku.fi\/index.php?rest_route=%2Fwp%2Fv2%2Fpwb-brand&post=13684"},{"taxonomy":"product_cat","embeddable":true,"href":"https:\/\/www.autonvaraosahaku.fi\/index.php?rest_route=%2Fwp%2Fv2%2Fproduct_cat&post=13684"},{"taxonomy":"product_tag","embeddable":true,"href":"https:\/\/www.autonvaraosahaku.fi\/index.php?rest_route=%2Fwp%2Fv2%2Fproduct_tag&post=13684"}],"curies":[{"name":"wp","href":"https:\/\/api.w.org\/{rel}","templated":true}]}}