{"id":13700,"date":"2021-02-21T14:18:38","date_gmt":"2021-02-21T14:18:38","guid":{"rendered":"https:\/\/www.autonvaraosahaku.fi\/?product=ridex-82b0132-jarrulevyt"},"modified":"2021-02-21T14:18:39","modified_gmt":"2021-02-21T14:18:39","slug":"ridex-82b0132-jarrulevyt","status":"publish","type":"product","link":"https:\/\/www.autonvaraosahaku.fi\/?product=ridex-82b0132-jarrulevyt","title":{"rendered":"RIDEX 82B0132 Jarrulevyt"},"content":{"rendered":"<p>Asennuspuoli: Etuakseli; Ulkol\u00e4pimitta [mm]: 284; Korkeus (mm): 43,5; Jarrulevyn paksuus (mm): 22; V\u00e4himm\u00e4ispaksuus (mm): 20,2; keskitt\u00e4misl\u00e4pimitta [mm]: 59; Reik\u00e4ympyr\u00e4-\u00d8 [mm]: 98; Py\u00f6r\u00e4npulttireik\u00e4-\u00d8 [mm]: 13; Reikien m\u00e4\u00e4r\u00e4: 5; Jarrulevytyyppi: Tuuletettu; Tarvittava kappalem\u00e4\u00e4r\u00e4: 2; Sis\u00e4l\u00e4pimitta [mm]: 127; Valmistusvuoteen: 09\/1992; OPEL: COMBO Kasten\/Kombi X12,COMBO Tour X12; LANCIA: THEMA 834,THEMA SW 834; FIAT: DOBLO Kasten\/Kombi 263,QUBO 225,DOBLO Gro\u00dfraumlimousine 152, 263,DOBLO Pritsche\/Fahrgestell 263,CROMA 154,TIPO Schr\u00e4gheck 356_,TIPO Kombi 356_,TIPO Stufenheck 356_; ALFA ROMEO: 147 937,156 Sportwagon 932,156 932,GT 937,SPIDER 916S_,GTV 916C_,164 164; VAUXHALL: COMBO Mk III D Kasten\/Kombi; 164102202300, 46776742, 60551775, 60569163, 60569386, 60571548, 60578093, 60622077, 60653478, 60658565, 60699518, 60801722, 60813443, 60815938, 71711434, 71711447, 71739567, 71739568, 82410539, 46445006, 51990127, 51996236, 51996238, 52015291, 52063171, 52067394, 60551775, 60569163, 60569386, 60571548, 60578093, 60622077, 60653478, 60658565, 60699518, 60801722, 60815938, 71711434, 71711447, 71739567, 71739568, 82427592, 82450539, 46445006, 60551775, 60569163, 60569386, 60571548, 60578093, 60801722, 71711434, 71711447, 71739568, 82427592, 82450539, 0569086, 569086, 569095; Jarrulevy<\/p>\n","protected":false},"excerpt":{"rendered":"<p>RIDEX Jarrulevyt 82B0132 Jarrulevy OPEL,LANCIA,FIAT,COMBO Kasten\/Kombi X12,COMBO Tour X12,THEMA 834,THEMA SW 834,DOBLO Kasten\/Kombi 263,QUBO 225<\/p>\n","protected":false},"featured_media":0,"template":"","meta":{"site-sidebar-layout":"default","site-content-layout":"default","ast-global-header-display":"","ast-main-header-display":"","ast-hfb-above-header-display":"","ast-hfb-below-header-display":"","ast-hfb-mobile-header-display":"","site-post-title":"","ast-breadcrumbs-content":"","ast-featured-img":"","footer-sml-layout":"","theme-transparent-header-meta":"","adv-header-id-meta":"","stick-header-meta":"","header-above-stick-meta":"","header-main-stick-meta":"","header-below-stick-meta":""},"pwb-brand":[157],"product_cat":[66],"product_tag":[],"class_list":{"0":"post-13700","1":"product","2":"type-product","3":"status-publish","5":"pwb-brand-ridex","6":"product_cat-jarrulevyt","7":"desktop-align-left","8":"tablet-align-left","9":"mobile-align-left","11":"first","12":"instock","13":"product-type-external"},"brands":[{"id":157,"name":"RIDEX","slug":"ridex"}],"_links":{"self":[{"href":"https:\/\/www.autonvaraosahaku.fi\/index.php?rest_route=\/wp\/v2\/product\/13700","targetHints":{"allow":["GET"]}}],"collection":[{"href":"https:\/\/www.autonvaraosahaku.fi\/index.php?rest_route=\/wp\/v2\/product"}],"about":[{"href":"https:\/\/www.autonvaraosahaku.fi\/index.php?rest_route=\/wp\/v2\/types\/product"}],"wp:attachment":[{"href":"https:\/\/www.autonvaraosahaku.fi\/index.php?rest_route=%2Fwp%2Fv2%2Fmedia&parent=13700"}],"wp:term":[{"taxonomy":"pwb-brand","embeddable":true,"href":"https:\/\/www.autonvaraosahaku.fi\/index.php?rest_route=%2Fwp%2Fv2%2Fpwb-brand&post=13700"},{"taxonomy":"product_cat","embeddable":true,"href":"https:\/\/www.autonvaraosahaku.fi\/index.php?rest_route=%2Fwp%2Fv2%2Fproduct_cat&post=13700"},{"taxonomy":"product_tag","embeddable":true,"href":"https:\/\/www.autonvaraosahaku.fi\/index.php?rest_route=%2Fwp%2Fv2%2Fproduct_tag&post=13700"}],"curies":[{"name":"wp","href":"https:\/\/api.w.org\/{rel}","templated":true}]}}