{"id":13720,"date":"2021-02-21T14:18:42","date_gmt":"2021-02-21T14:18:42","guid":{"rendered":"https:\/\/www.autonvaraosahaku.fi\/?product=valeo-587002-polttoainesuodatin"},"modified":"2021-02-21T14:18:42","modified_gmt":"2021-02-21T14:18:42","slug":"valeo-587002-polttoainesuodatin","status":"publish","type":"product","link":"https:\/\/www.autonvaraosahaku.fi\/?product=valeo-587002-polttoainesuodatin","title":{"rendered":"VALEO 587002 Polttoainesuodatin"},"content":{"rendered":"<p>Ulkol\u00e4pimitta [mm]: 55; Kierre sis\u00e4\u00e4ntulo: 8; Kierre ulostulo: 8; Korkeus (mm): 138; Suodatintyyppi: Letkusuodatin; Paino [kg]: 0,1; Valmistusvuoteen: 07\/2012; NISSAN: NAVARA Pritsche\/Fahrgestell D40,PRIMASTAR Bus X83,PRIMASTAR Kasten X83,KUBISTAR Kasten X80; LEXUS: IS II GSE2_, ALE2_, USE2_,LS UVF4_, USF4_; OPEL: VIVARO Kasten F7,VIVARO Combi J7,VIVARO Pritsche\/Fahrgestell E7; DACIA: SANDERO,LOGAN MCV KS_,SANDERO II,LOGAN LS_,LOGAN EXPRESS FS_,LOGAN Pick-up US_,LOGAN II,SOLENZA; RENAULT: TWINGO I C06_,CLIO II BB0\/1\/2_, CB0\/1\/2_,CLIO III BR0\/1, CR0\/1,SC\u00c9NIC II JM0\/1_,KANGOO KC0\/1_,TWINGO II CN0_,MEGANE III Grandtour KZ0\/1,ESPACE IV JK0\/1_,MODUS \/ GRAND MODUS F\/JP0_,LAGUNA II Grandtour KG0\/1_,MEGANE II Kombi KM0\/1_,SC\u00c9NIC I JA0\/1_,MEGANE II Coup\u00e9-Cabriolet EM0\/1_,SC\u00c9NIC III JZ0\/1_,ESPACE III JE0_,LAGUNA III Grandtour KT0\/1,MEGANE Scenic JA0\/1_,MEGANE III Schr\u00e4gheck BZ0_,LAGUNA II BG0\/1_,MEGANE II BM0\/1_, CM0\/1_,TRAFIC II Bus JL,GRAND SC\u00c9NIC III JZ0\/1_,MEGANE I BA0\/1_,TRAFIC II Kasten FL,MEGANE III Coupe DZ0\/1_,KANGOO \/ GRAND KANGOO KW0\/1_,KANGOO Express FC0\/1_,CLIO Grandtour KR0\/1_,GRAND SC\u00c9NIC II JM0\/1_,MEGANE I Grandtour KA0\/1_,MEGANE I Cabriolet EA0\/1_,LAGUNA I B56_, 556_,CLIO I B\/C57_, 5\/357_,LAGUNA I Grandtour K56_,LAGUNA III BT0\/1,KANGOO Express FW0\/1_,MEGANE II Stufenheck LM0\/1_,TWINGO I Kasten S06_,MEGANE I Classic LA0\/1_,MEGANE I Coach DA0\/1_,KANGOO BE BOP KW0\/1_,MEGANE CC EZ0\/1_,VEL SATIS BJ0_,CLIO II Kasten SB0\/1\/2_,LAGUNA Coupe DT0\/; VAUXHALL: VIVARO Kasten F7,VIVARO Combi J7; 6001546326, 7700845961, 7701068107, 1640000QAA, 4408101, 6001546326, 7700845961, 7700845973, 7701068107, 91159804<\/p>\n","protected":false},"excerpt":{"rendered":"<p>VALEO Polttoainesuodatin 587002  NISSAN,LEXUS,OPEL,NAVARA Pritsche\/Fahrgestell D40,PRIMASTAR Bus X83,PRIMASTAR Kasten X83,KUBISTAR Kasten X80<\/p>\n","protected":false},"featured_media":0,"template":"","meta":{"site-sidebar-layout":"default","site-content-layout":"default","ast-global-header-display":"","ast-main-header-display":"","ast-hfb-above-header-display":"","ast-hfb-below-header-display":"","ast-hfb-mobile-header-display":"","site-post-title":"","ast-breadcrumbs-content":"","ast-featured-img":"","footer-sml-layout":"","theme-transparent-header-meta":"","adv-header-id-meta":"","stick-header-meta":"","header-above-stick-meta":"","header-main-stick-meta":"","header-below-stick-meta":""},"pwb-brand":[28],"product_cat":[29],"product_tag":[],"class_list":{"0":"post-13720","1":"product","2":"type-product","3":"status-publish","5":"pwb-brand-valeo","6":"product_cat-polttoainesuodatin","7":"desktop-align-left","8":"tablet-align-left","9":"mobile-align-left","11":"first","12":"instock","13":"product-type-external"},"brands":[{"id":28,"name":"VALEO","slug":"valeo"}],"_links":{"self":[{"href":"https:\/\/www.autonvaraosahaku.fi\/index.php?rest_route=\/wp\/v2\/product\/13720","targetHints":{"allow":["GET"]}}],"collection":[{"href":"https:\/\/www.autonvaraosahaku.fi\/index.php?rest_route=\/wp\/v2\/product"}],"about":[{"href":"https:\/\/www.autonvaraosahaku.fi\/index.php?rest_route=\/wp\/v2\/types\/product"}],"wp:attachment":[{"href":"https:\/\/www.autonvaraosahaku.fi\/index.php?rest_route=%2Fwp%2Fv2%2Fmedia&parent=13720"}],"wp:term":[{"taxonomy":"pwb-brand","embeddable":true,"href":"https:\/\/www.autonvaraosahaku.fi\/index.php?rest_route=%2Fwp%2Fv2%2Fpwb-brand&post=13720"},{"taxonomy":"product_cat","embeddable":true,"href":"https:\/\/www.autonvaraosahaku.fi\/index.php?rest_route=%2Fwp%2Fv2%2Fproduct_cat&post=13720"},{"taxonomy":"product_tag","embeddable":true,"href":"https:\/\/www.autonvaraosahaku.fi\/index.php?rest_route=%2Fwp%2Fv2%2Fproduct_tag&post=13720"}],"curies":[{"name":"wp","href":"https:\/\/api.w.org\/{rel}","templated":true}]}}