{"id":13721,"date":"2021-02-21T14:18:42","date_gmt":"2021-02-21T14:18:42","guid":{"rendered":"https:\/\/www.autonvaraosahaku.fi\/?product=ridex-298w0079-pyyhkijansulat"},"modified":"2021-02-21T14:18:43","modified_gmt":"2021-02-21T14:18:43","slug":"ridex-298w0079-pyyhkijansulat","status":"publish","type":"product","link":"https:\/\/www.autonvaraosahaku.fi\/?product=ridex-298w0079-pyyhkijansulat","title":{"rendered":"RIDEX 298W0079 Pyyhkij\u00e4nsulat"},"content":{"rendered":"<p>Asennuspuoli: Edess\u00e4, vorne; Pituus 1 (mm): 650; Pituus 2 (mm): 425; Pyyhkij\u00e4nsulkatyyppi: Flatblade-pyyhinsulka (rungoton), Rungottomat; M\u00e4\u00e4r\u00e4yksikk\u00f6: Sarja; Vasen \/ oikea liikenne: Ohjaus vasemmalla; FORD: FOCUS II Kombi DA_,FOCUS II DA_,FOCUS DAW, DBW,FOCUS II Stufenheck DA_,FOCUS II Cabriolet; PEUGEOT: 207 WA_, WC_,207 CC WD_,207 SW WK_,207 Stufenheck,207 Van; 1465888, 1537077, 1537078, 1738870, 642374, 642375, 6423A4, 6426YV, 6426YW, 6426YX, 6426YY; Tuulilasinpyyhkimet,Pyyhkij\u00e4t,Pyyhkij\u00e4nsulka<\/p>\n","protected":false},"excerpt":{"rendered":"<p>RIDEX Pyyhkij\u00e4nsulat 298W0079 Tuulilasinpyyhkimet,Pyyhkij\u00e4t FORD,PEUGEOT,FOCUS II Kombi DA_,FOCUS II DA_,FOCUS DAW, DBW,FOCUS II Stufenheck DA_<\/p>\n","protected":false},"featured_media":0,"template":"","meta":{"site-sidebar-layout":"default","site-content-layout":"default","ast-global-header-display":"","ast-main-header-display":"","ast-hfb-above-header-display":"","ast-hfb-below-header-display":"","ast-hfb-mobile-header-display":"","site-post-title":"","ast-breadcrumbs-content":"","ast-featured-img":"","footer-sml-layout":"","theme-transparent-header-meta":"","adv-header-id-meta":"","stick-header-meta":"","header-above-stick-meta":"","header-main-stick-meta":"","header-below-stick-meta":""},"pwb-brand":[157],"product_cat":[33],"product_tag":[],"class_list":{"0":"post-13721","1":"product","2":"type-product","3":"status-publish","5":"pwb-brand-ridex","6":"product_cat-pyyhkijansulat","7":"desktop-align-left","8":"tablet-align-left","9":"mobile-align-left","11":"first","12":"instock","13":"product-type-external"},"brands":[{"id":157,"name":"RIDEX","slug":"ridex"}],"_links":{"self":[{"href":"https:\/\/www.autonvaraosahaku.fi\/index.php?rest_route=\/wp\/v2\/product\/13721","targetHints":{"allow":["GET"]}}],"collection":[{"href":"https:\/\/www.autonvaraosahaku.fi\/index.php?rest_route=\/wp\/v2\/product"}],"about":[{"href":"https:\/\/www.autonvaraosahaku.fi\/index.php?rest_route=\/wp\/v2\/types\/product"}],"wp:attachment":[{"href":"https:\/\/www.autonvaraosahaku.fi\/index.php?rest_route=%2Fwp%2Fv2%2Fmedia&parent=13721"}],"wp:term":[{"taxonomy":"pwb-brand","embeddable":true,"href":"https:\/\/www.autonvaraosahaku.fi\/index.php?rest_route=%2Fwp%2Fv2%2Fpwb-brand&post=13721"},{"taxonomy":"product_cat","embeddable":true,"href":"https:\/\/www.autonvaraosahaku.fi\/index.php?rest_route=%2Fwp%2Fv2%2Fproduct_cat&post=13721"},{"taxonomy":"product_tag","embeddable":true,"href":"https:\/\/www.autonvaraosahaku.fi\/index.php?rest_route=%2Fwp%2Fv2%2Fproduct_tag&post=13721"}],"curies":[{"name":"wp","href":"https:\/\/api.w.org\/{rel}","templated":true}]}}