{"id":13723,"date":"2021-02-21T14:18:42","date_gmt":"2021-02-21T14:18:42","guid":{"rendered":"https:\/\/www.autonvaraosahaku.fi\/?product=ridex-7o0054-oljynsuodatin"},"modified":"2021-02-21T14:18:43","modified_gmt":"2021-02-21T14:18:43","slug":"ridex-7o0054-oljynsuodatin","status":"publish","type":"product","link":"https:\/\/www.autonvaraosahaku.fi\/?product=ridex-7o0054-oljynsuodatin","title":{"rendered":"RIDEX 7O0054 \u00d6ljynsuodatin"},"content":{"rendered":"<p>Ulkol\u00e4pimitta [mm]: 63,5; Sis\u00e4l\u00e4pimitta 1 [mm]: 31; Sis\u00e4l\u00e4pimitta 2 [mm]: 31; Korkeus (mm): 155; Suodatintyyppi: Suodatinpanos; Lis\u00e4tarvike\/lis\u00e4tieto: Tiivisteill\u00e4; Paino [kg]: 0,09; Moottorinumero: N47D20C; LANCIA: THESIS 841AX; BMW: 3 E46,3 Touring E91,3 E90,5 E60,1 E87,5 Touring E61,3 Touring E46,X3 E83,3 Compact E46,3 Coupe E46,1 E81,3 Cabriolet E46,7 E65, E66, E67,1 Cabriolet E88,1 Coupe E82; ALFA ROMEO: 159 Sportwagon 939,159 939,BRERA,SPIDER 939; FIAT: CROMA 194; PORSCHE: PANAMERA; ALPINA: D3 E90,D3 Kombi E91; 0071740470, 71740470, 11427787697, 0071740470, 55198675, 71740470<\/p>\n","protected":false},"excerpt":{"rendered":"<p>RIDEX \u00d6ljynsuodatin 7O0054  LANCIA,BMW,ALFA ROMEO,THESIS 841AX,3 E46,3 Touring E91,3 E90,5 E60,1 E87,5 Touring E61,3 Touring E46,X3 E83,3 Compact E46<\/p>\n","protected":false},"featured_media":0,"template":"","meta":{"site-sidebar-layout":"default","site-content-layout":"default","ast-global-header-display":"","ast-main-header-display":"","ast-hfb-above-header-display":"","ast-hfb-below-header-display":"","ast-hfb-mobile-header-display":"","site-post-title":"","ast-breadcrumbs-content":"","ast-featured-img":"","footer-sml-layout":"","theme-transparent-header-meta":"","adv-header-id-meta":"","stick-header-meta":"","header-above-stick-meta":"","header-main-stick-meta":"","header-below-stick-meta":""},"pwb-brand":[157],"product_cat":[30],"product_tag":[],"class_list":{"0":"post-13723","1":"product","2":"type-product","3":"status-publish","5":"pwb-brand-ridex","6":"product_cat-oljynsuodatin","7":"desktop-align-left","8":"tablet-align-left","9":"mobile-align-left","11":"first","12":"instock","13":"product-type-external"},"brands":[{"id":157,"name":"RIDEX","slug":"ridex"}],"_links":{"self":[{"href":"https:\/\/www.autonvaraosahaku.fi\/index.php?rest_route=\/wp\/v2\/product\/13723","targetHints":{"allow":["GET"]}}],"collection":[{"href":"https:\/\/www.autonvaraosahaku.fi\/index.php?rest_route=\/wp\/v2\/product"}],"about":[{"href":"https:\/\/www.autonvaraosahaku.fi\/index.php?rest_route=\/wp\/v2\/types\/product"}],"wp:attachment":[{"href":"https:\/\/www.autonvaraosahaku.fi\/index.php?rest_route=%2Fwp%2Fv2%2Fmedia&parent=13723"}],"wp:term":[{"taxonomy":"pwb-brand","embeddable":true,"href":"https:\/\/www.autonvaraosahaku.fi\/index.php?rest_route=%2Fwp%2Fv2%2Fpwb-brand&post=13723"},{"taxonomy":"product_cat","embeddable":true,"href":"https:\/\/www.autonvaraosahaku.fi\/index.php?rest_route=%2Fwp%2Fv2%2Fproduct_cat&post=13723"},{"taxonomy":"product_tag","embeddable":true,"href":"https:\/\/www.autonvaraosahaku.fi\/index.php?rest_route=%2Fwp%2Fv2%2Fproduct_tag&post=13723"}],"curies":[{"name":"wp","href":"https:\/\/api.w.org\/{rel}","templated":true}]}}