{"id":13737,"date":"2021-02-21T14:18:42","date_gmt":"2021-02-21T14:18:42","guid":{"rendered":"https:\/\/www.autonvaraosahaku.fi\/?product=triscan-8540-10403-abs-keha"},"modified":"2021-02-21T14:18:44","modified_gmt":"2021-02-21T14:18:44","slug":"triscan-8540-10403-abs-keha","status":"publish","type":"product","link":"https:\/\/www.autonvaraosahaku.fi\/?product=triscan-8540-10403-abs-keha","title":{"rendered":"TRISCAN 8540 10403 ABS keh\u00e4"},"content":{"rendered":"<p>Sis\u00e4l\u00e4pimitta [mm]: 79; Leveys (mm): 13,1; Hammasluku, ABS-keh\u00e4: 48; Ulkol\u00e4pimitta [mm]: 83; Asennuspuoli: Vorderachse; VW: SHARAN 7M8, 7M9, 7M6; BMW: 3 E46,3 Touring E91,3 E90,1 E87,3 Touring E46,X3 E83,3 Compact E46,3 Coupe E46,1 E81,3 Compact E36,3 E36,3 Coupe E92,3 Cabriolet E46,3 Coupe E36,Z3 E36,Z4 E85,5 E34,3 Cabriolet E93,3 Cabriolet E36,3 Touring E36,1 Cabriolet E88,1 Coupe E82,7 E32,8 E31,5 Touring E34,Z3 Coupe E36,Z4 Coupe E86,6 Cabriolet E64; SEAT: ALHAMBRA 7V8, 7V9; FORD: GALAXY WGR; ABS Hammaskeh\u00e4,ABS Rengas,Anturirengas, ABS<\/p>\n","protected":false},"excerpt":{"rendered":"<p>TRISCAN ABS Keh\u00e4 8540 10403 ABS Hammaskeh\u00e4,ABS Rengas VW,BMW,SEAT,SHARAN 7M8, 7M9, 7M6,3 E46,3 Touring E91,3 E90,1 E87,3 Touring E46,X3 E83<\/p>\n","protected":false},"featured_media":0,"template":"","meta":{"site-sidebar-layout":"default","site-content-layout":"default","ast-global-header-display":"","ast-main-header-display":"","ast-hfb-above-header-display":"","ast-hfb-below-header-display":"","ast-hfb-mobile-header-display":"","site-post-title":"","ast-breadcrumbs-content":"","ast-featured-img":"","footer-sml-layout":"","theme-transparent-header-meta":"","adv-header-id-meta":"","stick-header-meta":"","header-above-stick-meta":"","header-main-stick-meta":"","header-below-stick-meta":""},"pwb-brand":[337],"product_cat":[273],"product_tag":[],"class_list":{"0":"post-13737","1":"product","2":"type-product","3":"status-publish","5":"pwb-brand-triscan","6":"product_cat-abs-keha","7":"desktop-align-left","8":"tablet-align-left","9":"mobile-align-left","11":"first","12":"instock","13":"product-type-external"},"brands":[{"id":337,"name":"TRISCAN","slug":"triscan"}],"_links":{"self":[{"href":"https:\/\/www.autonvaraosahaku.fi\/index.php?rest_route=\/wp\/v2\/product\/13737","targetHints":{"allow":["GET"]}}],"collection":[{"href":"https:\/\/www.autonvaraosahaku.fi\/index.php?rest_route=\/wp\/v2\/product"}],"about":[{"href":"https:\/\/www.autonvaraosahaku.fi\/index.php?rest_route=\/wp\/v2\/types\/product"}],"wp:attachment":[{"href":"https:\/\/www.autonvaraosahaku.fi\/index.php?rest_route=%2Fwp%2Fv2%2Fmedia&parent=13737"}],"wp:term":[{"taxonomy":"pwb-brand","embeddable":true,"href":"https:\/\/www.autonvaraosahaku.fi\/index.php?rest_route=%2Fwp%2Fv2%2Fpwb-brand&post=13737"},{"taxonomy":"product_cat","embeddable":true,"href":"https:\/\/www.autonvaraosahaku.fi\/index.php?rest_route=%2Fwp%2Fv2%2Fproduct_cat&post=13737"},{"taxonomy":"product_tag","embeddable":true,"href":"https:\/\/www.autonvaraosahaku.fi\/index.php?rest_route=%2Fwp%2Fv2%2Fproduct_tag&post=13737"}],"curies":[{"name":"wp","href":"https:\/\/api.w.org\/{rel}","templated":true}]}}