{"id":13745,"date":"2021-02-21T14:18:46","date_gmt":"2021-02-21T14:18:46","guid":{"rendered":"https:\/\/www.autonvaraosahaku.fi\/?product=febi-bilstein-26581-muut-luokat"},"modified":"2021-02-21T14:18:47","modified_gmt":"2021-02-21T14:18:47","slug":"febi-bilstein-26581-muut-luokat","status":"publish","type":"product","link":"https:\/\/www.autonvaraosahaku.fi\/?product=febi-bilstein-26581-muut-luokat","title":{"rendered":"FEBI BILSTEIN 26581 Muut luokat"},"content":{"rendered":"<p>V\u00e4ri: Vihre\u00e4; Tilavuus (litra): 5; Erittely: Renault Typ D, Glaceol RX type D; Paino [kg]: 5,9; Huomioi huolto-ohjeet: , ; NISSAN: PRIMASTAR Bus X83,PRIMASTAR Kasten X83,INTERSTAR Kasten X70,NV400 Kasten,KUBISTAR Kasten X80,INTERSTAR Bus X70,NV400 Bus,INTERSTAR Pritsche\/Fahrgestell,NV400 Pritsche\/Fahrgestell; HYUNDAI: GETZ TB,MATRIX FC; DACIA: DUSTER,SANDERO,LOGAN MCV KS_,SANDERO II,LODGY,LOGAN MCV II,DOKKER,LOGAN LS_,DOKKER Express,LOGAN EXPRESS FS_,LOGAN Pick-up US_,LOGAN II; RENAULT: TWINGO I C06_,CLIO II BB0\/1\/2_, CB0\/1\/2_,CLIO III BR0\/1, CR0\/1,SC\u00c9NIC II JM0\/1_,KANGOO KC0\/1_,TWINGO II CN0_,MEGANE III Grandtour KZ0\/1,ESPACE IV JK0\/1_,MODUS \/ GRAND MODUS F\/JP0_,LAGUNA II Grandtour KG0\/1_,MEGANE II Kombi KM0\/1_,SC\u00c9NIC I JA0\/1_,MEGANE II Coup\u00e9-Cabriolet EM0\/1_,SC\u00c9NIC III JZ0\/1_,ESPACE III JE0_,LAGUNA III Grandtour KT0\/1,MEGANE Scenic JA0\/1_,CLIO IV,MEGANE III Schr\u00e4gheck BZ0_,LAGUNA II BG0\/1_,MEGANE II BM0\/1_, CM0\/1_,TRAFIC II Bus JL,GRAND SC\u00c9NIC III JZ0\/1_,MEGANE I BA0\/1_,MASTER II Kasten FD,TRAFIC II Kasten FL,MEGANE III Coupe DZ0\/1_,KANGOO \/ GRAND KANGOO KW0\/1_,KOLEOS HY_,KANGOO Express FC0\/1_,CLIO Grandtour KR0\/1_,GRAND SC\u00c9NIC II JM0\/1_,MEGANE I Grandtour KA0\/1_,MEGANE I Cabriolet EA0\/1_,LAGUNA I B56_, 556_,CLIO I B\/C57_, 5\/357_,CAPTUR,LAGUNA I Grandtour K56_,LAGUNA III BT0\/1,MASTER III Kasten FV,KANGOO Express FW0\/1_,MEGANE II Stufenheck LM0\/1_,TWINGO I Kasten S06_,CLIO Grandtour IV,MEGANE I Classic LA0\/1_,MASTER II Pritsche\/Fahrgestell; 7700001144, 7711001142, 7711171589, 7711171589S1, 7711171589S2, 7711428133, 7711428133S1, 7711428133S2, 7700001144, 7711001142, 7711170546, 7711171589, 7711171589S1, 7711171589S2, 7711428133, 7711428133S1, 7711428133S2; J\u00e4\u00e4hdytysneste,Pakkasneste,J\u00e4\u00e4tymissuoja<\/p>\n","protected":false},"excerpt":{"rendered":"<p>FEBI BILSTEIN J\u00e4\u00e4hdytinneste 26581 J\u00e4\u00e4hdytysneste,Pakkasneste NISSAN,HYUNDAI,DACIA,PRIMASTAR Bus X83,PRIMASTAR Kasten X83,INTERSTAR Kasten X70<\/p>\n","protected":false},"featured_media":0,"template":"","meta":{"site-sidebar-layout":"default","site-content-layout":"default","ast-global-header-display":"","ast-main-header-display":"","ast-hfb-above-header-display":"","ast-hfb-below-header-display":"","ast-hfb-mobile-header-display":"","site-post-title":"","ast-breadcrumbs-content":"","ast-featured-img":"","footer-sml-layout":"","theme-transparent-header-meta":"","adv-header-id-meta":"","stick-header-meta":"","header-above-stick-meta":"","header-main-stick-meta":"","header-below-stick-meta":""},"pwb-brand":[50],"product_cat":[37],"product_tag":[],"class_list":{"0":"post-13745","1":"product","2":"type-product","3":"status-publish","5":"pwb-brand-febi-bilstein","6":"product_cat-muut-luokat","7":"desktop-align-left","8":"tablet-align-left","9":"mobile-align-left","11":"first","12":"instock","13":"product-type-external"},"brands":[{"id":50,"name":"FEBI BILSTEIN","slug":"febi-bilstein"}],"_links":{"self":[{"href":"https:\/\/www.autonvaraosahaku.fi\/index.php?rest_route=\/wp\/v2\/product\/13745","targetHints":{"allow":["GET"]}}],"collection":[{"href":"https:\/\/www.autonvaraosahaku.fi\/index.php?rest_route=\/wp\/v2\/product"}],"about":[{"href":"https:\/\/www.autonvaraosahaku.fi\/index.php?rest_route=\/wp\/v2\/types\/product"}],"wp:attachment":[{"href":"https:\/\/www.autonvaraosahaku.fi\/index.php?rest_route=%2Fwp%2Fv2%2Fmedia&parent=13745"}],"wp:term":[{"taxonomy":"pwb-brand","embeddable":true,"href":"https:\/\/www.autonvaraosahaku.fi\/index.php?rest_route=%2Fwp%2Fv2%2Fpwb-brand&post=13745"},{"taxonomy":"product_cat","embeddable":true,"href":"https:\/\/www.autonvaraosahaku.fi\/index.php?rest_route=%2Fwp%2Fv2%2Fproduct_cat&post=13745"},{"taxonomy":"product_tag","embeddable":true,"href":"https:\/\/www.autonvaraosahaku.fi\/index.php?rest_route=%2Fwp%2Fv2%2Fproduct_tag&post=13745"}],"curies":[{"name":"wp","href":"https:\/\/api.w.org\/{rel}","templated":true}]}}