{"id":13746,"date":"2021-02-21T14:18:46","date_gmt":"2021-02-21T14:18:46","guid":{"rendered":"https:\/\/www.autonvaraosahaku.fi\/?product=purflux-cs762-polttoainesuodatin"},"modified":"2021-02-21T14:18:47","modified_gmt":"2021-02-21T14:18:47","slug":"purflux-cs762-polttoainesuodatin","status":"publish","type":"product","link":"https:\/\/www.autonvaraosahaku.fi\/?product=purflux-cs762-polttoainesuodatin","title":{"rendered":"PURFLUX CS762 Polttoainesuodatin"},"content":{"rendered":"<p>Ulkol\u00e4pimitta [mm]: 92; Sis\u00e4l\u00e4pimitta [mm]: 21; Korkeus (mm): 126; Moottorinumero: DV4C; FIAT: SCUDO 270_,SCUDO Kasten 270_; PEUGEOT: 207 WA_, WC_,207 CC WD_,207 SW WK_,308 SW,208,206+ T3E,308 4A_, 4C_,5008,508 SW,3008,PARTNER Tepee,308 CC,2008,508,EXPERT Tepee VF3V_,EXPERT Kasten VF3A_, VF3U_, VF3X_,PARTNER Kasten,308 II,4008,301,308 SW II,207 Van,EXPERT Pritsche\/Fahrgestell,408,208 Kasten; TOYOTA: PROACE Kasten\/Kombi; CITRO\u00cbN: BERLINGO B9,C5 III Break TD_,C4 Picasso I UD_,C4 Grand Picasso I UA_,DS3,C3 Picasso,C5 III RD_,C3 II,C4 II B7,JUMPY,BERLINGO Kasten B9,JUMPY Kasten,C4 Grand Picasso II,C4 Picasso II,DS4,DS5,C4 AIRCROSS,DS3 Cabriolet,BERLINGO Pritsche\/Fahrgestell B9,C-ELYSEE,C4 CACTUS,C3 III SX,C3 AIRCROSS II,C4 Stufenheck N,JUMPY Pritsche\/Fahrgestell; MITSUBISHI: ASX GA_W_; DS: DS5; 9672320980, 9809721080, MN982655, 190197, 190446, 1906E6, 9672314980, 9672320980, 9809721080, SU001A0684, SU001A2898<\/p>\n","protected":false},"excerpt":{"rendered":"<p>PURFLUX Polttoainesuodatin CS762  FIAT,PEUGEOT,TOYOTA,SCUDO 270_,SCUDO Kasten 270_,207 WA_, WC_,207 CC WD_,207 SW WK_,308 SW,208,206+ T3E,308 4A_, 4C_<\/p>\n","protected":false},"featured_media":0,"template":"","meta":{"site-sidebar-layout":"default","site-content-layout":"default","ast-global-header-display":"","ast-main-header-display":"","ast-hfb-above-header-display":"","ast-hfb-below-header-display":"","ast-hfb-mobile-header-display":"","site-post-title":"","ast-breadcrumbs-content":"","ast-featured-img":"","footer-sml-layout":"","theme-transparent-header-meta":"","adv-header-id-meta":"","stick-header-meta":"","header-above-stick-meta":"","header-main-stick-meta":"","header-below-stick-meta":""},"pwb-brand":[303],"product_cat":[29],"product_tag":[],"class_list":{"0":"post-13746","1":"product","2":"type-product","3":"status-publish","5":"pwb-brand-purflux","6":"product_cat-polttoainesuodatin","7":"desktop-align-left","8":"tablet-align-left","9":"mobile-align-left","11":"first","12":"instock","13":"product-type-external"},"brands":[{"id":303,"name":"PURFLUX","slug":"purflux"}],"_links":{"self":[{"href":"https:\/\/www.autonvaraosahaku.fi\/index.php?rest_route=\/wp\/v2\/product\/13746","targetHints":{"allow":["GET"]}}],"collection":[{"href":"https:\/\/www.autonvaraosahaku.fi\/index.php?rest_route=\/wp\/v2\/product"}],"about":[{"href":"https:\/\/www.autonvaraosahaku.fi\/index.php?rest_route=\/wp\/v2\/types\/product"}],"wp:attachment":[{"href":"https:\/\/www.autonvaraosahaku.fi\/index.php?rest_route=%2Fwp%2Fv2%2Fmedia&parent=13746"}],"wp:term":[{"taxonomy":"pwb-brand","embeddable":true,"href":"https:\/\/www.autonvaraosahaku.fi\/index.php?rest_route=%2Fwp%2Fv2%2Fpwb-brand&post=13746"},{"taxonomy":"product_cat","embeddable":true,"href":"https:\/\/www.autonvaraosahaku.fi\/index.php?rest_route=%2Fwp%2Fv2%2Fproduct_cat&post=13746"},{"taxonomy":"product_tag","embeddable":true,"href":"https:\/\/www.autonvaraosahaku.fi\/index.php?rest_route=%2Fwp%2Fv2%2Fproduct_tag&post=13746"}],"curies":[{"name":"wp","href":"https:\/\/api.w.org\/{rel}","templated":true}]}}