{"id":13754,"date":"2021-02-21T14:18:46","date_gmt":"2021-02-21T14:18:46","guid":{"rendered":"https:\/\/www.autonvaraosahaku.fi\/?product=ridex-654w0121-pyoranlaakerit"},"modified":"2021-02-21T14:18:48","modified_gmt":"2021-02-21T14:18:48","slug":"ridex-654w0121-pyoranlaakerit","status":"publish","type":"product","link":"https:\/\/www.autonvaraosahaku.fi\/?product=ridex-654w0121-pyoranlaakerit","title":{"rendered":"RIDEX 654W0121 Py\u00f6r\u00e4nlaakerit"},"content":{"rendered":"<p>Vanne, aukkoja: 5; Asennuspuoli: Etuakseli, Vasen, Oikea, Vorderachse; Ulkol\u00e4pimitta [mm]: 131; Sis\u00e4l\u00e4pimitta [mm]: 28; Korkeus (mm): 82; Korvaava tuote\/korvaava tiedote 2: integroidulla ABS-sensorilla; VOLVO: V50 MW,C30,S40 II MS,C70 II Cabriolet; FORD: FOCUS II Kombi DA_,FOCUS II DA_,FOCUS C-MAX,C-MAX DM2,FOCUS II Stufenheck DA_,FOCUS II Cabriolet; 1223640, 1230907, 1232245, 1254308, 1308716, 1326487, 1336139, 1471854, 3M512C299CG, 3M512C300, 3M512C300CA, 3M512C300CF, 3M512C300CG, 3M512C300CH, 30714730, 30736653, 30776055, 31212698, 31262950, 31340604, 981771, 985354; Py\u00f6r\u00e4nlaakerisarja<\/p>\n","protected":false},"excerpt":{"rendered":"<p>RIDEX Py\u00f6r\u00e4nlaakerit 654W0121 Py\u00f6r\u00e4nlaakerisarja VOLVO,FORD,V50 MW,C30,S40 II MS,C70 II Cabriolet,FOCUS II Kombi DA_,FOCUS II DA_,FOCUS C-MAX<\/p>\n","protected":false},"featured_media":0,"template":"","meta":{"site-sidebar-layout":"default","site-content-layout":"default","ast-global-header-display":"","ast-main-header-display":"","ast-hfb-above-header-display":"","ast-hfb-below-header-display":"","ast-hfb-mobile-header-display":"","site-post-title":"","ast-breadcrumbs-content":"","ast-featured-img":"","footer-sml-layout":"","theme-transparent-header-meta":"","adv-header-id-meta":"","stick-header-meta":"","header-above-stick-meta":"","header-main-stick-meta":"","header-below-stick-meta":""},"pwb-brand":[157],"product_cat":[83],"product_tag":[],"class_list":{"0":"post-13754","1":"product","2":"type-product","3":"status-publish","5":"pwb-brand-ridex","6":"product_cat-pyoranlaakerit","7":"desktop-align-left","8":"tablet-align-left","9":"mobile-align-left","11":"first","12":"instock","13":"product-type-external"},"brands":[{"id":157,"name":"RIDEX","slug":"ridex"}],"_links":{"self":[{"href":"https:\/\/www.autonvaraosahaku.fi\/index.php?rest_route=\/wp\/v2\/product\/13754","targetHints":{"allow":["GET"]}}],"collection":[{"href":"https:\/\/www.autonvaraosahaku.fi\/index.php?rest_route=\/wp\/v2\/product"}],"about":[{"href":"https:\/\/www.autonvaraosahaku.fi\/index.php?rest_route=\/wp\/v2\/types\/product"}],"wp:attachment":[{"href":"https:\/\/www.autonvaraosahaku.fi\/index.php?rest_route=%2Fwp%2Fv2%2Fmedia&parent=13754"}],"wp:term":[{"taxonomy":"pwb-brand","embeddable":true,"href":"https:\/\/www.autonvaraosahaku.fi\/index.php?rest_route=%2Fwp%2Fv2%2Fpwb-brand&post=13754"},{"taxonomy":"product_cat","embeddable":true,"href":"https:\/\/www.autonvaraosahaku.fi\/index.php?rest_route=%2Fwp%2Fv2%2Fproduct_cat&post=13754"},{"taxonomy":"product_tag","embeddable":true,"href":"https:\/\/www.autonvaraosahaku.fi\/index.php?rest_route=%2Fwp%2Fv2%2Fproduct_tag&post=13754"}],"curies":[{"name":"wp","href":"https:\/\/api.w.org\/{rel}","templated":true}]}}