{"id":13764,"date":"2021-02-21T14:18:49","date_gmt":"2021-02-21T14:18:49","guid":{"rendered":"https:\/\/www.autonvaraosahaku.fi\/?product=valeo-246851-sytytystulpat"},"modified":"2021-02-21T14:18:50","modified_gmt":"2021-02-21T14:18:50","slug":"valeo-246851-sytytystulpat","status":"publish","type":"product","link":"https:\/\/www.autonvaraosahaku.fi\/?product=valeo-246851-sytytystulpat","title":{"rendered":"VALEO 246851 Sytytystulpat"},"content":{"rendered":"<p>Sytytystulppa: 1-maaelektroodi; Kierteen pituus (mm): 19; K\u00e4rkiv\u00e4li (mm): 0,8; Avainv\u00e4li: 16; Kiristysmomentti > [Nm]: 20; Kiristysmomentti enint\u00e4\u00e4n [Nm]: 30; Paino [kg]: 0,2; Valmistusvuoteen: 07\/2012; VW: GOLF V 1K1,TOURAN 1T1, 1T2,PASSAT Variant 3C5,GOLF PLUS 5M1, 521,PASSAT 3C2,CADDY III Kombi 2KB, 2KJ, 2CB, 2CJ,CADDY III Kasten 2KA, 2KH, 2CA, 2CH,EOS 1F7, 1F8,JETTA III 1K2; AUDI: A3 8P1,A3 Sportback 8PA; MAZDA: 323 III Hatchback BF,626 III GD,626 III Hatchback GD,626 III Coupe GD,626 III Station Wagon GV,929 III HC,B-SERIE UF; SKODA: FELICIA I 6U1,FELICIA I Fun 797,FELICIA I Kombi 6U5,FAVORIT 781,FAVORIT Forman 785,FAVORIT Pick-up 787; NISSAN: ALMERA II Hatchback N16,PRIMERA P11,PRIMERA Traveller WP11,PRIMERA Hatchback P11,PATHFINDER R50,PRIMASTAR Bus X83,100 NX B13,SERENA C23M,PRIMERA P10,PRIMASTAR Kasten X83,TERRANO I WD21,SUNNY III N14,PULSAR V Schr\u00e4gheck N14,SUNNY III Liftback N14,PRIMERA Hatchback P10,PRIMERA Traveller W10,BLUEBIRD T72 , T12,SUNNY III Traveller Y10,BLUEBIRD Hatchback T72, T12,BLUEBIRD Station Wagon WU11,SUNNY Kasten Y10; KIA: CARENS II FJ,RIO Stufenheck DC_,SHUMA II FB,CARENS I FC,SHUMA FB,SHUMA II Stufenheck FB; LAND ROVER: DISCOVERY I LJ, LG; HYUNDAI: S COUPE SLC; VOLVO: V70 II SW,V70 I LV,850 Kombi LW,S80 I TS, XY,C70 I Coupe,850 LS,960 II Kombi 965,S70 LS,960 II 964,V90 Kombi,960 Kombi 965,960 964,S90; SAAB: 9000 Schr\u00e4gheck,9000; 0723116, 723116, 7772453, 596015, 5960F0, 59622T, 59625G, 59627S, 5962T0, 7700500155, 9004851152000, 46417010, 5894586, 71711638, 71711808, 7546519, 7760383, 7772453, 9GYSSR, 1881408061, 0K2AA18110, 1881408061, K2AA18110, 7700500155, 7772453, A100E6277S, B69518110, BP4918110, 2240120J06, 2240153J06, 1114009, 596015, 5960F0, 596204, 59622T, 59622X, 59625N, 59626G, 59627S, 5962S0, 5962T0, 5962W0, 5962X9, MKP00096, MKP00097, 7700273462, 7700500155, 7701042816, 8200070764, 8200307688, 8671004086, 8671016880, 8671016881, 8933003862, 0948200427, 948200427, 0948200427, 948200427; Tulpat,Sytytystulppa<\/p>\n","protected":false},"excerpt":{"rendered":"<p>VALEO Sytytystulpat 246851 Tulpat,Sytytystulppa VW,AUDI,MAZDA,GOLF V 1K1,TOURAN 1T1, 1T2,PASSAT Variant 3C5,GOLF PLUS 5M1, 521,PASSAT 3C2<\/p>\n","protected":false},"featured_media":0,"template":"","meta":{"site-sidebar-layout":"default","site-content-layout":"default","ast-global-header-display":"","ast-main-header-display":"","ast-hfb-above-header-display":"","ast-hfb-below-header-display":"","ast-hfb-mobile-header-display":"","site-post-title":"","ast-breadcrumbs-content":"","ast-featured-img":"","footer-sml-layout":"","theme-transparent-header-meta":"","adv-header-id-meta":"","stick-header-meta":"","header-above-stick-meta":"","header-main-stick-meta":"","header-below-stick-meta":""},"pwb-brand":[28],"product_cat":[165],"product_tag":[],"class_list":{"0":"post-13764","1":"product","2":"type-product","3":"status-publish","5":"pwb-brand-valeo","6":"product_cat-sytytystulpat","7":"desktop-align-left","8":"tablet-align-left","9":"mobile-align-left","11":"first","12":"instock","13":"product-type-external"},"brands":[{"id":28,"name":"VALEO","slug":"valeo"}],"_links":{"self":[{"href":"https:\/\/www.autonvaraosahaku.fi\/index.php?rest_route=\/wp\/v2\/product\/13764","targetHints":{"allow":["GET"]}}],"collection":[{"href":"https:\/\/www.autonvaraosahaku.fi\/index.php?rest_route=\/wp\/v2\/product"}],"about":[{"href":"https:\/\/www.autonvaraosahaku.fi\/index.php?rest_route=\/wp\/v2\/types\/product"}],"wp:attachment":[{"href":"https:\/\/www.autonvaraosahaku.fi\/index.php?rest_route=%2Fwp%2Fv2%2Fmedia&parent=13764"}],"wp:term":[{"taxonomy":"pwb-brand","embeddable":true,"href":"https:\/\/www.autonvaraosahaku.fi\/index.php?rest_route=%2Fwp%2Fv2%2Fpwb-brand&post=13764"},{"taxonomy":"product_cat","embeddable":true,"href":"https:\/\/www.autonvaraosahaku.fi\/index.php?rest_route=%2Fwp%2Fv2%2Fproduct_cat&post=13764"},{"taxonomy":"product_tag","embeddable":true,"href":"https:\/\/www.autonvaraosahaku.fi\/index.php?rest_route=%2Fwp%2Fv2%2Fproduct_tag&post=13764"}],"curies":[{"name":"wp","href":"https:\/\/api.w.org\/{rel}","templated":true}]}}