{"id":13771,"date":"2021-02-21T14:18:49","date_gmt":"2021-02-21T14:18:49","guid":{"rendered":"https:\/\/www.autonvaraosahaku.fi\/?product=ridex-9f0032-polttoainesuodatin"},"modified":"2021-02-21T14:18:51","modified_gmt":"2021-02-21T14:18:51","slug":"ridex-9f0032-polttoainesuodatin","status":"publish","type":"product","link":"https:\/\/www.autonvaraosahaku.fi\/?product=ridex-9f0032-polttoainesuodatin","title":{"rendered":"RIDEX 9F0032 Polttoainesuodatin"},"content":{"rendered":"<p>Korkeus (mm): 140; Kierremitta: 3\/4-16 UNF; L\u00e4pimitta 1 [mm]: 93; L\u00e4pimitta 2 [mm]: 63; Suodatintyyppi: mit Anschluss f\u00fcr Wassersensor; VW: TARO; NISSAN: X-TRAIL T30,ALMERA TINO V10,ALMERA II Hatchback N16,PATHFINDER R51,PRIMERA P11,PRIMERA Kombi WP12,PRIMERA P12,TERRANO II R20,PRIMERA Traveller WP11,PRIMERA Hatchback P11,PRIMERA Hatchback P12,PATROL GR II Wagon Y61,ALMERA I Hatchback N15,PICK UP D22,NAVARA D22,PATHFINDER R50,ALMERA Mk II N16,ALMERA I N15,PICK UP D21,SERENA C23M,PATROL GR I Y60, GR,PRIMERA P10,TERRANO I WD21,PATROL Station Wagon W260,PATROL Hardtop K260,NP300,SUNNY III N14,VANETTE Bus C22,PULSAR V Schr\u00e4gheck N14,SUNNY III Liftback N14,PRIMERA Hatchback P10,PRIMERA Traveller W10,SUNNY II Hatchback N13,NAVARA Pick-up D21,BLUEBIRD T72 , T12,LAUREL JC32,SUNNY III Traveller Y10,VANETTE CARGO Kasten HC 23,TERRANO Van R20,TRADE Kasten\/Kombi,BLUEBIRD Hatchback T72, T12,VANETTE CARGO Bus HC 23,SUNNY II N13,BLUEBIRD Station Wagon WU11,BLUEBIRD U11,SUNNY Kasten Y10,TRADE Pritsche\/Fahrgestell,SUNNY II Traveller B12,VANETTE Kasten C22,LAUREL JC31,CHERRY III N12,TRADE Bus,URVAN Bus E24,URVAN Kasten E23,,ATLEON,ECO-T,L-Serie; TOYOTA: AVENSIS Kombi T25,COROLLA Verso ZER_, ZZE12_, R1_,COROLLA ZZE12_, NDE12_, ZDE12_,AVENSIS T25_,COROLLA Kombi _E12J_, _E12T_,AVENSIS Stufenheck T25,COROLLA Liftback _E11_,COROLLA Compact _E11_,LAND CRUISER KDJ12_, GRJ12_,HILUX III Pick-up TGN1_, GGN2_, GGN1_, KUN2_, KUN1_,COROLLA Stufenheck _E12J_, _E12T_,LAND CRUISER 90 _J9_,COROLLA Compact _E10_,CARINA E _T19_,LAND CRUISER PZJ7_, KZJ7_, HZJ7_, BJ7_, LJ7_, RJ7_,LAND CRUISER 100 UZJ100,LAND CRUISER 80 _J8_,COROLLA _E11_,CARINA E Stufenheck _T19_,COROLLA Wagon __E11_,CARINA E Sportswagon _T19_,LAND CRUISER 150 KDJ15_, GRJ15_,HILUX VI Pick-up _N1_,STARLET _P7_,HILUX V Pick-up LN_, KZN1_, VZN1_,4 RUNNER RN10_, VZN13_, VZN10_, RN13_,COROLLA Liftback _E10_,COROLLA Liftback _E9_,HIACE IV Bus LH1_,COROLLA _E10_,HIACE IV Kasten LXH1_, RZH1_, LH1_,CARINA II _T17_,LAND CRUISER Pick-up _J7_,4 RUNNER KZN18_, VZN18_, RZN18_,HIACE III Wagon LH1_, RZH1_,CARINA II Stufenheck _T17_,COROLLA Compact _E9_,LAND CRUISER Hardtop _J7_,HILUX IV Pic; FORD: RANGER ER, EQ,MAVERICK UDS, UNS,MAVERICK VAN; MITSUBISHI: PAJERO IV V8_W, V9_W,L 200 KB_T, KA_T,PAJERO IV Van V90, V80; BMC: LEVEND; 1861005420, 2330364010, 2330364010000, 2330383706, 1213456, 4024213, 4403318, 5119662, XM349150AA, XM349159EA, XM3J9150AA, YL4J9155BA, 1770A053, 1770A055, MZ690442, 16400VB201, 164032SA00, 164034U105, 1640359E00, 1640359E0A, 16403G2400, 16403G9900, 16403G990A, 1640505E01, 1640559E00, A640C59EM0SA, 0423476010, 2330356040, 2330364010, 2330364020, 2330376021, 2339024480, 2339030180, 2339064480, 23390YZZAB<\/p>\n","protected":false},"excerpt":{"rendered":"<p>RIDEX Polttoainesuodatin 9F0032  VW,NISSAN,TOYOTA,TARO,X-TRAIL T30,ALMERA TINO V10,ALMERA II Hatchback N16,PATHFINDER R51,PRIMERA P11<\/p>\n","protected":false},"featured_media":0,"template":"","meta":{"site-sidebar-layout":"default","site-content-layout":"default","ast-global-header-display":"","ast-main-header-display":"","ast-hfb-above-header-display":"","ast-hfb-below-header-display":"","ast-hfb-mobile-header-display":"","site-post-title":"","ast-breadcrumbs-content":"","ast-featured-img":"","footer-sml-layout":"","theme-transparent-header-meta":"","adv-header-id-meta":"","stick-header-meta":"","header-above-stick-meta":"","header-main-stick-meta":"","header-below-stick-meta":""},"pwb-brand":[157],"product_cat":[29],"product_tag":[],"class_list":{"0":"post-13771","1":"product","2":"type-product","3":"status-publish","5":"pwb-brand-ridex","6":"product_cat-polttoainesuodatin","7":"desktop-align-left","8":"tablet-align-left","9":"mobile-align-left","11":"first","12":"instock","13":"product-type-external"},"brands":[{"id":157,"name":"RIDEX","slug":"ridex"}],"_links":{"self":[{"href":"https:\/\/www.autonvaraosahaku.fi\/index.php?rest_route=\/wp\/v2\/product\/13771","targetHints":{"allow":["GET"]}}],"collection":[{"href":"https:\/\/www.autonvaraosahaku.fi\/index.php?rest_route=\/wp\/v2\/product"}],"about":[{"href":"https:\/\/www.autonvaraosahaku.fi\/index.php?rest_route=\/wp\/v2\/types\/product"}],"wp:attachment":[{"href":"https:\/\/www.autonvaraosahaku.fi\/index.php?rest_route=%2Fwp%2Fv2%2Fmedia&parent=13771"}],"wp:term":[{"taxonomy":"pwb-brand","embeddable":true,"href":"https:\/\/www.autonvaraosahaku.fi\/index.php?rest_route=%2Fwp%2Fv2%2Fpwb-brand&post=13771"},{"taxonomy":"product_cat","embeddable":true,"href":"https:\/\/www.autonvaraosahaku.fi\/index.php?rest_route=%2Fwp%2Fv2%2Fproduct_cat&post=13771"},{"taxonomy":"product_tag","embeddable":true,"href":"https:\/\/www.autonvaraosahaku.fi\/index.php?rest_route=%2Fwp%2Fv2%2Fproduct_tag&post=13771"}],"curies":[{"name":"wp","href":"https:\/\/api.w.org\/{rel}","templated":true}]}}