{"id":13789,"date":"2021-02-21T14:18:53","date_gmt":"2021-02-21T14:18:53","guid":{"rendered":"https:\/\/www.autonvaraosahaku.fi\/?product=brembo-14-6755-10-jarrurumpu"},"modified":"2021-02-21T14:18:54","modified_gmt":"2021-02-21T14:18:54","slug":"brembo-14-6755-10-jarrurumpu","status":"publish","type":"product","link":"https:\/\/www.autonvaraosahaku.fi\/?product=brembo-14-6755-10-jarrurumpu","title":{"rendered":"BREMBO 14.6755.10 Jarrurumpu"},"content":{"rendered":"<p>Rumpul\u00e4pimitta: 180; Suurin mahdollinen rummun sis\u00e4mitta (mm): 181,3; J-rumpu sis\u00e4leveys [mm]: 38,7; J-rumpu ulkoleveys [mm]: 54; Reikien m\u00e4\u00e4r\u00e4: 4; Asennusl\u00e4pimitta [mm]: 59; Asennuspuoli: Hinterachse; LANCIA: Y 840A,DELTA II 836,DEDRA 835,DEDRA SW 835; FORD: KA RU8; FIAT: PUNTO 188,PANDA 169,500 312,500 C 312,PUNTO 176,PANDA Van 169,PUNTO Van 188AX,BRAVO I 182,BRAVA 182,PUNTO Cabriolet 176C,TIPO 160,TEMPRA 159,PUNTO Van 176L; 46819776, 51863509, 51863510, 51900802, 7599325, 7750119, 7599325, 7750119, 7599325<\/p>\n","protected":false},"excerpt":{"rendered":"<p>BREMBO Jarrurumpu 14.6755.10  LANCIA,FORD,FIAT,Y 840A,DELTA II 836,DEDRA 835,DEDRA SW 835,KA RU8,PUNTO 188,PANDA 169,500 312,500 C 312,PUNTO 176<\/p>\n","protected":false},"featured_media":0,"template":"","meta":{"site-sidebar-layout":"default","site-content-layout":"default","ast-global-header-display":"","ast-main-header-display":"","ast-hfb-above-header-display":"","ast-hfb-below-header-display":"","ast-hfb-mobile-header-display":"","site-post-title":"","ast-breadcrumbs-content":"","ast-featured-img":"","footer-sml-layout":"","theme-transparent-header-meta":"","adv-header-id-meta":"","stick-header-meta":"","header-above-stick-meta":"","header-main-stick-meta":"","header-below-stick-meta":""},"pwb-brand":[146],"product_cat":[304],"product_tag":[],"class_list":{"0":"post-13789","1":"product","2":"type-product","3":"status-publish","5":"pwb-brand-brembo","6":"product_cat-jarrurumpu","7":"desktop-align-left","8":"tablet-align-left","9":"mobile-align-left","11":"first","12":"instock","13":"product-type-external"},"brands":[{"id":146,"name":"BREMBO","slug":"brembo"}],"_links":{"self":[{"href":"https:\/\/www.autonvaraosahaku.fi\/index.php?rest_route=\/wp\/v2\/product\/13789","targetHints":{"allow":["GET"]}}],"collection":[{"href":"https:\/\/www.autonvaraosahaku.fi\/index.php?rest_route=\/wp\/v2\/product"}],"about":[{"href":"https:\/\/www.autonvaraosahaku.fi\/index.php?rest_route=\/wp\/v2\/types\/product"}],"wp:attachment":[{"href":"https:\/\/www.autonvaraosahaku.fi\/index.php?rest_route=%2Fwp%2Fv2%2Fmedia&parent=13789"}],"wp:term":[{"taxonomy":"pwb-brand","embeddable":true,"href":"https:\/\/www.autonvaraosahaku.fi\/index.php?rest_route=%2Fwp%2Fv2%2Fpwb-brand&post=13789"},{"taxonomy":"product_cat","embeddable":true,"href":"https:\/\/www.autonvaraosahaku.fi\/index.php?rest_route=%2Fwp%2Fv2%2Fproduct_cat&post=13789"},{"taxonomy":"product_tag","embeddable":true,"href":"https:\/\/www.autonvaraosahaku.fi\/index.php?rest_route=%2Fwp%2Fv2%2Fproduct_tag&post=13789"}],"curies":[{"name":"wp","href":"https:\/\/api.w.org\/{rel}","templated":true}]}}