{"id":13804,"date":"2021-02-21T14:18:57","date_gmt":"2021-02-21T14:18:57","guid":{"rendered":"https:\/\/www.autonvaraosahaku.fi\/?product=brembo-08-3636-10-jarrulevyt"},"modified":"2021-02-21T14:18:57","modified_gmt":"2021-02-21T14:18:57","slug":"brembo-08-3636-10-jarrulevyt","status":"publish","type":"product","link":"https:\/\/www.autonvaraosahaku.fi\/?product=brembo-08-3636-10-jarrulevyt","title":{"rendered":"BREMBO 08.3636.10 Jarrulevyt"},"content":{"rendered":"<p>Kiristysmomentti: 86; keskitt\u00e4misl\u00e4pimitta [mm]: 61,5; Reikien m\u00e4\u00e4r\u00e4: 4; V\u00e4himm\u00e4ispaksuus (mm): 9; Jarrulevyn paksuus (mm): 10,8; Jarrulevytyyppi: Vakiomalli; Korkeus (mm): 45,8; L\u00e4pimitta [mm]: 227; Asennuspuoli: Vorderachse; SEAT: MARBELLA 28,IBIZA I 021A,TERRA Kasten 024A,127 127A,MARBELLA Kasten 028A,124,MALAGA 023A,TERRA 24,131,124 Kombi,850,RONDA 022A,PANDA 141A,FURA 025A,RITMO 138; LANCIA: DELTA I 831AB0,Y10 156,A 112,PRISMA 831AB0; FIAT: PANDA 141A_,124 Spider,UNO 146A\/E,X 1\/9 128 AS,127,FIORINO Kasten 146,850 Spider,850,128 Coupe,128,850 Coupe,PANDA Van 141_,125,131,124 Coupe,RITMO I 138A,124,132,FIORINO Pick up 146,FIORINO 147,REGATA 138,124 Familiare,RITMO Cabriolet,127 Panorama,128 Familiare,FIORINO 127,UNO Kasten 146,131 Familiare\/Panorama,147,FIORINO Pick up 147,REGATA Weekend 138,147 Panorama; AUTOBIANCHI: A 112,Y10; ZASTAVA: 101 1100,YUGO; 4385812, 4139010, 4208311, 4385812, 71738422, 4208311, 4385812, 4385812, 4385812, 71738422, 16500253, RF16500250, RF16500253, SE022165002A, 4385812; Jarrulevy<\/p>\n","protected":false},"excerpt":{"rendered":"<p>BREMBO Jarrulevyt 08.3636.10 Jarrulevy SEAT,LANCIA,FIAT,MARBELLA 28,IBIZA I 021A,TERRA Kasten 024A,127 127A,MARBELLA Kasten 028A,124,MALAGA 023A<\/p>\n","protected":false},"featured_media":0,"template":"","meta":{"site-sidebar-layout":"default","site-content-layout":"default","ast-global-header-display":"","ast-main-header-display":"","ast-hfb-above-header-display":"","ast-hfb-below-header-display":"","ast-hfb-mobile-header-display":"","site-post-title":"","ast-breadcrumbs-content":"","ast-featured-img":"","footer-sml-layout":"","theme-transparent-header-meta":"","adv-header-id-meta":"","stick-header-meta":"","header-above-stick-meta":"","header-main-stick-meta":"","header-below-stick-meta":""},"pwb-brand":[146],"product_cat":[66],"product_tag":[],"class_list":{"0":"post-13804","1":"product","2":"type-product","3":"status-publish","5":"pwb-brand-brembo","6":"product_cat-jarrulevyt","7":"desktop-align-left","8":"tablet-align-left","9":"mobile-align-left","11":"first","12":"instock","13":"product-type-external"},"brands":[{"id":146,"name":"BREMBO","slug":"brembo"}],"_links":{"self":[{"href":"https:\/\/www.autonvaraosahaku.fi\/index.php?rest_route=\/wp\/v2\/product\/13804","targetHints":{"allow":["GET"]}}],"collection":[{"href":"https:\/\/www.autonvaraosahaku.fi\/index.php?rest_route=\/wp\/v2\/product"}],"about":[{"href":"https:\/\/www.autonvaraosahaku.fi\/index.php?rest_route=\/wp\/v2\/types\/product"}],"wp:attachment":[{"href":"https:\/\/www.autonvaraosahaku.fi\/index.php?rest_route=%2Fwp%2Fv2%2Fmedia&parent=13804"}],"wp:term":[{"taxonomy":"pwb-brand","embeddable":true,"href":"https:\/\/www.autonvaraosahaku.fi\/index.php?rest_route=%2Fwp%2Fv2%2Fpwb-brand&post=13804"},{"taxonomy":"product_cat","embeddable":true,"href":"https:\/\/www.autonvaraosahaku.fi\/index.php?rest_route=%2Fwp%2Fv2%2Fproduct_cat&post=13804"},{"taxonomy":"product_tag","embeddable":true,"href":"https:\/\/www.autonvaraosahaku.fi\/index.php?rest_route=%2Fwp%2Fv2%2Fproduct_tag&post=13804"}],"curies":[{"name":"wp","href":"https:\/\/api.w.org\/{rel}","templated":true}]}}