{"id":13815,"date":"2021-02-21T14:18:57","date_gmt":"2021-02-21T14:18:57","guid":{"rendered":"https:\/\/www.autonvaraosahaku.fi\/?product=dt-3-20024-tiivisteet"},"modified":"2021-02-21T14:18:59","modified_gmt":"2021-02-21T14:18:59","slug":"dt-3-20024-tiivisteet","status":"publish","type":"product","link":"https:\/\/www.autonvaraosahaku.fi\/?product=dt-3-20024-tiivisteet","title":{"rendered":"DT 3.20024 Tiivisteet"},"content":{"rendered":"<p>Paino [g]: 1,5; Sis\u00e4l\u00e4pimitta [mm]: 7; Ulkol\u00e4pimitta [mm]: 14,5; Paksuus [mm]: 1,5; VW: CONSTELLATION,WORKER; SUZUKI: SWIFT III MZ, EZ,SWIFT IV FZ, NZ,GRAND VITARA I FT,WAGON R+ MM,SPLASH,IGNIS II; CHEVROLET: AVEO Schr\u00e4gheck T300,AVEO Stufenheck T300; MERCEDES-BENZ: C-CLASS T-Model S204,CLK C209,S-CLASS W221,CLS C219,VARIO Kasten\/Kombi,VARIO Pritsche\/Fahrgestell,VARIO Kipper,VARIO Bus,VARIO Triebkopf,ACTROS,ACTROS MP2 \/ MP3,ACTROS MP4 \/ MP5,ANTOS,AROCS,ATEGO,ATEGO 2,AXOR,AXOR 2,CITARO (O 530),CITO (O 520),CONECTO (O 345),ECONIC,LK\/LN2,O 403,OF,OH,TOURINO (O 510),TOURO (O 500),TRAVEGO (O 580),UNIMOG; KIA: PICANTO BA,SPORTAGE SL,CEE&#8217;D SW ED,CEE&#8217;D Schr\u00e4gheck ED,SPORTAGE JE_, KM_,VENGA YN,CARENS II FJ,RIO II JB,CARENS III UN,PRO CEE&#8217;D ED,SOUL AM,CERATO LD,MAGENTIS MG,CERATO Stufenheck LD,RIO II Stufenheck JB; LAND ROVER: FREELANDER LN,FREELANDER 2 FA_,RANGE ROVER EVOQUE LV,DISCOVERY IV LA,RANGE ROVER SPORT LW,RANGE ROVER IV LG,DISCOVERY SPORT LC,RANGE ROVER VELAR L560,DISCOVERY V LR_; MINI: MINI R56,MINI CLUBMAN R55,MINI Cabriolet R57,MINI COUNTRYMAN R60,MINI Coupe R58,MINI Roadster R59,MINI PACEMAN R61,MINI F56,MINI CLUBVAN R55,MINI F55,MINI CLUBMAN F54,MINI Cabriolet F57,MINI COUNTRYMAN F60; JAGUAR: XF _J05_, CC9,XF SPORTBRAKE CC9,XJ X35_, _J12_, _J24_,XF X260,F-PACE X761_; LANCIA: YPSILON 843,MUSA 350,PHEDRA 179,YPSILON 312, 846; OPEL: CORSA D,CORSA C F08, F68,MERIVA,ZAFIRA A F75_,ASTRA G CC F48_, F08_,ASTRA J Sports Tourer,ASTRA G Caravan F35_,VECTRA C Caravan,ASTRA J,ASTRA H GTC L08,MERIVA B,VECTRA C,AGILA A H00,VECTRA B 36_,OMEGA B Caravan 21_, 22_, 23_,OMEGA B 25_, 26_, 27_,VECTRA C GTS,TIGRA TwinTop,VECTRA B Caravan 31_,ASTRA G Cabriolet F67,FRONTERA B 6B_,ASTRA G Coupe F07_,COMBO Kasten\/Kombi,ASTRA G Stufenheck F69_,VECTRA B CC 38_,COMBO Tour,AGILA B H08,ASTRA J Stufenheck,CORSA D Van,CORSA C Kasten F08, W5L,ASTRA H Stufenheck L69,COMBO Kasten\/Kombi X12,COMBO Tour X12; 2242726, 1606871780, 198143, 198192, 198196, 1407304, 698071, 09938805, 09950298, 55192494, 55204259, 55215424, 55245288, 9401981439, 1231946, 1318562, 1748294, 04899689, 09950298, 51987010114, 51987010118, 51987010139, 81113080063, 0000170776, 0000171560, 0010175052, 818848, 1606871780, 198143, 198192, 198196, 5000814176, 7420797983, 5000814176, 7420797983, 20797983, 20799064, 30725238, 30750283, 8631582, 8634582, 068130256B, 068130259B, 2V5130120<\/p>\n","protected":false},"excerpt":{"rendered":"<p>DT Tiiviste, Suuttimen Pidin 3.20024  VW,SUZUKI,CHEVROLET,CONSTELLATION,WORKER,SWIFT III MZ, EZ,SWIFT IV FZ, NZ,GRAND VITARA I FT,WAGON R+ MM,SPLASH<\/p>\n","protected":false},"featured_media":0,"template":"","meta":{"site-sidebar-layout":"default","site-content-layout":"default","ast-global-header-display":"","ast-main-header-display":"","ast-hfb-above-header-display":"","ast-hfb-below-header-display":"","ast-hfb-mobile-header-display":"","site-post-title":"","ast-breadcrumbs-content":"","ast-featured-img":"","footer-sml-layout":"","theme-transparent-header-meta":"","adv-header-id-meta":"","stick-header-meta":"","header-above-stick-meta":"","header-main-stick-meta":"","header-below-stick-meta":""},"pwb-brand":[75],"product_cat":[27],"product_tag":[],"class_list":{"0":"post-13815","1":"product","2":"type-product","3":"status-publish","5":"pwb-brand-dt","6":"product_cat-tiivisteet","7":"desktop-align-left","8":"tablet-align-left","9":"mobile-align-left","11":"first","12":"instock","13":"product-type-external"},"brands":[{"id":75,"name":"DT","slug":"dt"}],"_links":{"self":[{"href":"https:\/\/www.autonvaraosahaku.fi\/index.php?rest_route=\/wp\/v2\/product\/13815","targetHints":{"allow":["GET"]}}],"collection":[{"href":"https:\/\/www.autonvaraosahaku.fi\/index.php?rest_route=\/wp\/v2\/product"}],"about":[{"href":"https:\/\/www.autonvaraosahaku.fi\/index.php?rest_route=\/wp\/v2\/types\/product"}],"wp:attachment":[{"href":"https:\/\/www.autonvaraosahaku.fi\/index.php?rest_route=%2Fwp%2Fv2%2Fmedia&parent=13815"}],"wp:term":[{"taxonomy":"pwb-brand","embeddable":true,"href":"https:\/\/www.autonvaraosahaku.fi\/index.php?rest_route=%2Fwp%2Fv2%2Fpwb-brand&post=13815"},{"taxonomy":"product_cat","embeddable":true,"href":"https:\/\/www.autonvaraosahaku.fi\/index.php?rest_route=%2Fwp%2Fv2%2Fproduct_cat&post=13815"},{"taxonomy":"product_tag","embeddable":true,"href":"https:\/\/www.autonvaraosahaku.fi\/index.php?rest_route=%2Fwp%2Fv2%2Fproduct_tag&post=13815"}],"curies":[{"name":"wp","href":"https:\/\/api.w.org\/{rel}","templated":true}]}}