{"id":13819,"date":"2021-02-21T14:19:00","date_gmt":"2021-02-21T14:19:00","guid":{"rendered":"https:\/\/www.autonvaraosahaku.fi\/?product=ridex-82b0385-jarrulevyt"},"modified":"2021-02-21T14:19:00","modified_gmt":"2021-02-21T14:19:00","slug":"ridex-82b0385-jarrulevyt","status":"publish","type":"product","link":"https:\/\/www.autonvaraosahaku.fi\/?product=ridex-82b0385-jarrulevyt","title":{"rendered":"RIDEX 82B0385 Jarrulevyt"},"content":{"rendered":"<p>Asennuspuoli: Etuakseli, Vorderachse; Jarrulevytyyppi: Tuuletettu, sis\u00e4; L\u00e4pimitta [mm]: 236; Jarrulevyn paksuus (mm): 20; Reik\u00e4ympyr\u00e4-\u00d8 [mm]: 100; M\u00e4\u00e4r\u00e4tty kiertosuunta: ; ei sidoksissa kulkusuuntaan: ; V\u00e4himm\u00e4ispaksuus (mm): 18,2; Korkeus (mm): 41; Navan reik\u00e4-\u00d8 [mm]: 60; Reik\u00e4kuvio\/-m\u00e4\u00e4r\u00e4: 4\/7; Sis\u00e4l\u00e4pimitta [mm]: 120; Py\u00f6r\u00e4npulttireik\u00e4-\u00d8 [mm]: 14; CHEVROLET: SPARK M300,KALOS,AVEO Schr\u00e4gheck T250, T255,AVEO Stufenheck T250, T255,KALOS Stufenheck,AVEO Stufenheck T200,AVEO Schr\u00e4gheck T200; DAEWOO: KALOS KLAS,LANOS KLAT,KALOS Stufenheck KLAS,LANOS Stufenheck KLAT,NEXIA KLETN,NEXIA Stufenheck KLETN,NEXIA Stufenheck; OPEL: CORSA B 73_, 78_, 79_,ASTRA F CC 53_, 54_, 58_, 59_,ASTRA F Caravan 51_, 52_,VECTRA A 86_, 87_,ASTRA F Cabriolet 53_B,ASTRA F 56_, 57_,KADETT E CC 33_, 34_, 43_, 44_,TIGRA 95_,CORSA A CC 93_, 94_, 98_, 99_,VECTRA A CC 88_, 89_,COMBO 71_,KADETT E Cabriolet 43B_,ASCONA C 81_, 86_, 87_, 88_,ASTRA F CLASSIC CC,CORSA A TR 91_, 92_, 96_, 97_,KADETT D 31_-34_, 41_-44_,ASTRA F CLASSIC Stufenheck,ASTRA F CLASSIC Caravan,KADETT E 39_, 49_,CORSA B Kasten 73_,ASCONA C CC 84_, 89_,KADETT E Caravan 35_, 36_, 45_, 46_,CORSA B Kombi F35,ASTRA F Van 55_,KADETT E Kasten 37_, 47_,KADETT E Combo 38_, 48_; VAUXHALL: ASTRA Mk III F CC,CORSA Mk I B,ASTRA Mk II CC,CAVALIER Mk III 87,ASTRA Mk III F Estate,CAVALIER Mk III CC,COMBO Mk I B,TIGRA Mk I F07,ASTRAVAN Mk III F,NOVA,CAVALIER Mk II CC,NOVA CC; 90008006, 90008032, 90121445, 90008006, 90008032, 90121445, 96215669, 96574633, 0569014, 0569031, 0569054, 569014, 569031, 569054, 90008006, 90121445, 90511111, 93182291, 90008006, 90008032, 90121445, 90511111, 93182291; Jarrulevy<\/p>\n","protected":false},"excerpt":{"rendered":"<p>RIDEX Jarrulevyt 82B0385 Jarrulevy CHEVROLET,DAEWOO,OPEL,SPARK M300,KALOS,AVEO Schr\u00e4gheck T250, T255,AVEO Stufenheck T250, T255,KALOS Stufenheck<\/p>\n","protected":false},"featured_media":0,"template":"","meta":{"site-sidebar-layout":"default","site-content-layout":"default","ast-global-header-display":"","ast-main-header-display":"","ast-hfb-above-header-display":"","ast-hfb-below-header-display":"","ast-hfb-mobile-header-display":"","site-post-title":"","ast-breadcrumbs-content":"","ast-featured-img":"","footer-sml-layout":"","theme-transparent-header-meta":"","adv-header-id-meta":"","stick-header-meta":"","header-above-stick-meta":"","header-main-stick-meta":"","header-below-stick-meta":""},"pwb-brand":[157],"product_cat":[66],"product_tag":[],"class_list":{"0":"post-13819","1":"product","2":"type-product","3":"status-publish","5":"pwb-brand-ridex","6":"product_cat-jarrulevyt","7":"desktop-align-left","8":"tablet-align-left","9":"mobile-align-left","11":"first","12":"instock","13":"product-type-external"},"brands":[{"id":157,"name":"RIDEX","slug":"ridex"}],"_links":{"self":[{"href":"https:\/\/www.autonvaraosahaku.fi\/index.php?rest_route=\/wp\/v2\/product\/13819","targetHints":{"allow":["GET"]}}],"collection":[{"href":"https:\/\/www.autonvaraosahaku.fi\/index.php?rest_route=\/wp\/v2\/product"}],"about":[{"href":"https:\/\/www.autonvaraosahaku.fi\/index.php?rest_route=\/wp\/v2\/types\/product"}],"wp:attachment":[{"href":"https:\/\/www.autonvaraosahaku.fi\/index.php?rest_route=%2Fwp%2Fv2%2Fmedia&parent=13819"}],"wp:term":[{"taxonomy":"pwb-brand","embeddable":true,"href":"https:\/\/www.autonvaraosahaku.fi\/index.php?rest_route=%2Fwp%2Fv2%2Fpwb-brand&post=13819"},{"taxonomy":"product_cat","embeddable":true,"href":"https:\/\/www.autonvaraosahaku.fi\/index.php?rest_route=%2Fwp%2Fv2%2Fproduct_cat&post=13819"},{"taxonomy":"product_tag","embeddable":true,"href":"https:\/\/www.autonvaraosahaku.fi\/index.php?rest_route=%2Fwp%2Fv2%2Fproduct_tag&post=13819"}],"curies":[{"name":"wp","href":"https:\/\/api.w.org\/{rel}","templated":true}]}}