{"id":13865,"date":"2021-02-21T14:19:08","date_gmt":"2021-02-21T14:19:08","guid":{"rendered":"https:\/\/www.autonvaraosahaku.fi\/?product=trw-jgm209t-iskunvaimennin"},"modified":"2021-02-21T14:19:09","modified_gmt":"2021-02-21T14:19:09","slug":"trw-jgm209t-iskunvaimennin","status":"publish","type":"product","link":"https:\/\/www.autonvaraosahaku.fi\/?product=trw-jgm209t-iskunvaimennin","title":{"rendered":"TRW JGM209T Iskunvaimennin"},"content":{"rendered":"<p>Lukum\u00e4\u00e4r\u00e4 akselille: 1; Asennuspuoli: Etuakseli; Iskunvaimennin tyyppi: Kaasupaine; Iskunvaimennin malli: Joustintuki; Iskunvaimennusj\u00e4rjestelm\u00e4: Kaksiputki; Iskunvaimennin asennustapa: Tappi ylh\u00e4\u00e4ll\u00e4; Pituus 1 (mm): 525; Pituus 2 (mm): 355; L\u00e4pimitta [mm]: 50; Kierremitta: M14x1,5; M\u00e4nn\u00e4nvarren l\u00e4pimitta [mm]: 22; Huomioi tekniset tiedot: ; Tuotelinja: TWIN; Alustarakenne: f\u00fcr Fahrzeuge ohne Sportfahrwerk; VW: GOLF IV 1J1,GOLF IV Variant 1J5,BORA 1J2,NEW BEETLE 9C1, 1C1,BORA Kombi 1J6,NEW BEETLE Cabriolet 1Y7; AUDI: A3 8L1; SKODA: OCTAVIA Combi 1Z5,OCTAVIA Combi 1U5,OCTAVIA 1Z3,OCTAVIA 1U2; SEAT: LEON 1M1,TOLEDO II 1M2; 1J0413031AA, 1J0413031AB, 1J0413031AC, 1J0413031BA, 1J0413031BC, 1J0413031BD, 1J0413031BE, 1J0413031BF, 1J0413031BH, 1J0413031BK, 1J0413031CP, 1J0413031DB, 1J0413031DD, 1J0413031DT, 1J0413031N, 1J0413031P, 1J0413031Q, 1J0413031R, 1J0413031AA, 1J0413031AB, 1J0413031AG, 1J0413031AM, 1J0413031BH, 1J0413031BJ, 1J0413031CH, 1J0413031CP, 1J0413031N, 1J0413031P, 1J0413031R, 1J0413031AA, 1J0413031AB, 1J0413031AM, 1J0413031BF, 1J0413031CM, 1J0413031N, 1J0413031P, 1C9413031, 1J0413031AA, 1J0413031AB, 1J0413031AC, 1J0413031AE, 1J0413031AG, 1J0413031AM, 1J0413031BA, 1J0413031BC, 1J0413031BD, 1J0413031BE, 1J0413031BF, 1J0413031BH, 1J0413031BJ, 1J0413031CH, 1J0413031CP, 1J0413031DQ, 1J0413031DR, 1J0413031DT, 1J0413031N, 1J0413031P, 1J0413031Q, 1J0413031R; Iskarit,Iskunvaimennin<\/p>\n","protected":false},"excerpt":{"rendered":"<p>TRW Iskunvaimentimet JGM209T Iskarit,Iskunvaimennin VW,AUDI,SKODA,GOLF IV 1J1,GOLF IV Variant 1J5,BORA 1J2,NEW BEETLE 9C1, 1C1,BORA Kombi 1J6<\/p>\n","protected":false},"featured_media":0,"template":"","meta":{"site-sidebar-layout":"default","site-content-layout":"default","ast-global-header-display":"","ast-main-header-display":"","ast-hfb-above-header-display":"","ast-hfb-below-header-display":"","ast-hfb-mobile-header-display":"","site-post-title":"","ast-breadcrumbs-content":"","ast-featured-img":"","footer-sml-layout":"","theme-transparent-header-meta":"","adv-header-id-meta":"","stick-header-meta":"","header-above-stick-meta":"","header-main-stick-meta":"","header-below-stick-meta":""},"pwb-brand":[332],"product_cat":[80],"product_tag":[],"class_list":{"0":"post-13865","1":"product","2":"type-product","3":"status-publish","5":"pwb-brand-trw","6":"product_cat-iskunvaimennin","7":"desktop-align-left","8":"tablet-align-left","9":"mobile-align-left","11":"first","12":"instock","13":"product-type-external"},"brands":[{"id":332,"name":"TRW","slug":"trw"}],"_links":{"self":[{"href":"https:\/\/www.autonvaraosahaku.fi\/index.php?rest_route=\/wp\/v2\/product\/13865","targetHints":{"allow":["GET"]}}],"collection":[{"href":"https:\/\/www.autonvaraosahaku.fi\/index.php?rest_route=\/wp\/v2\/product"}],"about":[{"href":"https:\/\/www.autonvaraosahaku.fi\/index.php?rest_route=\/wp\/v2\/types\/product"}],"wp:attachment":[{"href":"https:\/\/www.autonvaraosahaku.fi\/index.php?rest_route=%2Fwp%2Fv2%2Fmedia&parent=13865"}],"wp:term":[{"taxonomy":"pwb-brand","embeddable":true,"href":"https:\/\/www.autonvaraosahaku.fi\/index.php?rest_route=%2Fwp%2Fv2%2Fpwb-brand&post=13865"},{"taxonomy":"product_cat","embeddable":true,"href":"https:\/\/www.autonvaraosahaku.fi\/index.php?rest_route=%2Fwp%2Fv2%2Fproduct_cat&post=13865"},{"taxonomy":"product_tag","embeddable":true,"href":"https:\/\/www.autonvaraosahaku.fi\/index.php?rest_route=%2Fwp%2Fv2%2Fproduct_tag&post=13865"}],"curies":[{"name":"wp","href":"https:\/\/api.w.org\/{rel}","templated":true}]}}