{"id":13873,"date":"2021-02-21T14:19:08","date_gmt":"2021-02-21T14:19:08","guid":{"rendered":"https:\/\/www.autonvaraosahaku.fi\/?product=ridex-8a0023-ilmansuodatin"},"modified":"2021-02-21T14:19:10","modified_gmt":"2021-02-21T14:19:10","slug":"ridex-8a0023-ilmansuodatin","status":"publish","type":"product","link":"https:\/\/www.autonvaraosahaku.fi\/?product=ridex-8a0023-ilmansuodatin","title":{"rendered":"RIDEX 8A0023 Ilmansuodatin"},"content":{"rendered":"<p>Suodatintyyppi: Suodatinpanos; L\u00e4pimitta 1 [mm]: 377; L\u00e4pimitta 2 [mm]: 156; L\u00e4pimitta 3 [mm]: 120; Korkeus (mm): 55; Valmistusvuosi alkaen: 09\/1999; MERCEDES-BENZ: C-CLASS W203,C-CLASS T-Model S203,E-CLASS W210,C-CLASS Coupe CL203,M-CLASS W163,E-CLASS Kombi S210,CLK C209,S-CLASS W220,G-CLASS W463,G-CLASS W461; 6110940004, 6110940104, 6110940304, 6130940004, A6110940004, A6110940104, A6110940304, A6130940004<\/p>\n","protected":false},"excerpt":{"rendered":"<p>RIDEX Ilmansuodatin 8A0023  MERCEDES-BENZ,C-CLASS W203,C-CLASS T-Model S203,E-CLASS W210,C-CLASS Coupe CL203,M-CLASS W163,E-CLASS Kombi S210,CLK C209<\/p>\n","protected":false},"featured_media":0,"template":"","meta":{"site-sidebar-layout":"default","site-content-layout":"default","ast-global-header-display":"","ast-main-header-display":"","ast-hfb-above-header-display":"","ast-hfb-below-header-display":"","ast-hfb-mobile-header-display":"","site-post-title":"","ast-breadcrumbs-content":"","ast-featured-img":"","footer-sml-layout":"","theme-transparent-header-meta":"","adv-header-id-meta":"","stick-header-meta":"","header-above-stick-meta":"","header-main-stick-meta":"","header-below-stick-meta":""},"pwb-brand":[157],"product_cat":[31],"product_tag":[],"class_list":{"0":"post-13873","1":"product","2":"type-product","3":"status-publish","5":"pwb-brand-ridex","6":"product_cat-ilmansuodatin","7":"desktop-align-left","8":"tablet-align-left","9":"mobile-align-left","11":"first","12":"instock","13":"product-type-external"},"brands":[{"id":157,"name":"RIDEX","slug":"ridex"}],"_links":{"self":[{"href":"https:\/\/www.autonvaraosahaku.fi\/index.php?rest_route=\/wp\/v2\/product\/13873","targetHints":{"allow":["GET"]}}],"collection":[{"href":"https:\/\/www.autonvaraosahaku.fi\/index.php?rest_route=\/wp\/v2\/product"}],"about":[{"href":"https:\/\/www.autonvaraosahaku.fi\/index.php?rest_route=\/wp\/v2\/types\/product"}],"wp:attachment":[{"href":"https:\/\/www.autonvaraosahaku.fi\/index.php?rest_route=%2Fwp%2Fv2%2Fmedia&parent=13873"}],"wp:term":[{"taxonomy":"pwb-brand","embeddable":true,"href":"https:\/\/www.autonvaraosahaku.fi\/index.php?rest_route=%2Fwp%2Fv2%2Fpwb-brand&post=13873"},{"taxonomy":"product_cat","embeddable":true,"href":"https:\/\/www.autonvaraosahaku.fi\/index.php?rest_route=%2Fwp%2Fv2%2Fproduct_cat&post=13873"},{"taxonomy":"product_tag","embeddable":true,"href":"https:\/\/www.autonvaraosahaku.fi\/index.php?rest_route=%2Fwp%2Fv2%2Fproduct_tag&post=13873"}],"curies":[{"name":"wp","href":"https:\/\/api.w.org\/{rel}","templated":true}]}}