{"id":13881,"date":"2021-02-21T14:19:12","date_gmt":"2021-02-21T14:19:12","guid":{"rendered":"https:\/\/www.autonvaraosahaku.fi\/?product=febi-bilstein-28177-jarrulevyt"},"modified":"2021-02-21T14:19:12","modified_gmt":"2021-02-21T14:19:12","slug":"febi-bilstein-28177-jarrulevyt","status":"publish","type":"product","link":"https:\/\/www.autonvaraosahaku.fi\/?product=febi-bilstein-28177-jarrulevyt","title":{"rendered":"FEBI BILSTEIN 28177 Jarrulevyt"},"content":{"rendered":"<p>Jarrulevyn paksuus (mm): 22; Kiinnitysreikien lukum\u00e4\u00e4r\u00e4: 4, 2; Paksuus [mm]: 40,6; Ulkol\u00e4pimitta [mm]: 257,0; Reik\u00e4ympyr\u00e4-\u00d8 [mm]: 100; Pinta: pinnoitettu; Jarrulevytyyppi: Tuuletettu, sis\u00e4; Asennuspuoli: Etuakseli; V\u00e4himm\u00e4ispaksuus (mm): 20; Paino [kg]: 5,4; keskitt\u00e4misl\u00e4pimitta [mm]: 60, 60; Alustanumerosta: 94219782; OPEL: CORSA D,ADAM,CORSA D Van,CORSA E,CORSA E Van; FIAT: GRANDE PUNTO 199,PUNTO 188,PUNTO EVO 199,PUNTO 199,PUNTO Van 199,GRANDE PUNTO Van 199_,PUNTO EVO Van 199_; VAUXHALL: CORSA Mk III D L_8,ADAM,CORSAVAN Mk II C,CORSAVAN Mk III D,CORSA Mk IV E; 55700920, 55700921, 013317922, 093188917, 093197241, 13317922, 93188917, 93197241; Jarrulevy<\/p>\n","protected":false},"excerpt":{"rendered":"<p>FEBI BILSTEIN Jarrulevyt 28177 Jarrulevy OPEL,FIAT,VAUXHALL,CORSA D,ADAM,CORSA D Van,CORSA E,CORSA E Van,GRANDE PUNTO 199,PUNTO 188,PUNTO EVO 199<\/p>\n","protected":false},"featured_media":0,"template":"","meta":{"site-sidebar-layout":"default","site-content-layout":"default","ast-global-header-display":"","ast-main-header-display":"","ast-hfb-above-header-display":"","ast-hfb-below-header-display":"","ast-hfb-mobile-header-display":"","site-post-title":"","ast-breadcrumbs-content":"","ast-featured-img":"","footer-sml-layout":"","theme-transparent-header-meta":"","adv-header-id-meta":"","stick-header-meta":"","header-above-stick-meta":"","header-main-stick-meta":"","header-below-stick-meta":""},"pwb-brand":[50],"product_cat":[66],"product_tag":[],"class_list":{"0":"post-13881","1":"product","2":"type-product","3":"status-publish","5":"pwb-brand-febi-bilstein","6":"product_cat-jarrulevyt","7":"desktop-align-left","8":"tablet-align-left","9":"mobile-align-left","11":"first","12":"instock","13":"product-type-external"},"brands":[{"id":50,"name":"FEBI BILSTEIN","slug":"febi-bilstein"}],"_links":{"self":[{"href":"https:\/\/www.autonvaraosahaku.fi\/index.php?rest_route=\/wp\/v2\/product\/13881","targetHints":{"allow":["GET"]}}],"collection":[{"href":"https:\/\/www.autonvaraosahaku.fi\/index.php?rest_route=\/wp\/v2\/product"}],"about":[{"href":"https:\/\/www.autonvaraosahaku.fi\/index.php?rest_route=\/wp\/v2\/types\/product"}],"wp:attachment":[{"href":"https:\/\/www.autonvaraosahaku.fi\/index.php?rest_route=%2Fwp%2Fv2%2Fmedia&parent=13881"}],"wp:term":[{"taxonomy":"pwb-brand","embeddable":true,"href":"https:\/\/www.autonvaraosahaku.fi\/index.php?rest_route=%2Fwp%2Fv2%2Fpwb-brand&post=13881"},{"taxonomy":"product_cat","embeddable":true,"href":"https:\/\/www.autonvaraosahaku.fi\/index.php?rest_route=%2Fwp%2Fv2%2Fproduct_cat&post=13881"},{"taxonomy":"product_tag","embeddable":true,"href":"https:\/\/www.autonvaraosahaku.fi\/index.php?rest_route=%2Fwp%2Fv2%2Fproduct_tag&post=13881"}],"curies":[{"name":"wp","href":"https:\/\/api.w.org\/{rel}","templated":true}]}}