{"id":13890,"date":"2021-02-21T14:19:12","date_gmt":"2021-02-21T14:19:12","guid":{"rendered":"https:\/\/www.autonvaraosahaku.fi\/?product=ashika-gom-812-muut-luokat"},"modified":"2021-02-21T14:19:13","modified_gmt":"2021-02-21T14:19:13","slug":"ashika-gom-812-muut-luokat","status":"publish","type":"product","link":"https:\/\/www.autonvaraosahaku.fi\/?product=ashika-gom-812-muut-luokat","title":{"rendered":"ASHIKA GOM-812 Muut luokat"},"content":{"rendered":"<p>Pituus (mm): 32; Sis\u00e4l\u00e4pimitta [mm]: 13; Ulkol\u00e4pimitta [mm]: 30; Asennuspuoli: Jousensilm\u00e4ss\u00e4, Edess\u00e4 ja takana; SUZUKI: SAMURAI SJ,SJ 413,SJ 410 Cabrio,SJ 410; 0930513002, 0930513002000, 0930513006, 91120294<\/p>\n","protected":false},"excerpt":{"rendered":"<p>ASHIKA Laakerin Holkki, Lehtijousi GOM-812  SUZUKI,SAMURAI SJ,SJ 413,SJ 410 Cabrio,SJ 410<\/p>\n","protected":false},"featured_media":0,"template":"","meta":{"site-sidebar-layout":"default","site-content-layout":"default","ast-global-header-display":"","ast-main-header-display":"","ast-hfb-above-header-display":"","ast-hfb-below-header-display":"","ast-hfb-mobile-header-display":"","site-post-title":"","ast-breadcrumbs-content":"","ast-featured-img":"","footer-sml-layout":"","theme-transparent-header-meta":"","adv-header-id-meta":"","stick-header-meta":"","header-above-stick-meta":"","header-main-stick-meta":"","header-below-stick-meta":""},"pwb-brand":[102],"product_cat":[37],"product_tag":[],"class_list":{"0":"post-13890","1":"product","2":"type-product","3":"status-publish","5":"pwb-brand-ashika","6":"product_cat-muut-luokat","7":"desktop-align-left","8":"tablet-align-left","9":"mobile-align-left","11":"first","12":"instock","13":"product-type-external"},"brands":[{"id":102,"name":"ASHIKA","slug":"ashika"}],"_links":{"self":[{"href":"https:\/\/www.autonvaraosahaku.fi\/index.php?rest_route=\/wp\/v2\/product\/13890","targetHints":{"allow":["GET"]}}],"collection":[{"href":"https:\/\/www.autonvaraosahaku.fi\/index.php?rest_route=\/wp\/v2\/product"}],"about":[{"href":"https:\/\/www.autonvaraosahaku.fi\/index.php?rest_route=\/wp\/v2\/types\/product"}],"wp:attachment":[{"href":"https:\/\/www.autonvaraosahaku.fi\/index.php?rest_route=%2Fwp%2Fv2%2Fmedia&parent=13890"}],"wp:term":[{"taxonomy":"pwb-brand","embeddable":true,"href":"https:\/\/www.autonvaraosahaku.fi\/index.php?rest_route=%2Fwp%2Fv2%2Fpwb-brand&post=13890"},{"taxonomy":"product_cat","embeddable":true,"href":"https:\/\/www.autonvaraosahaku.fi\/index.php?rest_route=%2Fwp%2Fv2%2Fproduct_cat&post=13890"},{"taxonomy":"product_tag","embeddable":true,"href":"https:\/\/www.autonvaraosahaku.fi\/index.php?rest_route=%2Fwp%2Fv2%2Fproduct_tag&post=13890"}],"curies":[{"name":"wp","href":"https:\/\/api.w.org\/{rel}","templated":true}]}}