{"id":13901,"date":"2021-02-21T14:19:15","date_gmt":"2021-02-21T14:19:15","guid":{"rendered":"https:\/\/www.autonvaraosahaku.fi\/?product=ridex-82b0068-jarrulevyt"},"modified":"2021-02-21T14:19:16","modified_gmt":"2021-02-21T14:19:16","slug":"ridex-82b0068-jarrulevyt","status":"publish","type":"product","link":"https:\/\/www.autonvaraosahaku.fi\/?product=ridex-82b0068-jarrulevyt","title":{"rendered":"RIDEX 82B0068 Jarrulevyt"},"content":{"rendered":"<p>Vanne, aukkoja: 4; L\u00e4pimitta [mm]: 257,5; Korkeus (mm): 40,5; Reik\u00e4-\u00d8 [mm]: 13; Jarrulevytyyppi: Tuuletettu; Jarrulevyn paksuus (mm): 20; V\u00e4himm\u00e4ispaksuus (mm): 18,2; Sis\u00e4l\u00e4pimitta [mm]: 126,7; Reikien m\u00e4\u00e4r\u00e4: 4; keskitt\u00e4misl\u00e4pimitta [mm]: 59; Reik\u00e4ympyr\u00e4-\u00d8 [mm]: 98; Reik\u00e4-\u00d8 1 [mm]: 13,2; Reik\u00e4-\u00d8 2 [mm]: 8,8; Asennuspuoli: Etuakseli; Jarruj\u00e4rjestelm\u00e4: LUCAS; LANCIA: DELTA II 836,DEDRA 835,DEDRA SW 835; FIAT: GRANDE PUNTO 199,PUNTO 188,BARCHETTA 183,DOBLO Cargo 223,PUNTO 176,DOBLO 119,STRADA Pick-up 178E,PUNTO Van 188AX,BRAVO I 182,BRAVA 182,PUNTO Cabriolet 176C,MAREA Weekend 185,PALIO Weekend 178DX,TIPO 160,STRADA Pick-up 578_,MAREA 185,TEMPRA 159,TEMPRA S.W. 159,PALIO 178BX,SIENA 178_; ALFA ROMEO: 145 930,155 167,146 930; 0060806137, 0060811266, 46416712, 46423415, 51749124, 60806137, 60810076, 60811256, 60811266, 71738145, 71772239, 7645056, 7779409; Jarrulevy<\/p>\n","protected":false},"excerpt":{"rendered":"<p>RIDEX Jarrulevyt 82B0068 Jarrulevy LANCIA,FIAT,ALFA ROMEO,DELTA II 836,DEDRA 835,DEDRA SW 835,GRANDE PUNTO 199,PUNTO 188,BARCHETTA 183,DOBLO Cargo 223<\/p>\n","protected":false},"featured_media":0,"template":"","meta":{"site-sidebar-layout":"default","site-content-layout":"default","ast-global-header-display":"","ast-main-header-display":"","ast-hfb-above-header-display":"","ast-hfb-below-header-display":"","ast-hfb-mobile-header-display":"","site-post-title":"","ast-breadcrumbs-content":"","ast-featured-img":"","footer-sml-layout":"","theme-transparent-header-meta":"","adv-header-id-meta":"","stick-header-meta":"","header-above-stick-meta":"","header-main-stick-meta":"","header-below-stick-meta":""},"pwb-brand":[157],"product_cat":[66],"product_tag":[],"class_list":{"0":"post-13901","1":"product","2":"type-product","3":"status-publish","5":"pwb-brand-ridex","6":"product_cat-jarrulevyt","7":"desktop-align-left","8":"tablet-align-left","9":"mobile-align-left","11":"first","12":"instock","13":"product-type-external"},"brands":[{"id":157,"name":"RIDEX","slug":"ridex"}],"_links":{"self":[{"href":"https:\/\/www.autonvaraosahaku.fi\/index.php?rest_route=\/wp\/v2\/product\/13901","targetHints":{"allow":["GET"]}}],"collection":[{"href":"https:\/\/www.autonvaraosahaku.fi\/index.php?rest_route=\/wp\/v2\/product"}],"about":[{"href":"https:\/\/www.autonvaraosahaku.fi\/index.php?rest_route=\/wp\/v2\/types\/product"}],"wp:attachment":[{"href":"https:\/\/www.autonvaraosahaku.fi\/index.php?rest_route=%2Fwp%2Fv2%2Fmedia&parent=13901"}],"wp:term":[{"taxonomy":"pwb-brand","embeddable":true,"href":"https:\/\/www.autonvaraosahaku.fi\/index.php?rest_route=%2Fwp%2Fv2%2Fpwb-brand&post=13901"},{"taxonomy":"product_cat","embeddable":true,"href":"https:\/\/www.autonvaraosahaku.fi\/index.php?rest_route=%2Fwp%2Fv2%2Fproduct_cat&post=13901"},{"taxonomy":"product_tag","embeddable":true,"href":"https:\/\/www.autonvaraosahaku.fi\/index.php?rest_route=%2Fwp%2Fv2%2Fproduct_tag&post=13901"}],"curies":[{"name":"wp","href":"https:\/\/api.w.org\/{rel}","templated":true}]}}