{"id":13903,"date":"2021-02-21T14:19:15","date_gmt":"2021-02-21T14:19:15","guid":{"rendered":"https:\/\/www.autonvaraosahaku.fi\/?product=hella-8gd-008-893-002-lamput-hehkulamppu"},"modified":"2021-02-21T14:19:16","modified_gmt":"2021-02-21T14:19:16","slug":"hella-8gd-008-893-002-lamput-hehkulamppu","status":"publish","type":"product","link":"https:\/\/www.autonvaraosahaku.fi\/?product=hella-8gd-008-893-002-lamput-hehkulamppu","title":{"rendered":"HELLA 8GD 008 893-002 Lamput (hehkulamppu)"},"content":{"rendered":"<p>Lamppumalli: W21\/5W; J\u00e4nnite (V): 12; Nimellisteho (W): 21\/5; M\u00e4\u00e4r\u00e4: 10; Tarkistuskilpi: E4; Kantamalli: W3x16q; Pakkaustyyppi: Laatikko; Lyhdyn muoto: Gl\u00fchlampen-Technologie; VW: UP,TOUAREG 7P5,CRAFTER 30-50 Kasten 2E_,BEETLE 5C1,CRAFTER 30-35 Bus 2E_,BEETLE Cabriolet 5C7,CRAFTER 30-50 Pritsche\/Fahrgestell 2F_,CADDY IV Kombi SAB, SAJ,CADDY IV Kasten SAA, SAH,LOAD UP,CADDY ALLTRACK Kasten SAA,CADDY ALLTRACK Kombi SAB; MERCEDES-BENZ: VIANO W639,SPRINTER CLASSIC 3,5-t Kasten 909,SPRINTER CLASSIC 4,6-t Bus 909,X-CLASS 470,X-CLASS Pritsche\/Fahrgestell 470; OPEL: CORSA D,ASTRA J Sports Tourer,INSIGNIA Caravan,ASTRA J,MERIVA B,ZAFIRA TOURER C P12,MOKKA,ADAM,INSIGNIA,INSIGNIA Stufenheck,ASTRA GTC J,ASTRA J Stufenheck,CORSA D Van,CASCADA W13,CORSA E,VIVARO Combi,VIVARO Kasten,KARL,INSIGNIA A Country Tourer G09,CORSA E Van,VIVARO Pritsche\/Fahrgestell; FORD: KUGA I,RANGER TKE; RENAULT: CLIO Grandtour KR0\/1_,AVANTIME DE0_,CLIO III Kasten SB_, SR_,DUSTER,TRAFIC III Kasten,TRAFIC III Bus,GRAND SC\u00c9NIC IV R9_,SC\u00c9NIC IV J9_,TRAFIC III Pritsche\/Fahrgestell EG_,SANDERO\/STEPWAY II,LOGAN II Kombi,LOGAN II; FIAT: 500 312,500 C 312,500L,TALENTO Kasten 296_,TALENTO Bus 296_,TALENTO Pritsche\/Fahrgestell 296_; SKODA: CITIGO; PEUGEOT: 208,BOXER Kasten,4007 GP_,BOXER Bus,BOXER Pritsche\/Fahrgestell,4008,301,EXPERT Kasten,TRAVELLER,208 Kasten; TOYOTA: RAV 4 II CLA2_, XA2_, ZCA2_, ACA2_,YARIS VERSO _NLP2_, _NCP2_,YARIS NHP13_, NSP13_, NCP13_, KSP13_, NLP13_,COROLLA Kombi _E12J_, _E12T_,IQ KPJ1_, NGJ1_, KGJ1_, NUJ1_,COROLLA Verso ZDE12_, CDE12_,CELICA ZZT23_,RAV 4 IV ZSA4_, ALA4_,PREVIA MCR3_, ACR3_, CLR3_,LAND CRUISER KDJ12_, GRJ12_,COROLLA Stufenheck _E12J_, _E12T_,LAND CRUISER 90 _J9_,AVENSIS VERSO _CLM2_, _ACM2_,LAND CRUISER 100 UZJ100,URBAN CRUISER NSP1_, NLP1_, ZSP1_, NCP11_,COROLLA Wagon __E11_,SUPRA JZA80,CAMRY MCV3_, ACV3_, _XV3_,CAMRY _CV2_, _XV2_,LAND CRUISER VDJ20_, UZJ20_,PRIUS Stufenheck NHW11_,COROLLA Stufenheck E15_,FJ CRUISER GSJ1_,AYGO PAB4_, KGB4_,HILUX Pick-up GUN1_,PROACE Bus MPY_,PROACE Kasten MDZ_,PROACE Pritsche\/Fahrgestell MDZ_; HYUNDAI: H350 Bus,H350 Kasten,H350 Pritsche\/Fahrgestell; YY04500889300<\/p>\n","protected":false},"excerpt":{"rendered":"<p>HELLA Polttimo, Jarru-\/Takavalo STANDARD 8GD 008 893-002  VW,MERCEDES-BENZ,OPEL,UP,TOUAREG 7P5,CRAFTER 30-50 Kasten 2E_,BEETLE 5C1<\/p>\n","protected":false},"featured_media":0,"template":"","meta":{"site-sidebar-layout":"default","site-content-layout":"default","ast-global-header-display":"","ast-main-header-display":"","ast-hfb-above-header-display":"","ast-hfb-below-header-display":"","ast-hfb-mobile-header-display":"","site-post-title":"","ast-breadcrumbs-content":"","ast-featured-img":"","footer-sml-layout":"","theme-transparent-header-meta":"","adv-header-id-meta":"","stick-header-meta":"","header-above-stick-meta":"","header-main-stick-meta":"","header-below-stick-meta":""},"pwb-brand":[24],"product_cat":[151],"product_tag":[],"class_list":{"0":"post-13903","1":"product","2":"type-product","3":"status-publish","5":"pwb-brand-hella","6":"product_cat-lamput-hehkulamppu","7":"desktop-align-left","8":"tablet-align-left","9":"mobile-align-left","11":"first","12":"instock","13":"product-type-external"},"brands":[{"id":24,"name":"HELLA","slug":"hella"}],"_links":{"self":[{"href":"https:\/\/www.autonvaraosahaku.fi\/index.php?rest_route=\/wp\/v2\/product\/13903","targetHints":{"allow":["GET"]}}],"collection":[{"href":"https:\/\/www.autonvaraosahaku.fi\/index.php?rest_route=\/wp\/v2\/product"}],"about":[{"href":"https:\/\/www.autonvaraosahaku.fi\/index.php?rest_route=\/wp\/v2\/types\/product"}],"wp:attachment":[{"href":"https:\/\/www.autonvaraosahaku.fi\/index.php?rest_route=%2Fwp%2Fv2%2Fmedia&parent=13903"}],"wp:term":[{"taxonomy":"pwb-brand","embeddable":true,"href":"https:\/\/www.autonvaraosahaku.fi\/index.php?rest_route=%2Fwp%2Fv2%2Fpwb-brand&post=13903"},{"taxonomy":"product_cat","embeddable":true,"href":"https:\/\/www.autonvaraosahaku.fi\/index.php?rest_route=%2Fwp%2Fv2%2Fproduct_cat&post=13903"},{"taxonomy":"product_tag","embeddable":true,"href":"https:\/\/www.autonvaraosahaku.fi\/index.php?rest_route=%2Fwp%2Fv2%2Fproduct_tag&post=13903"}],"curies":[{"name":"wp","href":"https:\/\/api.w.org\/{rel}","templated":true}]}}