{"id":13921,"date":"2021-02-21T14:19:19","date_gmt":"2021-02-21T14:19:19","guid":{"rendered":"https:\/\/www.autonvaraosahaku.fi\/?product=ridex-82b0039-jarrulevyt"},"modified":"2021-02-21T14:19:20","modified_gmt":"2021-02-21T14:19:20","slug":"ridex-82b0039-jarrulevyt","status":"publish","type":"product","link":"https:\/\/www.autonvaraosahaku.fi\/?product=ridex-82b0039-jarrulevyt","title":{"rendered":"RIDEX 82B0039 Jarrulevyt"},"content":{"rendered":"<p>Asennuspuoli: Etuakseli; Jarrulevytyyppi: Tuuletettu, sis\u00e4; Jarrulevyn paksuus (mm): 20; L\u00e4pimitta [mm]: 239,5; Reik\u00e4ympyr\u00e4-\u00d8 [mm]: 108; Reikien m\u00e4\u00e4r\u00e4: 4; MAZDA: 121 III JASM, JBSM; FORD: FIESTA V JH_, JD_,FIESTA VI,FIESTA IV JA_, JB_,KA RB_,FIESTA III GFJ,PUMA EC_,ESCORT VII GAL, AAL, ABL,SIERRA GBG, GB4,ESCORT VII Kombi GAL, ANL,ESCORT VII Cabriolet ALL,ESCORT VI Cabriolet ALL,ESCORT VI GAL,SIERRA Schr\u00e4gheck GBC, GBG,FIESTA I GFBT,FIESTA II FBD,ESCORT V Cabriolet ALL,SIERRA Schr\u00e4gheck GBC,ESCORT &#8217;95 Express AVL,FIESTA Kasten J5_, J3_,ESCORT V GAL,ESCORT VII Stufenheck GAL, AFL,FIESTA Kasten JV_,SIERRA Kombi BNG,KA Van RB,ESCORT VI Kombi GAL,ESCORT CLASSIC AAL, ABL,ESCORT CLASSIC Turnier ANL,ESCORT VI Stufenheck GAL,FIESTA Kasten F3L, F5L,SIERRA Kombi BNC,FIESTA Kasten FVD,COURIER Pick-up J3 J5,ORION II AFF,ESCORT &#8217;86 Express AVF,ESCORT V Kombi GAL, AVL,ESCORT &#8217;91 Express AVL,ORION III GAL; 1018277, 1019604, 1066271, 1107768, 1320581, 1320582, 1373289, 1473005, 1524589, 4071714, 4084226, 5022654, 5023573, 5028281, 6183977, 6191064, 89FX1125CE, 93FX1125AA, 93FX1125S1A, 93FX1125SA, 96FX1125CA, YS6J1125CB, YS6J1125CC, YS6W1125AA, YS6W1125AC, YS6W1125B1B, YS6W1125CA, YS6W1125CB, 1E0533251, 1E0633251, 1E0933251; Jarrulevy<\/p>\n","protected":false},"excerpt":{"rendered":"<p>RIDEX Jarrulevyt 82B0039 Jarrulevy MAZDA,FORD,121 III JASM, JBSM,FIESTA V JH_, JD_,FIESTA VI,FIESTA IV JA_, JB_,KA RB_,FIESTA III GFJ,PUMA EC_<\/p>\n","protected":false},"featured_media":0,"template":"","meta":{"site-sidebar-layout":"default","site-content-layout":"default","ast-global-header-display":"","ast-main-header-display":"","ast-hfb-above-header-display":"","ast-hfb-below-header-display":"","ast-hfb-mobile-header-display":"","site-post-title":"","ast-breadcrumbs-content":"","ast-featured-img":"","footer-sml-layout":"","theme-transparent-header-meta":"","adv-header-id-meta":"","stick-header-meta":"","header-above-stick-meta":"","header-main-stick-meta":"","header-below-stick-meta":""},"pwb-brand":[157],"product_cat":[66],"product_tag":[],"class_list":{"0":"post-13921","1":"product","2":"type-product","3":"status-publish","5":"pwb-brand-ridex","6":"product_cat-jarrulevyt","7":"desktop-align-left","8":"tablet-align-left","9":"mobile-align-left","11":"first","12":"instock","13":"product-type-external"},"brands":[{"id":157,"name":"RIDEX","slug":"ridex"}],"_links":{"self":[{"href":"https:\/\/www.autonvaraosahaku.fi\/index.php?rest_route=\/wp\/v2\/product\/13921","targetHints":{"allow":["GET"]}}],"collection":[{"href":"https:\/\/www.autonvaraosahaku.fi\/index.php?rest_route=\/wp\/v2\/product"}],"about":[{"href":"https:\/\/www.autonvaraosahaku.fi\/index.php?rest_route=\/wp\/v2\/types\/product"}],"wp:attachment":[{"href":"https:\/\/www.autonvaraosahaku.fi\/index.php?rest_route=%2Fwp%2Fv2%2Fmedia&parent=13921"}],"wp:term":[{"taxonomy":"pwb-brand","embeddable":true,"href":"https:\/\/www.autonvaraosahaku.fi\/index.php?rest_route=%2Fwp%2Fv2%2Fpwb-brand&post=13921"},{"taxonomy":"product_cat","embeddable":true,"href":"https:\/\/www.autonvaraosahaku.fi\/index.php?rest_route=%2Fwp%2Fv2%2Fproduct_cat&post=13921"},{"taxonomy":"product_tag","embeddable":true,"href":"https:\/\/www.autonvaraosahaku.fi\/index.php?rest_route=%2Fwp%2Fv2%2Fproduct_tag&post=13921"}],"curies":[{"name":"wp","href":"https:\/\/api.w.org\/{rel}","templated":true}]}}