{"id":13933,"date":"2021-02-21T14:19:19","date_gmt":"2021-02-21T14:19:19","guid":{"rendered":"https:\/\/www.autonvaraosahaku.fi\/?product=skf-vkjp-01015-vetonivelen-suojakumi"},"modified":"2021-02-21T14:19:21","modified_gmt":"2021-02-21T14:19:21","slug":"skf-vkjp-01015-vetonivelen-suojakumi","status":"publish","type":"product","link":"https:\/\/www.autonvaraosahaku.fi\/?product=skf-vkjp-01015-vetonivelen-suojakumi","title":{"rendered":"SKF VKJP 01015 Vetonivelen suojakumi"},"content":{"rendered":"<p>Korkeus (mm): 105; Materiaali: Kumi; Sis\u00e4l\u00e4pimitta 1 [mm]: 23; Sis\u00e4l\u00e4pimitta 2 [mm]: 77; Sis\u00e4l\u00e4pimitta 1 alkaen [mm]: 23; Sis\u00e4l\u00e4pimitta 1 enint\u00e4\u00e4n [mm]: 30; Sis\u00e4l\u00e4pimitta 2 alkaen [mm]: 77; Sis\u00e4l\u00e4pimitta 2 enint\u00e4\u00e4n [mm]: 89; Asennuspuoli: radseitig; VW: POLO 9N_,POLO 6R, 6C,FOX 5Z1, 5Z3,TRANSPORTER III Bus,TRANSPORTER III Kasten,POLO Stufenheck 9A4,TRANSPORTER III Pritsche\/Fahrgestell; AUDI: A2 8Z0,100 44, 44Q, C3,100 Avant 44, 44Q, C3; MERCEDES-BENZ: Stufenheck W124,KOMBI Kombi S124; OPEL: CORSA C F08, F68,MERIVA,ZAFIRA A F75_,ASTRA G CC F48_, F08_,ASTRA G Caravan F35_,CORSA B 73_, 78_, 79_,VECTRA C Caravan,SIGNUM,VECTRA C,VECTRA B 36_,ASTRA F CC 53_, 54_, 58_, 59_,VECTRA C GTS,TIGRA TwinTop,VECTRA B Caravan 31_,ASTRA G Cabriolet F67,ASTRA F Caravan 51_, 52_,ASTRA G Coupe F07_,COMBO Kasten\/Kombi,ASTRA G Stufenheck F69_,VECTRA B CC 38_,COMBO Tour,VECTRA A 86_, 87_,ASTRA F Cabriolet 53_B,ASTRA F 56_, 57_,SINTRA,TIGRA 95_,CORSA A CC 93_, 94_, 98_, 99_,CORSA C Kasten F08, W5L,VECTRA A CC 88_, 89_,COMBO 71_,ASTRA F CLASSIC CC,CORSA A TR 91_, 92_, 96_, 97_,ASTRA F CLASSIC Stufenheck,ASTRA F CLASSIC Caravan,CORSA B Kasten 73_,ASTRA G Kasten F70,ASTRA F Van 55_,CORSA A Kasten; FORD: FIESTA V JH_, JD_,FOCUS Kombi DNW,FOCUS DAW, DBW,FUSION JU_,FOCUS Stufenheck DFW,MONDEO II Kombi BNP,MONDEO II BAP,MONDEO II Stufenheck BFP,MONDEO I Kombi BNP,MONDEO I GBP,MONDEO I Stufenheck GBP; RENAULT: TWINGO I C06_,CLIO II BB0\/1\/2_, CB0\/1\/2_,CLIO III BR0\/1, CR0\/1,SC\u00c9NIC II JM0\/1_,KANGOO KC0\/1_,TWINGO II CN0_,MODUS \/ GRAND MODUS F\/JP0_,MEGANE II Kombi KM0\/1_,SC\u00c9NIC I JA0\/1_,MEGANE II Coup\u00e9-Cabriolet EM0\/1_,MEGANE Scenic JA0\/1_,MEGANE II BM0\/1_, CM0\/1_,MEGANE I BA0\/1_,KANGOO Express FC0\/1_,CLIO Grandtour KR0\/1_,GRAND SC\u00c9NIC II JM0\/1_,MEGANE I Grandtour KA0\/1_,MEGANE I Cabriolet EA0\/1_,KANGOO Express FW0\/1_,MEGANE II Stufenheck LM0\/1_,MEGANE I Classic LA0\/1_,MEGANE I Coach DA0\/1_,CLIO II Kasten SB0\/1\/2_,WIND E4M_,THALIA I LB0\/1\/2_,CLIO III Kasten SB_, SR_,LOGAN I Kombi KS_,LOGAN I LS_,THALIA II LU1\/2_,LOGAN EXPRESS; FIAT: CROMA 194,SCUDO 270_,ULYSSE 179AX,SEDICI,SCUDO Kasten 270_,ULYSSE 220,SCUDO Kasten 220L,SCUDO Combinato 220P,SCUDO Pritsche\/Fahrgestell 270_; SKODA: FABIA Combi 6Y5,FABIA,FABIA 6Y2,FABIA Combi,ROOMSTER 5J,RAPID Spaceback NH1,FABIA Stufenheck 6Y3,ROOMSTER Praktik 5J,RAPID NH3,FABIA Praktik,FABIA NJ3,FABIA Kombi NJ5; PEUGEOT: 807 E,2008,806 221,EXPERT Tepee VF3V_,EXPERT Kasten VF3A_, VF3U_, VF3X_,EXPERT Kasten 222,308 II,EXPERT 224,EXPERT Pritsche\/Fahrgestell 223,308 SW II,EXPERT Pritsche\/Fahrgestell; SEAT: IBIZA IV 6L1,IBIZA V 6J5, 6P5,IBIZA V ST 6J8, 6P8,IBIZA II 6K1,IBIZA V SPORTCOUPE 6J1, 6P1,CORDOBA 6L2,TOLEDO IV KG3<\/p>\n","protected":false},"excerpt":{"rendered":"<p>SKF Paljekumisarja, Vetoakseli VKJP 01015  VW,AUDI,MERCEDES-BENZ,POLO 9N_,POLO 6R, 6C,FOX 5Z1, 5Z3,TRANSPORTER III Bus,TRANSPORTER III Kasten<\/p>\n","protected":false},"featured_media":0,"template":"","meta":{"site-sidebar-layout":"default","site-content-layout":"default","ast-global-header-display":"","ast-main-header-display":"","ast-hfb-above-header-display":"","ast-hfb-below-header-display":"","ast-hfb-mobile-header-display":"","site-post-title":"","ast-breadcrumbs-content":"","ast-featured-img":"","footer-sml-layout":"","theme-transparent-header-meta":"","adv-header-id-meta":"","stick-header-meta":"","header-above-stick-meta":"","header-main-stick-meta":"","header-below-stick-meta":""},"pwb-brand":[237],"product_cat":[42],"product_tag":[],"class_list":{"0":"post-13933","1":"product","2":"type-product","3":"status-publish","5":"pwb-brand-skf","6":"product_cat-vetonivelen-suojakumi","7":"desktop-align-left","8":"tablet-align-left","9":"mobile-align-left","11":"first","12":"instock","13":"product-type-external"},"brands":[{"id":237,"name":"SKF","slug":"skf"}],"_links":{"self":[{"href":"https:\/\/www.autonvaraosahaku.fi\/index.php?rest_route=\/wp\/v2\/product\/13933","targetHints":{"allow":["GET"]}}],"collection":[{"href":"https:\/\/www.autonvaraosahaku.fi\/index.php?rest_route=\/wp\/v2\/product"}],"about":[{"href":"https:\/\/www.autonvaraosahaku.fi\/index.php?rest_route=\/wp\/v2\/types\/product"}],"wp:attachment":[{"href":"https:\/\/www.autonvaraosahaku.fi\/index.php?rest_route=%2Fwp%2Fv2%2Fmedia&parent=13933"}],"wp:term":[{"taxonomy":"pwb-brand","embeddable":true,"href":"https:\/\/www.autonvaraosahaku.fi\/index.php?rest_route=%2Fwp%2Fv2%2Fpwb-brand&post=13933"},{"taxonomy":"product_cat","embeddable":true,"href":"https:\/\/www.autonvaraosahaku.fi\/index.php?rest_route=%2Fwp%2Fv2%2Fproduct_cat&post=13933"},{"taxonomy":"product_tag","embeddable":true,"href":"https:\/\/www.autonvaraosahaku.fi\/index.php?rest_route=%2Fwp%2Fv2%2Fproduct_tag&post=13933"}],"curies":[{"name":"wp","href":"https:\/\/api.w.org\/{rel}","templated":true}]}}