{"id":13935,"date":"2021-02-21T14:19:19","date_gmt":"2021-02-21T14:19:19","guid":{"rendered":"https:\/\/www.autonvaraosahaku.fi\/?product=japanparts-fo-410s-oljynsuodatin"},"modified":"2021-02-21T14:19:21","modified_gmt":"2021-02-21T14:19:21","slug":"japanparts-fo-410s-oljynsuodatin","status":"publish","type":"product","link":"https:\/\/www.autonvaraosahaku.fi\/?product=japanparts-fo-410s-oljynsuodatin","title":{"rendered":"JAPANPARTS FO-410S \u00d6ljynsuodatin"},"content":{"rendered":"<p>Suodatintyyppi: Ruuvattava suodatin; Pituus (mm): 86,7; Ulkol\u00e4pimitta [mm]: 65; Asennusl\u00e4pimitta [mm]: 62,7; Sis\u00e4kierre (mm): M20 x 1,5; Moottorinumero: D16A6  Honda; MAZDA: 3 BK,6 Kombi GH,6 Hatchback GG,6 Schr\u00e4gheck GH,3 Stufenheck BK,323 C IV BG,FAMILIA IV BF,FAMILIA V BG8,323 III Hatchback BF,RX 7 I SA,626 III GD,FAMILIA IV BG,626 III Hatchback GD,626 III Coupe GD,E-SERIE Kasten SR2,626 III Station Wagon GV,626 II GC,626 II Hatchback GC,929 III HC,B-SERIE UF,323 III BF,929 II Coupe HB,323 III Station Wagon BW,323 II Hatchback BD,929 II HB,626 I CB,929 I LA,E-SERIE Kasten,929 II Kombi HV,B-SERIE PE,B-SERIE UD; HONDA: CIVIC VIII Hatchback FN, FK,JAZZ II GD,CR-V III RE,CIVIC VII Hatchback EU, EP, EV,JAZZ III GE,CR-V II RD_,ACCORD VII CL,CIVIC VI Hatchback EJ, EK,FR-V BE,CR-V IV RE,ACCORD VIII CU,ACCORD VII Tourer CM,ACCORD VI CG, CK,CIVIC IX FK,ACCORD VIII Kombi,CIVIC VI Fastback MA, MB,CRX III EH, EG,LOGO GA3,CIVIC VI Aerodeck MB, MC,STREAM RN,CR-V I RD,HR-V GH,CRX II ED, EE,CIVIC V Hatchback EG,PRELUDE V BB,CIVIC VII Coupe EM2,ACCORD VI Hatchback CH,CIVIC VIII Stufenheck FD, FA,ACCORD VI Coupe CG,INSIGHT ZE_,CIVIC IV Hatchback EC, ED, EE,ACCORD V CE, CF,CIVIC VI Stufenheck EJ, EK,CR-Z ZF1,PRELUDE IV BB,CIVIC VI Coupe EJ, EM1,SHUTTLE RA,INTEGRA Coupe DC2, DC4,CIVIC V Coupe EJ,CIVIC VII Stufenheck ES,PRELUDE III BA,ACCORD IV CB,CIVIC V Stufenheck EG, EH,ACCORD V Aerodeck CE,ACCORD V CC, CD,LEGEND III KA9,ACCORD V Coupe CD,CONCERTO HW,CIVIC IV Stufenheck ED,PRELUDE II AB,ACCORD III CA,ACCORD IV Aerodeck CB,CONCERTO Stufenheck HWW,ACCORD III Aerodeck CA,ACCORD IV Coupe CB,; SUBARU: FORESTER SH,LEGACY IV Station Wagon BL, BP, B13_,IMPREZA Schr\u00e4gheck GR, GH, G3,FORESTER SJ,OUTBACK BL, BP,XV,LEGACY V Station Wagon BM, BR,LEGACY V BM, BR; OPEL: CORSA B 73_, 78_, 79_,VECTRA B 36_,ASTRA F CC 53_, 54_, 58_, 59_,ASTRA F Caravan 51_, 52_,VECTRA B CC 38_,VECTRA A 86_, 87_,ASTRA F 56_, 57_,KADETT E CC 33_, 34_, 43_, 44_,CORSA A CC 93_, 94_, 98_, 99_,VECTRA A CC 88_, 89_,CORSA A TR 91_, 92_, 96_, 97_,KADETT E 39_, 49_,KADETT E Caravan 35_, 36_, 45_, 46_,CORSA A Kasten; ROVER: 400 Hatchback RT,200 Hatchback XW,200 Coupe XW,400 XW; DAIHATSU: FOURTRAK F7, F8,ROCKY Soft Top F7, F8; MITSUBISHI: PAJERO PININ H6_W, H7_W; ISUZU: GEMINI JT,GEMINI Stufenheck; 1560187310, 1560187310000, 15200PH1004, 15400MJ0003, 15400P0H004, 15400P0H305, 15400P3RT01, 15400PC6003, 15400PC6004, 15400PC6405, 15400PFB014, 15400PH1003, 15400PH1004, 15400PH1014, 15400PH1F01, 15400PH1F02, 15400PH1F03, 15400PH4K02, 15400PH9004, 15400PK1003, 15400PLC003, 15400PLC004, 15400PLMA01, 15400PLMA02, 15400PMET01, 15400PR3003, 15400PR3004, 15400PR3305, 15400PR3315, 15400PR3406, 15400PT1K02, 15400PT7004, 15400R5GH01, 15400RAFT01, 15400RBAF01, 15400RK9F01, 15400RTA003, 15400RTA004, 8944128150, 817323802, F802238029A, Y70114302, MD320276, MD325714, MD352627, MD360935, 15208AA110<\/p>\n","protected":false},"excerpt":{"rendered":"<p>JAPANPARTS \u00d6ljynsuodatin FO-410S  MAZDA,HONDA,SUBARU,3 BK,6 Kombi GH,6 Hatchback GG,6 Schr\u00e4gheck GH,3 Stufenheck BK,323 C IV BG,FAMILIA IV BF<\/p>\n","protected":false},"featured_media":0,"template":"","meta":{"site-sidebar-layout":"default","site-content-layout":"default","ast-global-header-display":"","ast-main-header-display":"","ast-hfb-above-header-display":"","ast-hfb-below-header-display":"","ast-hfb-mobile-header-display":"","site-post-title":"","ast-breadcrumbs-content":"","ast-featured-img":"","footer-sml-layout":"","theme-transparent-header-meta":"","adv-header-id-meta":"","stick-header-meta":"","header-above-stick-meta":"","header-main-stick-meta":"","header-below-stick-meta":""},"pwb-brand":[334],"product_cat":[30],"product_tag":[],"class_list":{"0":"post-13935","1":"product","2":"type-product","3":"status-publish","5":"pwb-brand-japanparts","6":"product_cat-oljynsuodatin","7":"desktop-align-left","8":"tablet-align-left","9":"mobile-align-left","11":"first","12":"instock","13":"product-type-external"},"brands":[{"id":334,"name":"JAPANPARTS","slug":"japanparts"}],"_links":{"self":[{"href":"https:\/\/www.autonvaraosahaku.fi\/index.php?rest_route=\/wp\/v2\/product\/13935","targetHints":{"allow":["GET"]}}],"collection":[{"href":"https:\/\/www.autonvaraosahaku.fi\/index.php?rest_route=\/wp\/v2\/product"}],"about":[{"href":"https:\/\/www.autonvaraosahaku.fi\/index.php?rest_route=\/wp\/v2\/types\/product"}],"wp:attachment":[{"href":"https:\/\/www.autonvaraosahaku.fi\/index.php?rest_route=%2Fwp%2Fv2%2Fmedia&parent=13935"}],"wp:term":[{"taxonomy":"pwb-brand","embeddable":true,"href":"https:\/\/www.autonvaraosahaku.fi\/index.php?rest_route=%2Fwp%2Fv2%2Fpwb-brand&post=13935"},{"taxonomy":"product_cat","embeddable":true,"href":"https:\/\/www.autonvaraosahaku.fi\/index.php?rest_route=%2Fwp%2Fv2%2Fproduct_cat&post=13935"},{"taxonomy":"product_tag","embeddable":true,"href":"https:\/\/www.autonvaraosahaku.fi\/index.php?rest_route=%2Fwp%2Fv2%2Fproduct_tag&post=13935"}],"curies":[{"name":"wp","href":"https:\/\/api.w.org\/{rel}","templated":true}]}}