{"id":13943,"date":"2021-02-21T14:19:23","date_gmt":"2021-02-21T14:19:23","guid":{"rendered":"https:\/\/www.autonvaraosahaku.fi\/?product=vaico-v24-0495-pyoranpultit"},"modified":"2021-02-21T14:19:24","modified_gmt":"2021-02-21T14:19:24","slug":"vaico-v24-0495-pyoranpultit","status":"publish","type":"product","link":"https:\/\/www.autonvaraosahaku.fi\/?product=vaico-v24-0495-pyoranpultit","title":{"rendered":"VAICO V24-0495 Py\u00f6r\u00e4npultit"},"content":{"rendered":"<p>Pituus (mm): 48,5; Py\u00f6r\u00e4n kiinnitys: Kartiolaippa F; Kierteen pituus (mm): 22; Kierremitta: M 12 x 1,25 mm; Avainv\u00e4li: 17; Paino [kg]: 0,067; Pakkausleveys [cm]: 2,332; Pakkauskorkeus [mm]: 2,332; Pakkaussyvyys [cm]: 4,78; lis\u00e4tieto: CST99; TECDOC-moottorinumero: 31896; ABARTH: 500 \/ 595 312_,500C \/ 595C 312_; OPEL: COMBO Kasten\/Kombi X12,COMBO Tour X12; LANCIA: YPSILON 843,DELTA III 844,Y 840A,MUSA 350,LYBRA SW 839BX,KAPPA 838A,LYBRA 839AX,YPSILON 312, 846,KAPPA SW 838B,KAPPA Coupe 838; FORD: KA RU8; FIAT: GRANDE PUNTO 199,PUNTO 188,PANDA 169,500 312,STILO 192,BRAVO II 198,DOBLO Cargo 223,500 C 312,STILO Multi Wagon 192,DOBLO 119,DOBLO Kasten\/Kombi 263,PANDA Van 169,IDEA,MULTIPLA 186,500L,DOBLO Gro\u00dfraumlimousine 152, 263,PUNTO Van 188AX,MAREA Weekend 185,FIORINO Kasten\/Kombi 225,LINEA 323,DOBLO Pritsche\/Fahrgestell 263,MAREA 185,500X; ALFA ROMEO: 147 937,156 Sportwagon 932,GIULIETTA 940,MITO 955,156 932,GT 937,166 936,4C 960,4C SPIDER 960; VAUXHALL: COMBO Mk III D Kasten\/Kombi; 13230325, 13230335, 13230425, 1607370980, 1612615780, 540583, 11294235, 13230325, 13230335, 13230425, 13230435, 1559373, 1850468, W303433, 13230325, 13230335, 13230425, 01008011, 1008011, 1607370980, 1612615780, 540583, 95510864; Py\u00f6r\u00e4nruuvi<\/p>\n","protected":false},"excerpt":{"rendered":"<p>VAICO Py\u00f6r\u00e4npultit V24-0495 Py\u00f6r\u00e4nruuvi ABARTH,OPEL,LANCIA,500 \/ 595 312_,500C \/ 595C 312_,COMBO Kasten\/Kombi X12,COMBO Tour X12,YPSILON 843<\/p>\n","protected":false},"featured_media":0,"template":"","meta":{"site-sidebar-layout":"default","site-content-layout":"default","ast-global-header-display":"","ast-main-header-display":"","ast-hfb-above-header-display":"","ast-hfb-below-header-display":"","ast-hfb-mobile-header-display":"","site-post-title":"","ast-breadcrumbs-content":"","ast-featured-img":"","footer-sml-layout":"","theme-transparent-header-meta":"","adv-header-id-meta":"","stick-header-meta":"","header-above-stick-meta":"","header-main-stick-meta":"","header-below-stick-meta":""},"pwb-brand":[330],"product_cat":[51],"product_tag":[],"class_list":{"0":"post-13943","1":"product","2":"type-product","3":"status-publish","5":"pwb-brand-vaico","6":"product_cat-pyoranpultit","7":"desktop-align-left","8":"tablet-align-left","9":"mobile-align-left","11":"first","12":"instock","13":"product-type-external"},"brands":[{"id":330,"name":"VAICO","slug":"vaico"}],"_links":{"self":[{"href":"https:\/\/www.autonvaraosahaku.fi\/index.php?rest_route=\/wp\/v2\/product\/13943","targetHints":{"allow":["GET"]}}],"collection":[{"href":"https:\/\/www.autonvaraosahaku.fi\/index.php?rest_route=\/wp\/v2\/product"}],"about":[{"href":"https:\/\/www.autonvaraosahaku.fi\/index.php?rest_route=\/wp\/v2\/types\/product"}],"wp:attachment":[{"href":"https:\/\/www.autonvaraosahaku.fi\/index.php?rest_route=%2Fwp%2Fv2%2Fmedia&parent=13943"}],"wp:term":[{"taxonomy":"pwb-brand","embeddable":true,"href":"https:\/\/www.autonvaraosahaku.fi\/index.php?rest_route=%2Fwp%2Fv2%2Fpwb-brand&post=13943"},{"taxonomy":"product_cat","embeddable":true,"href":"https:\/\/www.autonvaraosahaku.fi\/index.php?rest_route=%2Fwp%2Fv2%2Fproduct_cat&post=13943"},{"taxonomy":"product_tag","embeddable":true,"href":"https:\/\/www.autonvaraosahaku.fi\/index.php?rest_route=%2Fwp%2Fv2%2Fproduct_tag&post=13943"}],"curies":[{"name":"wp","href":"https:\/\/api.w.org\/{rel}","templated":true}]}}