{"id":13944,"date":"2021-02-21T14:19:23","date_gmt":"2021-02-21T14:19:23","guid":{"rendered":"https:\/\/www.autonvaraosahaku.fi\/?product=febi-bilstein-07663-pyoranpultit"},"modified":"2021-02-21T14:19:24","modified_gmt":"2021-02-21T14:19:24","slug":"febi-bilstein-07663-pyoranpultit","status":"publish","type":"product","link":"https:\/\/www.autonvaraosahaku.fi\/?product=febi-bilstein-07663-pyoranpultit","title":{"rendered":"FEBI BILSTEIN 07663 Py\u00f6r\u00e4npultit"},"content":{"rendered":"<p>Paksuus [mm]: 27,0; Ulkol\u00e4pimitta [mm]: 46,0; Sis\u00e4kierre (mm): M22 x 1,5; Laatu \/ luokka: 10; Avainv\u00e4li: 32; Ruuvikanta\/mutteriprofiili: Kuusioruuvi \/-mutteri; Py\u00f6r\u00e4n kiinnitys: Sile\u00e4 istukka; Materiaali: Ter\u00e4s; Pinta: Sinkki-liuska-pinnoite; Asennuspuoli: Etuakseli, Taka-akseli; Paino [kg]: 0,138; Huomioi huolto-ohjeet: , ; Akselitunnus: BM 749.334, .349; MERCEDES-BENZ: ACTROS,ACTROS MP2 \/ MP3,ACTROS MP4 \/ MP5,ANTOS,ATEGO,AXOR,AXOR 2,CITARO (O 530),CONECTO (O 345),INTEGRO (O 550),INTOURO,MK,NG,O 305,O 307,O 405,O 407,O 408,OH,SK,T2\/L,TOURISMO (O 350),TOURO (O 500),TRAVEGO (O 580),UNIMOG; 0041036367, 0041299921, 004459603, 004459603S1, 041036367, 041299921, 04459603, 04459603S1, 41036367, 41299921, 4459603, 81455030049, 81455030056, 81455030066, 0004010672, A0004010672; Py\u00f6r\u00e4n Mutteri<\/p>\n","protected":false},"excerpt":{"rendered":"<p>FEBI BILSTEIN Py\u00f6r\u00e4nmutterit 07663 Py\u00f6r\u00e4n Mutteri MERCEDES-BENZ,ACTROS,ACTROS MP2 \/ MP3,ACTROS MP4 \/ MP5,ANTOS,ATEGO,AXOR,AXOR 2,CITARO (O 530)<\/p>\n","protected":false},"featured_media":0,"template":"","meta":{"site-sidebar-layout":"default","site-content-layout":"default","ast-global-header-display":"","ast-main-header-display":"","ast-hfb-above-header-display":"","ast-hfb-below-header-display":"","ast-hfb-mobile-header-display":"","site-post-title":"","ast-breadcrumbs-content":"","ast-featured-img":"","footer-sml-layout":"","theme-transparent-header-meta":"","adv-header-id-meta":"","stick-header-meta":"","header-above-stick-meta":"","header-main-stick-meta":"","header-below-stick-meta":""},"pwb-brand":[50],"product_cat":[51],"product_tag":[],"class_list":{"0":"post-13944","1":"product","2":"type-product","3":"status-publish","5":"pwb-brand-febi-bilstein","6":"product_cat-pyoranpultit","7":"desktop-align-left","8":"tablet-align-left","9":"mobile-align-left","11":"first","12":"instock","13":"product-type-external"},"brands":[{"id":50,"name":"FEBI BILSTEIN","slug":"febi-bilstein"}],"_links":{"self":[{"href":"https:\/\/www.autonvaraosahaku.fi\/index.php?rest_route=\/wp\/v2\/product\/13944","targetHints":{"allow":["GET"]}}],"collection":[{"href":"https:\/\/www.autonvaraosahaku.fi\/index.php?rest_route=\/wp\/v2\/product"}],"about":[{"href":"https:\/\/www.autonvaraosahaku.fi\/index.php?rest_route=\/wp\/v2\/types\/product"}],"wp:attachment":[{"href":"https:\/\/www.autonvaraosahaku.fi\/index.php?rest_route=%2Fwp%2Fv2%2Fmedia&parent=13944"}],"wp:term":[{"taxonomy":"pwb-brand","embeddable":true,"href":"https:\/\/www.autonvaraosahaku.fi\/index.php?rest_route=%2Fwp%2Fv2%2Fpwb-brand&post=13944"},{"taxonomy":"product_cat","embeddable":true,"href":"https:\/\/www.autonvaraosahaku.fi\/index.php?rest_route=%2Fwp%2Fv2%2Fproduct_cat&post=13944"},{"taxonomy":"product_tag","embeddable":true,"href":"https:\/\/www.autonvaraosahaku.fi\/index.php?rest_route=%2Fwp%2Fv2%2Fproduct_tag&post=13944"}],"curies":[{"name":"wp","href":"https:\/\/api.w.org\/{rel}","templated":true}]}}