{"id":13960,"date":"2021-02-21T14:19:27","date_gmt":"2021-02-21T14:19:27","guid":{"rendered":"https:\/\/www.autonvaraosahaku.fi\/?product=valeo-575555-pyyhkijansulat"},"modified":"2021-02-21T14:19:27","modified_gmt":"2021-02-21T14:19:27","slug":"valeo-575555-pyyhkijansulat","status":"publish","type":"product","link":"https:\/\/www.autonvaraosahaku.fi\/?product=valeo-575555-pyyhkijansulat","title":{"rendered":"VALEO 575555 Pyyhkij\u00e4nsulat"},"content":{"rendered":"<p>M\u00e4\u00e4r\u00e4: 1; Pituus (mm): 550; Pituus (tuumaa): 22; Sopiva adapteri: U; Paino [kg]: 0,17; Tuotelinja: FIRST; Pyyhkij\u00e4nsulkatyyppi: Tavallinen; Asennuspuoli: beifahrerseitig; VW: TRANSPORTER V Bus 7HB, 7HJ, 7EB, 7EJ, 7EF,MULTIVAN V 7HM, 7HN, 7HF, 7EF, 7EM, 7EN,TRANSPORTER V Kasten 7HA, 7HH, 7EA, 7EH,LT 28-46 II Kasten 2DA, 2DD, 2DH,TRANSPORTER V Pritsche\/Fahrgestell 7JD, 7JE, 7JL, 7JY, 7JZ,,LT 28-35 II Bus 2DB, 2DE, 2DK,LT 28-46 II Pritsche\/Fahrgestell 2DC, 2DF, 2DG, 2DL, 2DM; AUDI: A6 Avant 4B5, C5,80 8C, B4,A6 4B2, C5,CABRIOLET 8G7, B4,100 4A, C4,A6 Avant 4A, C4,A6 4A, C4,COUPE 89, 8B,100 Avant 4A, C4,V8 44_, 4C_; MAZDA: MPV I LV,121 I DA,2 DL, DJ,CX-3 DK,2 Stufenheck DL, DJ; BMW: X5 E53,3 Cabriolet E36; CHEVROLET: MATIZ M200, M250,NUBIRA Kombi,KALOS,AVEO Schr\u00e4gheck T250, T255,LACETTI J200,AVEO Stufenheck T250, T255,NUBIRA Stufenheck,LACETTI Kombi J200,LACETTI Stufenheck; JEEP: COMPASS MK49; DAEWOO: KALOS KLAS,LACETTI Schr\u00e4gheck KLAN,NUBIRA Stufenheck KLAN,KALOS Stufenheck KLAS,NUBIRA Wagon KLAN,NUBIRA Wagon KLAJ,LEGANZA KLAV,NUBIRA Stufenheck KLAJ; NISSAN: ALMERA II Hatchback N16,NV200 EVALIA,TIIDA Schr\u00e4gheck,NV200 Kasten,PATHFINDER R50,ALMERA Mk II N16,MAXIMA QX A33,MAXIMA QX A32,TIIDA Stufenheck SC11X,MAXIMA Station Wagon; KIA: PICANTO BA,RIO II JB,PICANTO TA,MAGENTIS GD,RIO II Stufenheck JB,JOICE; LEXUS: IS II GSE2_, ALE2_, USE2_,IS I JCE1_, GXE1_,RX GYL1_, GGL15, AGL10,IS SportCross,LS UCF20,LS UCF30,LS UCF10,IS C GSE2_; 357998003A, 4A0955427, 4B0955425, 4B0955427, 8D1955427, 1611346580, 6423K5, 6426XQ, 71779256, 71805687, 1714329, A1708200845, 1611346580, 6426KZ, 6426S4, 4A0955427, 8D1955427, 4A0955427, 8D1955427, 357998003A, 4A0955427, 8D1955427; Tuulilasinpyyhkimet,Pyyhkij\u00e4t,Pyyhkij\u00e4nsulka<\/p>\n","protected":false},"excerpt":{"rendered":"<p>VALEO Pyyhkij\u00e4nsulat 575555 Tuulilasinpyyhkimet,Pyyhkij\u00e4t VW,AUDI,MAZDA,TRANSPORTER V Bus 7HB, 7HJ, 7EB, 7EJ, 7EF<\/p>\n","protected":false},"featured_media":0,"template":"","meta":{"site-sidebar-layout":"default","site-content-layout":"default","ast-global-header-display":"","ast-main-header-display":"","ast-hfb-above-header-display":"","ast-hfb-below-header-display":"","ast-hfb-mobile-header-display":"","site-post-title":"","ast-breadcrumbs-content":"","ast-featured-img":"","footer-sml-layout":"","theme-transparent-header-meta":"","adv-header-id-meta":"","stick-header-meta":"","header-above-stick-meta":"","header-main-stick-meta":"","header-below-stick-meta":""},"pwb-brand":[28],"product_cat":[33],"product_tag":[],"class_list":{"0":"post-13960","1":"product","2":"type-product","3":"status-publish","5":"pwb-brand-valeo","6":"product_cat-pyyhkijansulat","7":"desktop-align-left","8":"tablet-align-left","9":"mobile-align-left","11":"first","12":"instock","13":"product-type-external"},"brands":[{"id":28,"name":"VALEO","slug":"valeo"}],"_links":{"self":[{"href":"https:\/\/www.autonvaraosahaku.fi\/index.php?rest_route=\/wp\/v2\/product\/13960","targetHints":{"allow":["GET"]}}],"collection":[{"href":"https:\/\/www.autonvaraosahaku.fi\/index.php?rest_route=\/wp\/v2\/product"}],"about":[{"href":"https:\/\/www.autonvaraosahaku.fi\/index.php?rest_route=\/wp\/v2\/types\/product"}],"wp:attachment":[{"href":"https:\/\/www.autonvaraosahaku.fi\/index.php?rest_route=%2Fwp%2Fv2%2Fmedia&parent=13960"}],"wp:term":[{"taxonomy":"pwb-brand","embeddable":true,"href":"https:\/\/www.autonvaraosahaku.fi\/index.php?rest_route=%2Fwp%2Fv2%2Fpwb-brand&post=13960"},{"taxonomy":"product_cat","embeddable":true,"href":"https:\/\/www.autonvaraosahaku.fi\/index.php?rest_route=%2Fwp%2Fv2%2Fproduct_cat&post=13960"},{"taxonomy":"product_tag","embeddable":true,"href":"https:\/\/www.autonvaraosahaku.fi\/index.php?rest_route=%2Fwp%2Fv2%2Fproduct_tag&post=13960"}],"curies":[{"name":"wp","href":"https:\/\/api.w.org\/{rel}","templated":true}]}}