{"id":13969,"date":"2021-02-21T14:19:27","date_gmt":"2021-02-21T14:19:27","guid":{"rendered":"https:\/\/www.autonvaraosahaku.fi\/?product=trw-df4147-jarrulevyt"},"modified":"2021-02-21T14:19:28","modified_gmt":"2021-02-21T14:19:28","slug":"trw-df4147-jarrulevyt","status":"publish","type":"product","link":"https:\/\/www.autonvaraosahaku.fi\/?product=trw-df4147-jarrulevyt","title":{"rendered":"TRW DF4147 Jarrulevyt"},"content":{"rendered":"<p>Jarrulevytyyppi: Tuuletettu; Ulkol\u00e4pimitta [mm]: 300; Jarrulevyn paksuus (mm): 24; V\u00e4himm\u00e4ispaksuus (mm): 22; keskitt\u00e4misl\u00e4pimitta [mm]: 63,5; Korkeus (mm): 47,1; Reikien m\u00e4\u00e4r\u00e4: 5; Kierremitta: 13,75; Reik\u00e4ympyr\u00e4-\u00d8 [mm]: 108; K\u00e4sittely: hiiliter\u00e4s; V\u00e4ri: Musta; Pinta: Lakattu; Tarkistuskilpi: E190R02 02C0176\/0199; Asennuspuoli: Vorderachse; JAGUAR: X-TYPE CF1,X-TYPE Estate; FORD: MONDEO III Kombi BWY,MONDEO III B5Y,MONDEO III Stufenheck B4Y; 1321488, 1376118, 1388257, 1465618, 1506298, 1681578, 1S7W1125AB, 4097477, 4097478, 4110587, 4179398, 4181042, C2S35270, C2S42667, C2S4566, C2S49729; Jarrulevy<\/p>\n","protected":false},"excerpt":{"rendered":"<p>TRW Jarrulevyt DF4147 Jarrulevy JAGUAR,FORD,X-TYPE CF1,X-TYPE Estate,MONDEO III Kombi BWY,MONDEO III B5Y,MONDEO III Stufenheck B4Y<\/p>\n","protected":false},"featured_media":0,"template":"","meta":{"site-sidebar-layout":"default","site-content-layout":"default","ast-global-header-display":"","ast-main-header-display":"","ast-hfb-above-header-display":"","ast-hfb-below-header-display":"","ast-hfb-mobile-header-display":"","site-post-title":"","ast-breadcrumbs-content":"","ast-featured-img":"","footer-sml-layout":"","theme-transparent-header-meta":"","adv-header-id-meta":"","stick-header-meta":"","header-above-stick-meta":"","header-main-stick-meta":"","header-below-stick-meta":""},"pwb-brand":[332],"product_cat":[66],"product_tag":[],"class_list":{"0":"post-13969","1":"product","2":"type-product","3":"status-publish","5":"pwb-brand-trw","6":"product_cat-jarrulevyt","7":"desktop-align-left","8":"tablet-align-left","9":"mobile-align-left","11":"first","12":"instock","13":"product-type-external"},"brands":[{"id":332,"name":"TRW","slug":"trw"}],"_links":{"self":[{"href":"https:\/\/www.autonvaraosahaku.fi\/index.php?rest_route=\/wp\/v2\/product\/13969","targetHints":{"allow":["GET"]}}],"collection":[{"href":"https:\/\/www.autonvaraosahaku.fi\/index.php?rest_route=\/wp\/v2\/product"}],"about":[{"href":"https:\/\/www.autonvaraosahaku.fi\/index.php?rest_route=\/wp\/v2\/types\/product"}],"wp:attachment":[{"href":"https:\/\/www.autonvaraosahaku.fi\/index.php?rest_route=%2Fwp%2Fv2%2Fmedia&parent=13969"}],"wp:term":[{"taxonomy":"pwb-brand","embeddable":true,"href":"https:\/\/www.autonvaraosahaku.fi\/index.php?rest_route=%2Fwp%2Fv2%2Fpwb-brand&post=13969"},{"taxonomy":"product_cat","embeddable":true,"href":"https:\/\/www.autonvaraosahaku.fi\/index.php?rest_route=%2Fwp%2Fv2%2Fproduct_cat&post=13969"},{"taxonomy":"product_tag","embeddable":true,"href":"https:\/\/www.autonvaraosahaku.fi\/index.php?rest_route=%2Fwp%2Fv2%2Fproduct_tag&post=13969"}],"curies":[{"name":"wp","href":"https:\/\/api.w.org\/{rel}","templated":true}]}}