{"id":13970,"date":"2021-02-21T14:19:27","date_gmt":"2021-02-21T14:19:27","guid":{"rendered":"https:\/\/www.autonvaraosahaku.fi\/?product=valeo-586002-oljynsuodatin"},"modified":"2021-02-21T14:19:28","modified_gmt":"2021-02-21T14:19:28","slug":"valeo-586002-oljynsuodatin","status":"publish","type":"product","link":"https:\/\/www.autonvaraosahaku.fi\/?product=valeo-586002-oljynsuodatin","title":{"rendered":"VALEO 586002 \u00d6ljynsuodatin"},"content":{"rendered":"<p>Kierremitta: M 20&#215;1,5; Ulkol\u00e4pimitta [mm]: 77; Sis\u00e4l\u00e4pimitta 1 [mm]: 71; Sis\u00e4l\u00e4pimitta 2 [mm]: 62,5; Korkeus (mm): 86; Avauspaine ohitusventtiili [bar]: 1; Suodatintyyppi: Ruuvattava suodatin; Paino [kg]: 0,3; Valmistusvuosi alkaen: 10\/2013; OPEL: CROSSLAND X,GRANDLAND X A18; FIAT: DUCATO Pritsche\/Fahrgestell 230,DUCATO Bus 230,DUCATO Kasten 244,DUCATO Pritsche\/Fahrgestell 244,DUCATO Kasten 230L,ULYSSE 179AX,DUCATO Bus 244, Z_,ULYSSE 220,SCUDO Kasten 220L,SCUDO Combinato 220P,SCUDO Pritsche\/Fahrgestell 220_; PEUGEOT: 206 Schr\u00e4gheck 2A\/C,206 CC 2D,307 SW 3H,307 CC 3B,407 SW 6E_,307 3A\/C,206 SW 2E\/K,208,807 E,106 II 1,5008,307 Break 3E,508 SW,306 Schr\u00e4gheck 7A, 7C, N3, N5,607 9D, 9U,306 Cabriolet 7D, N3, N5,407 6D_,3008,406 Break 8E\/F,PARTNER Tepee,PARTNER Combispace 5F,2008,PARTNER Kasten 5,406 Coupe 8C,306 Break 7E, N3, N5,406 8B,806 221,508,407 Coupe 6C_,BOXER Kasten 230L,BOXER Kasten 244,306 7B, N3, N5,EXPERT Kasten 222,308 II,BOXER Bus 230P,BOXER Bus 244, Z_,BOXER Pritsche\/Fahrgestell ZCT_,206 Van,605 6B,EXPERT 224,106 Van 1_,BOXER Pritsche\/Fahrgestell 244,301,EXPERT Pritsche\/Fahrgestell 223,308 SW II,108,3008 SUV,5008 II,PARTNER Pritsche\/Fahrgestell,TRAVELLER,208 Kasten,306 Kasten\/Schr\u00e4gheck; TOYOTA: COROLLA Liftback _E11_,COROLLA Compact _E11_,COROLLA _E11_,COROLLA Wagon __E11_,AYGO PAB4_, KGB4_,PROACE Bus MPY_,PROACE Kasten MDZ_; CITRO\u00cbN: BERLINGO MF,XSARA PICASSO N68,BERLINGO B9,C5 III Break TD_,C8 EA_, EB_,C4 I LC_,SAXO S0, S1,DS3,BERLINGO Kasten M_,C5 II Break RE_,C3 Picasso,C5 I DC_,C5 I Break DE_,C5 III RD_,C3 II,XSARA N1,C4 Coupe LA_,C4 II B7,C5 II RC_,XSARA Break N2,JUMPER Kasten 244,C6 TD_,C4 Grand Picasso II,C4 Picasso II,XANTIA X2,DS4,XSARA Coupe N0,DS5,EVASION 22, U6,XANTIA Break X2,JUMPY U6U,JUMPY Kasten BS_, BT_, BY_, BZ_,JUMPER Kasten 230L,JUMPER Bus 244, Z_,DS3 Cabriolet,JUMPER Pritsche\/Fahrgestell 244,C15 VD-_,JUMPY Pritsche\/Fahrgestell BU_, BV_, BW_, BX_,C-ELYSEE,C1 II,C4 CACTUS,XSARA Kasten,JUMPY Kasten,SPACETOURER,C3 III SX,C3 AIRCROSS II,XSARA Kasten\/Schr\u00e4gheck; SUZUKI: GRAND VITARA I FT,VITARA ET,VITARA Cabrio ET; CHEVROLET: EPICA KL1_; LANCIA: PHEDRA 179,ZETA 220; DS: DS 3,DS5,DS7 Crossback,DS 4 \/ DS 4 CROSSBACK,DS 3 Cabriolet; VAUXHALL: CROSSLAND X,GRANDLAND X A18; 1109AL, 1109R1, 1109T1, 1109X1, 1109X2, 9637143480, 1109AL, 9456183480, 9456203480, 9456203580, 9456183480, 9456203480, 9456203580, 1109AL, 1109AL, 1109R0, 1109R1, 1109T0, 9644885480, 8671004329, 1651066G02, 1651086CB1, 1651086CB1000, SU00101084, 1109AL<\/p>\n","protected":false},"excerpt":{"rendered":"<p>VALEO \u00d6ljynsuodatin 586002  OPEL,FIAT,PEUGEOT,CROSSLAND X,GRANDLAND X A18,DUCATO Pritsche\/Fahrgestell 230,DUCATO Bus 230,DUCATO Kasten 244<\/p>\n","protected":false},"featured_media":0,"template":"","meta":{"site-sidebar-layout":"default","site-content-layout":"default","ast-global-header-display":"","ast-main-header-display":"","ast-hfb-above-header-display":"","ast-hfb-below-header-display":"","ast-hfb-mobile-header-display":"","site-post-title":"","ast-breadcrumbs-content":"","ast-featured-img":"","footer-sml-layout":"","theme-transparent-header-meta":"","adv-header-id-meta":"","stick-header-meta":"","header-above-stick-meta":"","header-main-stick-meta":"","header-below-stick-meta":""},"pwb-brand":[28],"product_cat":[30],"product_tag":[],"class_list":{"0":"post-13970","1":"product","2":"type-product","3":"status-publish","5":"pwb-brand-valeo","6":"product_cat-oljynsuodatin","7":"desktop-align-left","8":"tablet-align-left","9":"mobile-align-left","11":"first","12":"instock","13":"product-type-external"},"brands":[{"id":28,"name":"VALEO","slug":"valeo"}],"_links":{"self":[{"href":"https:\/\/www.autonvaraosahaku.fi\/index.php?rest_route=\/wp\/v2\/product\/13970","targetHints":{"allow":["GET"]}}],"collection":[{"href":"https:\/\/www.autonvaraosahaku.fi\/index.php?rest_route=\/wp\/v2\/product"}],"about":[{"href":"https:\/\/www.autonvaraosahaku.fi\/index.php?rest_route=\/wp\/v2\/types\/product"}],"wp:attachment":[{"href":"https:\/\/www.autonvaraosahaku.fi\/index.php?rest_route=%2Fwp%2Fv2%2Fmedia&parent=13970"}],"wp:term":[{"taxonomy":"pwb-brand","embeddable":true,"href":"https:\/\/www.autonvaraosahaku.fi\/index.php?rest_route=%2Fwp%2Fv2%2Fpwb-brand&post=13970"},{"taxonomy":"product_cat","embeddable":true,"href":"https:\/\/www.autonvaraosahaku.fi\/index.php?rest_route=%2Fwp%2Fv2%2Fproduct_cat&post=13970"},{"taxonomy":"product_tag","embeddable":true,"href":"https:\/\/www.autonvaraosahaku.fi\/index.php?rest_route=%2Fwp%2Fv2%2Fproduct_tag&post=13970"}],"curies":[{"name":"wp","href":"https:\/\/api.w.org\/{rel}","templated":true}]}}