{"id":13972,"date":"2021-02-21T14:19:27","date_gmt":"2021-02-21T14:19:27","guid":{"rendered":"https:\/\/www.autonvaraosahaku.fi\/?product=febi-bilstein-46663-pyoranpultit"},"modified":"2021-02-21T14:19:28","modified_gmt":"2021-02-21T14:19:28","slug":"febi-bilstein-46663-pyoranpultit","status":"publish","type":"product","link":"https:\/\/www.autonvaraosahaku.fi\/?product=febi-bilstein-46663-pyoranpultit","title":{"rendered":"FEBI BILSTEIN 46663 Py\u00f6r\u00e4npultit"},"content":{"rendered":"<p>Paksuus [mm]: 37,5; Ulkol\u00e4pimitta [mm]: 30,0; Sis\u00e4kierre (mm): M12 x 1,5; Laatu \/ luokka: 8; Avainv\u00e4li: 21; Ruuvikanta\/mutteriprofiili: Kuusioruuvi \/-mutteri; Py\u00f6r\u00e4n kiinnitys: Sile\u00e4 istukka; Materiaali: Ter\u00e4s; Pinta: Kromattu; Asennuspuoli: Etuakseli, Taka-akseli; Paino [kg]: 0,08; Huomioi huolto-ohjeet: , ; Varusteet: f\u00fcr Fahrzeuge mit Reserverad an der Heckklappe; PEUGEOT: 4007 GP_,4008; TOYOTA: YARIS SCP9_, NSP9_, KSP9_, NCP9_, ZSP9_,YARIS SCP1_, NLP1_, NCP1_,COROLLA Verso ZER_, ZZE12_, R1_,AURIS NRE15_, ZZE15_, ADE15_, ZRE15_, NDE15_,RAV 4 III ACA3_, ACE_, ALA3_, GSA3_, ZSA3_,RAV 4 II CLA2_, XA2_, ZCA2_, ACA2_,COROLLA ZZE12_, NDE12_, ZDE12_,AVENSIS Station Wagon ZRT27, ADT27,VERSO _AUR2_, _ZGR2_,YARIS VERSO _NLP2_, _NCP2_,YARIS NHP13_, NSP13_, NCP13_, KSP13_, NLP13_,AURIS NZE18_, ZRE18_,STARLET EP91,COROLLA Kombi _E12J_, _E12T_,PRIUS Liftback NHW20_,COROLLA Liftback _E11_,AURIS TOURING SPORTS ADE18_, ZWE18_, ZRE18_,IQ KPJ1_, NGJ1_, KGJ1_, NUJ1_,COROLLA Compact _E11_,RAV 4 I SXA1_,COROLLA Verso ZDE12_, CDE12_,CELICA ZZT23_,PRIUS ZVW3_,AVENSIS Stufenheck ZRT27, ADT27,RAV 4 IV ZSA4_, ALA4_,VERSO S NLP12_, NCP12_, NSP12_,COROLLA Stufenheck _E12J_, _E12T_,LAND CRUISER 90 _J9_,VIOS\/YARIS Stufenheck ZSP9_, NCP9_,MR 2 II SW2_,MR 2 III ZZW3_,STARLET _P8_,PASEO Coupe EL54,PRIUS PLUS ZVW4_,COROLLA Compact _E10_,COROLLA _E11_,CELICA Coupe AT18_, ST18_,URBAN CRUISER NSP1_, N; HYUNDAI: TERRACAN HP,TRAJET FO,SANTAMO,GENESIS BH,H350 Bus,H350 Kasten,GENESIS DH,H350 Pritsche\/Fahrgestell; CITRO\u00cbN: C-CROSSER EP_,C4 AIRCROSS,C-CROSSER ENTERPRISE; KIA: OPIRUS GH,JOICE,STINGER CK; MITSUBISHI: COLT VI Z3_A, Z2_A,SPACE STAR DG_A,ASX GA_W_,OUTLANDER XL II CW_W,CARISMA DA_,OUTLANDER III GG_W, GF_W, ZJ,GRANDIS NA_W,OUTLANDER I CU_W,LANCER Kombi CS_W,LANCER SPORTBACK CX_A,PAJERO PININ H6_W, H7_W,LANCER Stufenheck CY\/Z_A,CARISMA Stufenheck DA_,PAJERO III V7_W, V6_W,GALANT VI Station Wagon EA_,GALANT VI EA_,PAJERO IV V8_W, V9_W,SPACE WAGON N9_W, N8_W,L 200 K7_T, K6_T,L 200 KB_T, KA_T,PAJERO II V3_W, V2_W, V4_W,LANCER Stufenheck CS_A, CT0,PAJERO IV Van V90, V80,PAJERO SPORT K90,SPACE RUNNER N6_W,PAJERO I L04_G, L14_G,PAJERO CLASSIC V2_W,L 400 \/ SPACE GEAR Bus PD_W, PC_W, PA_V, PB_V,LANCER VI CJ-CP_,3000 GT Z16A,ASX Van GA_W_,PAJERO II V3_W,L 200 Pritsche\/Fahrgestell KA_T, KB_T,PAJERO SPORT VAN K90,PAJERO III Gel\u00e4ndewagen offen V6_W, V7_W,L 200 Pritsche\/Fahrgestell K6_T, K7_T,ECLIPSE III D5_A,PAJERO II Canvas Top V2_W, V4_W,ECLIPSE Cabriolet D5_A,ECLIPSE IV DK_A,GRANDIS N9_, N8_,PAJERO SPORT II KH_, KG_,GALANT Stufenheck DJ_, ED_, EF_,LANCER Station Wagon CV_1,FT; LEXUS: IS II GSE2_, ALE2_, USE2_,RX MHU3_, GSU3_, MCU3_,IS I JCE1_, GXE1_,GS GRS19_, UZS19_, GWS19_,RX GYL1_, GGL15, AGL10,CT ZWA1_,GS UZS161, JZS160,IS SportCross,IS III GSE3_, AVE3_,GS GRL1_, GWL1_,SC UZZ40_,LS UCF30,IS C GSE2_,ES AVV6_, GSV6_, ASV6_,ES GSV4_, ACV4_,ES MCV_, VZV_,HS ANF10,NX ZGZ1_, AGZ1_, AYZ1_,RX _L2_,RC GSC1_, USC1_; 540582, 5295037000, 5295037000, 52950M2050, 5295037000, 52950M2050, 9094201033, 9094201083, MB579290, MB579420, MB910169, MR418986, MR455707, 540582, 9008017039, 9094201033, 909420103379, 9094201045, 9008017039, 9094201033, 909420103379, 9094201045, 9094201083; Py\u00f6r\u00e4n Mutteri<\/p>\n","protected":false},"excerpt":{"rendered":"<p>FEBI BILSTEIN Py\u00f6r\u00e4nmutterit 46663 Py\u00f6r\u00e4n Mutteri PEUGEOT,TOYOTA,HYUNDAI,4007 GP_,4008,YARIS SCP9_, NSP9_, KSP9_, NCP9_, ZSP9_<\/p>\n","protected":false},"featured_media":0,"template":"","meta":{"site-sidebar-layout":"default","site-content-layout":"default","ast-global-header-display":"","ast-main-header-display":"","ast-hfb-above-header-display":"","ast-hfb-below-header-display":"","ast-hfb-mobile-header-display":"","site-post-title":"","ast-breadcrumbs-content":"","ast-featured-img":"","footer-sml-layout":"","theme-transparent-header-meta":"","adv-header-id-meta":"","stick-header-meta":"","header-above-stick-meta":"","header-main-stick-meta":"","header-below-stick-meta":""},"pwb-brand":[50],"product_cat":[51],"product_tag":[],"class_list":{"0":"post-13972","1":"product","2":"type-product","3":"status-publish","5":"pwb-brand-febi-bilstein","6":"product_cat-pyoranpultit","7":"desktop-align-left","8":"tablet-align-left","9":"mobile-align-left","11":"first","12":"instock","13":"product-type-external"},"brands":[{"id":50,"name":"FEBI BILSTEIN","slug":"febi-bilstein"}],"_links":{"self":[{"href":"https:\/\/www.autonvaraosahaku.fi\/index.php?rest_route=\/wp\/v2\/product\/13972","targetHints":{"allow":["GET"]}}],"collection":[{"href":"https:\/\/www.autonvaraosahaku.fi\/index.php?rest_route=\/wp\/v2\/product"}],"about":[{"href":"https:\/\/www.autonvaraosahaku.fi\/index.php?rest_route=\/wp\/v2\/types\/product"}],"wp:attachment":[{"href":"https:\/\/www.autonvaraosahaku.fi\/index.php?rest_route=%2Fwp%2Fv2%2Fmedia&parent=13972"}],"wp:term":[{"taxonomy":"pwb-brand","embeddable":true,"href":"https:\/\/www.autonvaraosahaku.fi\/index.php?rest_route=%2Fwp%2Fv2%2Fpwb-brand&post=13972"},{"taxonomy":"product_cat","embeddable":true,"href":"https:\/\/www.autonvaraosahaku.fi\/index.php?rest_route=%2Fwp%2Fv2%2Fproduct_cat&post=13972"},{"taxonomy":"product_tag","embeddable":true,"href":"https:\/\/www.autonvaraosahaku.fi\/index.php?rest_route=%2Fwp%2Fv2%2Fproduct_tag&post=13972"}],"curies":[{"name":"wp","href":"https:\/\/api.w.org\/{rel}","templated":true}]}}