{"id":14022,"date":"2021-02-21T14:19:38","date_gmt":"2021-02-21T14:19:38","guid":{"rendered":"https:\/\/www.autonvaraosahaku.fi\/?product=febi-bilstein-21647-muut-luokat"},"modified":"2021-02-21T14:19:38","modified_gmt":"2021-02-21T14:19:38","slug":"febi-bilstein-21647-muut-luokat","status":"publish","type":"product","link":"https:\/\/www.autonvaraosahaku.fi\/?product=febi-bilstein-21647-muut-luokat","title":{"rendered":"FEBI BILSTEIN 21647 Muut luokat"},"content":{"rendered":"<p>V\u00e4ri: Vihre\u00e4; Tilavuus (litra): 1; Paino [kg]: 0,959; Huomioi huolto-ohjeet: , ; MERCEDES-BENZ: C-CLASS W203,E-CLASS W211,C-CLASS W204,A-CLASS W168,C-CLASS T-Model S204,C-CLASS T-Model S203,E-CLASS T-Model S211,E-CLASS W212,C-CLASS Coupe CL203,E-CLASS T-Model S212,GLK-CLASS X204,SLK R171,CLK C209,S-CLASS W220,S-CLASS W221,CLS C219,VANEO 414,SL R230,E-CLASS Coupe C207,CLK Cabriolet A209,C-CLASS Coupe C204,SLK R172,E-CLASS Cabriolet A207,CLC-CLASS CL203,S-CLASS Coupe C215,S-CLASS Coupe C216,SLS AMG C197,SLS AMG Cabriolet A197,SLR R199; 0019892403, 001989240310, A0019892403, A001989240310; Hydrauli\u00f6ljy,\u00d6ljyt<\/p>\n","protected":false},"excerpt":{"rendered":"<p>FEBI BILSTEIN Hydrauliikka\u00f6ljy 21647 Hydrauli\u00f6ljy,\u00d6ljyt MERCEDES-BENZ,C-CLASS W203,E-CLASS W211,C-CLASS W204,A-CLASS W168,C-CLASS T-Model S204<\/p>\n","protected":false},"featured_media":0,"template":"","meta":{"site-sidebar-layout":"default","site-content-layout":"default","ast-global-header-display":"","ast-main-header-display":"","ast-hfb-above-header-display":"","ast-hfb-below-header-display":"","ast-hfb-mobile-header-display":"","site-post-title":"","ast-breadcrumbs-content":"","ast-featured-img":"","footer-sml-layout":"","theme-transparent-header-meta":"","adv-header-id-meta":"","stick-header-meta":"","header-above-stick-meta":"","header-main-stick-meta":"","header-below-stick-meta":""},"pwb-brand":[50],"product_cat":[37],"product_tag":[],"class_list":{"0":"post-14022","1":"product","2":"type-product","3":"status-publish","5":"pwb-brand-febi-bilstein","6":"product_cat-muut-luokat","7":"desktop-align-left","8":"tablet-align-left","9":"mobile-align-left","11":"first","12":"instock","13":"product-type-external"},"brands":[{"id":50,"name":"FEBI BILSTEIN","slug":"febi-bilstein"}],"_links":{"self":[{"href":"https:\/\/www.autonvaraosahaku.fi\/index.php?rest_route=\/wp\/v2\/product\/14022","targetHints":{"allow":["GET"]}}],"collection":[{"href":"https:\/\/www.autonvaraosahaku.fi\/index.php?rest_route=\/wp\/v2\/product"}],"about":[{"href":"https:\/\/www.autonvaraosahaku.fi\/index.php?rest_route=\/wp\/v2\/types\/product"}],"wp:attachment":[{"href":"https:\/\/www.autonvaraosahaku.fi\/index.php?rest_route=%2Fwp%2Fv2%2Fmedia&parent=14022"}],"wp:term":[{"taxonomy":"pwb-brand","embeddable":true,"href":"https:\/\/www.autonvaraosahaku.fi\/index.php?rest_route=%2Fwp%2Fv2%2Fpwb-brand&post=14022"},{"taxonomy":"product_cat","embeddable":true,"href":"https:\/\/www.autonvaraosahaku.fi\/index.php?rest_route=%2Fwp%2Fv2%2Fproduct_cat&post=14022"},{"taxonomy":"product_tag","embeddable":true,"href":"https:\/\/www.autonvaraosahaku.fi\/index.php?rest_route=%2Fwp%2Fv2%2Fproduct_tag&post=14022"}],"curies":[{"name":"wp","href":"https:\/\/api.w.org\/{rel}","templated":true}]}}