{"id":14032,"date":"2021-02-21T14:19:38","date_gmt":"2021-02-21T14:19:38","guid":{"rendered":"https:\/\/www.autonvaraosahaku.fi\/?product=fa1-822-360-001-kierretulppa"},"modified":"2021-02-21T14:19:40","modified_gmt":"2021-02-21T14:19:40","slug":"fa1-822-360-001-kierretulppa","status":"publish","type":"product","link":"https:\/\/www.autonvaraosahaku.fi\/?product=fa1-822-360-001-kierretulppa","title":{"rendered":"FA1 822.360.001 Kierretulppa"},"content":{"rendered":"<p>Kierremitta: M14x1,5; Pituus (mm): 10; Korvaava tuote\/korvaava tiedote 2: Tiivisterenkaalla; Alustanumerosta: T2500001; CHEVROLET: ORLANDO J309,CRUZE J300,AVEO Schr\u00e4gheck T250, T255,CRUZE Station Wagon J308,AVEO Schr\u00e4gheck T300,CRUZE Schr\u00e4gheck J305,TRAX,AVEO Stufenheck T250, T255,AVEO Stufenheck T300; DAEWOO: NEXIA Stufenheck KLETN; SAAB: 9-3 YS3F,9-5 Kombi YS3E,9-3 Kombi YS3F,9-3 YS3D,9-5 YS3E,9-3 Cabriolet YS3F,9-5 YS3G; SUZUKI: WAGON R; OPEL: CORSA D,CORSA C F08, F68,ZAFIRA B A05,ASTRA H Caravan L35,MERIVA,ZAFIRA A F75_,ASTRA G CC F48_, F08_,ASTRA H L48,ASTRA J Sports Tourer,ASTRA G Caravan F35_,CORSA B 73_, 78_, 79_,INSIGNIA Caravan,VECTRA C Caravan,ASTRA J,ASTRA H GTC L08,MERIVA B,SIGNUM,VECTRA C,AGILA A H00,ZAFIRA TOURER C P12,VECTRA B 36_,ASTRA F CC 53_, 54_, 58_, 59_,OMEGA B Caravan 21_, 22_, 23_,MOKKA,OMEGA B 25_, 26_, 27_,ADAM,VECTRA C GTS,TIGRA TwinTop,VECTRA B Caravan 31_,ASTRA H TwinTop L67,INSIGNIA,ASTRA G Cabriolet F67,ASTRA F Caravan 51_, 52_,INSIGNIA Stufenheck,FRONTERA B 6B_,ASTRA G Coupe F07_,COMBO Kasten\/Kombi,ASTRA G Stufenheck F69_,ZAFIRA B Van,CALIBRA A 85_,ASTRA GTC J,VECTRA B CC 38_,COMBO Tour,AGILA B H08,VECTRA A 86_, 87_,ASTRA F Cabriolet 53_B,ASTRA J Stufenheck,ASTRA F 56_, 57_,SINTRA,CORSA D Van,FRONTERA A 5_MWL4,CASCADA W13,CORSA C Kasten F08, W5L,ASTRA H Stufenheck L69,VECTRA A CC 88_, 89_,ASTRA H Kasten L70,SPEEDSTER,ASTRA G Kasten F70,CORSA E,ASTRA F Van 55_,; LANCIA: YPSILON 843,MUSA 350,YPSILON 312, 846; FORD: KA RU8; FIAT: GRANDE PUNTO 199,500 312,STILO 192,PUNTO EVO 199,500 C 312,STILO Multi Wagon 192,DOBLO Kasten\/Kombi 263,PUNTO 199,IDEA,PANDA 312,QUBO 225,500L,DOBLO Gro\u00dfraumlimousine 152, 263,FIORINO Kasten\/Kombi 225,LINEA 323,PUNTO Van 199,DOBLO Pritsche\/Fahrgestell 263,STRADA Pick-up 578_,500X,TIPO Schr\u00e4gheck 356_,PANDA VAN 312,TIPO Kombi 356_,TIPO Stufenheck 356_,GRANDE PUNTO Van 199_,PUNTO EVO Van 199_; ALFA ROMEO: 159 Sportwagon 939,MITO 955,159 939; CADILLAC: CTS GMX320,BLS,BLS Wagon; 46823509, 71753293, 46823509, 71753293, 1722061, 46823509, 71753293, 4708537, 652315, 652457, 652477, 652976, 90502556, 96023264, 90502556, 1659085E00, 1659085E00000, 16590M86J00, 16590M86J30, 16590M86J30000, 16590N86J00; \u00d6ljytulppa,Kierretulppa, \u00d6ljypohja<\/p>\n","protected":false},"excerpt":{"rendered":"<p>FA1 Kierretulppa 822.360.001 \u00d6ljytulppa,Kierretulppa, \u00d6ljypohja CHEVROLET,DAEWOO,SAAB,ORLANDO J309,CRUZE J300,AVEO Schr\u00e4gheck T250, T255<\/p>\n","protected":false},"featured_media":0,"template":"","meta":{"site-sidebar-layout":"default","site-content-layout":"default","ast-global-header-display":"","ast-main-header-display":"","ast-hfb-above-header-display":"","ast-hfb-below-header-display":"","ast-hfb-mobile-header-display":"","site-post-title":"","ast-breadcrumbs-content":"","ast-featured-img":"","footer-sml-layout":"","theme-transparent-header-meta":"","adv-header-id-meta":"","stick-header-meta":"","header-above-stick-meta":"","header-main-stick-meta":"","header-below-stick-meta":""},"pwb-brand":[39],"product_cat":[40],"product_tag":[],"class_list":{"0":"post-14032","1":"product","2":"type-product","3":"status-publish","5":"pwb-brand-fa1","6":"product_cat-kierretulppa","7":"desktop-align-left","8":"tablet-align-left","9":"mobile-align-left","11":"first","12":"instock","13":"product-type-external"},"brands":[{"id":39,"name":"FA1","slug":"fa1"}],"_links":{"self":[{"href":"https:\/\/www.autonvaraosahaku.fi\/index.php?rest_route=\/wp\/v2\/product\/14032","targetHints":{"allow":["GET"]}}],"collection":[{"href":"https:\/\/www.autonvaraosahaku.fi\/index.php?rest_route=\/wp\/v2\/product"}],"about":[{"href":"https:\/\/www.autonvaraosahaku.fi\/index.php?rest_route=\/wp\/v2\/types\/product"}],"wp:attachment":[{"href":"https:\/\/www.autonvaraosahaku.fi\/index.php?rest_route=%2Fwp%2Fv2%2Fmedia&parent=14032"}],"wp:term":[{"taxonomy":"pwb-brand","embeddable":true,"href":"https:\/\/www.autonvaraosahaku.fi\/index.php?rest_route=%2Fwp%2Fv2%2Fpwb-brand&post=14032"},{"taxonomy":"product_cat","embeddable":true,"href":"https:\/\/www.autonvaraosahaku.fi\/index.php?rest_route=%2Fwp%2Fv2%2Fproduct_cat&post=14032"},{"taxonomy":"product_tag","embeddable":true,"href":"https:\/\/www.autonvaraosahaku.fi\/index.php?rest_route=%2Fwp%2Fv2%2Fproduct_tag&post=14032"}],"curies":[{"name":"wp","href":"https:\/\/api.w.org\/{rel}","templated":true}]}}