{"id":14039,"date":"2021-02-21T14:19:42","date_gmt":"2021-02-21T14:19:42","guid":{"rendered":"https:\/\/www.autonvaraosahaku.fi\/?product=ngk-48009-sytytyspuola"},"modified":"2021-02-21T14:19:42","modified_gmt":"2021-02-21T14:19:42","slug":"ngk-48009-sytytyspuola","status":"publish","type":"product","link":"https:\/\/www.autonvaraosahaku.fi\/?product=ngk-48009-sytytyspuola","title":{"rendered":"NGK 48009 Sytytyspuola"},"content":{"rendered":"<p>Sis\u00e4\u00e4n\/ulosmeno aukkojen lukum\u00e4\u00e4r\u00e4: 1; Napojen m\u00e4\u00e4r\u00e4: 3; Sytytyspuola: Liit\u00e4nt\u00e4 SAE; Moottorinumero: M50; BMW: 3 E46,5 E39,3 Touring E46,5 Touring E39,3 Compact E46,3 Coupe E46,3 Compact E36,3 E36,X5 E53,3 Cabriolet E46,7 E38,3 Coupe E36,Z3 E36,3 Cabriolet E36,3 Touring E36,8 E31,Z3 Coupe E36,Z8 E52; LAND ROVER: RANGE ROVER III LM,FREELANDER Soft Top; ROVER: 75 RJ,75 Tourer RJ,45 Stufenheck RT,45 RT; MG: MG ZS,MG ZS Hatchback; ALPINA: B3 E46,B3 Kombi E46; ROLLS-ROYCE: SILVER SERAPH; 12131404309, 12131703227, 12131703228, 12131703825, 12131748017, 12131748018, 12137599219, 12139067830, 1404309, 1703227, 1703228, 1703825, 1748017, 1748018, 7599219, 9067830, LR022494, NEC000040, NEC101000L, GCL307, NEC000040, NEC101000, NEC101000L, NEC101010, 12131404309, 12131703227, 12131703228, 12131703825, 12131748017, 12131748018, 12137599219, 12139067830, 1404309, 1703227, 1703228, 1703825, 1748017, 1748018, 7599219, 9067830, GCL307, NEC000040, NEC101000, NEC101000L, NEC101010<\/p>\n","protected":false},"excerpt":{"rendered":"<p>NGK Sytytyspuola 48009  BMW,LAND ROVER,ROVER,3 E46,5 E39,3 Touring E46,5 Touring E39,3 Compact E46,3 Coupe E46,3 Compact E36,3 E36,X5 E53<\/p>\n","protected":false},"featured_media":0,"template":"","meta":{"site-sidebar-layout":"default","site-content-layout":"default","ast-global-header-display":"","ast-main-header-display":"","ast-hfb-above-header-display":"","ast-hfb-below-header-display":"","ast-hfb-mobile-header-display":"","site-post-title":"","ast-breadcrumbs-content":"","ast-featured-img":"","footer-sml-layout":"","theme-transparent-header-meta":"","adv-header-id-meta":"","stick-header-meta":"","header-above-stick-meta":"","header-main-stick-meta":"","header-below-stick-meta":""},"pwb-brand":[189],"product_cat":[25],"product_tag":[],"class_list":{"0":"post-14039","1":"product","2":"type-product","3":"status-publish","5":"pwb-brand-ngk","6":"product_cat-sytytyspuola","7":"desktop-align-left","8":"tablet-align-left","9":"mobile-align-left","11":"first","12":"instock","13":"product-type-external"},"brands":[{"id":189,"name":"NGK","slug":"ngk"}],"_links":{"self":[{"href":"https:\/\/www.autonvaraosahaku.fi\/index.php?rest_route=\/wp\/v2\/product\/14039","targetHints":{"allow":["GET"]}}],"collection":[{"href":"https:\/\/www.autonvaraosahaku.fi\/index.php?rest_route=\/wp\/v2\/product"}],"about":[{"href":"https:\/\/www.autonvaraosahaku.fi\/index.php?rest_route=\/wp\/v2\/types\/product"}],"wp:attachment":[{"href":"https:\/\/www.autonvaraosahaku.fi\/index.php?rest_route=%2Fwp%2Fv2%2Fmedia&parent=14039"}],"wp:term":[{"taxonomy":"pwb-brand","embeddable":true,"href":"https:\/\/www.autonvaraosahaku.fi\/index.php?rest_route=%2Fwp%2Fv2%2Fpwb-brand&post=14039"},{"taxonomy":"product_cat","embeddable":true,"href":"https:\/\/www.autonvaraosahaku.fi\/index.php?rest_route=%2Fwp%2Fv2%2Fproduct_cat&post=14039"},{"taxonomy":"product_tag","embeddable":true,"href":"https:\/\/www.autonvaraosahaku.fi\/index.php?rest_route=%2Fwp%2Fv2%2Fproduct_tag&post=14039"}],"curies":[{"name":"wp","href":"https:\/\/api.w.org\/{rel}","templated":true}]}}