{"id":14056,"date":"2021-02-21T14:19:42","date_gmt":"2021-02-21T14:19:42","guid":{"rendered":"https:\/\/www.autonvaraosahaku.fi\/?product=febi-bilstein-27413-pyoranpultit"},"modified":"2021-02-21T14:19:44","modified_gmt":"2021-02-21T14:19:44","slug":"febi-bilstein-27413-pyoranpultit","status":"publish","type":"product","link":"https:\/\/www.autonvaraosahaku.fi\/?product=febi-bilstein-27413-pyoranpultit","title":{"rendered":"FEBI BILSTEIN 27413 Py\u00f6r\u00e4npultit"},"content":{"rendered":"<p>Paksuus [mm]: 15,0; Sis\u00e4kierre (mm): M12 x 1,5; Laatu \/ luokka: 10; Avainv\u00e4li: 19; Ruuvikanta\/mutteriprofiili: Kuusioruuvi \/-mutteri; Py\u00f6r\u00e4n kiinnitys: Kartiolaippa F; Materiaali: Ter\u00e4s; Asennuspuoli: Etuakseli, Taka-akseli; Paino [kg]: 0,020; Huomioi huolto-ohjeet: , ; TECDOC-moottorinumero: 25875; MAZDA: 2 DY,DEMIO DW,121 III JASM, JBSM; VOLVO: V50 MW,C30,S40 II MS,C70 II Cabriolet,V40 Schr\u00e4gheck; FORD: FIESTA V JH_, JD_,MONDEO III Kombi BWY,FOCUS II Kombi DA_,FIESTA VI,MONDEO IV Turnier BA7,FOCUS Kombi DNW,FOCUS II DA_,FOCUS DAW, DBW,FOCUS III Turnier,FOCUS C-MAX,FIESTA IV JA_, JB_,KUGA I,FUSION JU_,KA RB_,MONDEO III B5Y,C-MAX DM2,FOCUS III,C-MAX II,MONDEO IV BA7,MONDEO III Stufenheck B4Y,FIESTA Stufenheck JA8 JR8,GRAND C-MAX,FOCUS Stufenheck DFW,MONDEO II Kombi BNP,FIESTA III GFJ,FOCUS II Stufenheck DA_,FOCUS II Cabriolet,MONDEO II BAP,FIESTA Stufenheck JAS JBS,PUMA EC_,FOCUS III Stufenheck,MONDEO IV Stufenheck BA7,ESCORT VII GAL, AAL, ABL,MONDEO II Stufenheck BFP,MONDEO I Kombi BNP,SIERRA GBG, GB4,MONDEO I GBP,ESCORT VII Kombi GAL, ANL,FIESTA V Van,TRANSIT  MK-5 Bus E_ _,ESCORT VII Cabriolet ALL,FIESTA VI Van,ESCORT VI Cabriolet ALL,ESCORT VI GAL,SCORPIO II GFR, GGR,SIERRA Schr\u00e4gheck GBC, GBG,TRANSIT Kasten T_ _,TRANSIT MK-5 Pritsche\/Fahrgestell E_ _,SCORPIO I GAE, GGE,ESCORT V Cabriolet ALL,TRANSIT Bus T_ _,MONDEO I Stufenheck GBP,TRANSIT Bus MK-4 E_ _; 1007487, 1447852, 1470843, 1576592, 6040307, 6702971, E826092S76, W700344S309, W700344S440, W713392S440, 9XE2609276, 9XG00344X9, 9XG00344X9AA, 9XG00344X9X, 8665333, 999359; Py\u00f6r\u00e4n Mutteri<\/p>\n","protected":false},"excerpt":{"rendered":"<p>FEBI BILSTEIN Py\u00f6r\u00e4nmutterit 27413 Py\u00f6r\u00e4n Mutteri MAZDA,VOLVO,FORD,2 DY,DEMIO DW,121 III JASM, JBSM,V50 MW,C30,S40 II MS,C70 II Cabriolet<\/p>\n","protected":false},"featured_media":0,"template":"","meta":{"site-sidebar-layout":"default","site-content-layout":"default","ast-global-header-display":"","ast-main-header-display":"","ast-hfb-above-header-display":"","ast-hfb-below-header-display":"","ast-hfb-mobile-header-display":"","site-post-title":"","ast-breadcrumbs-content":"","ast-featured-img":"","footer-sml-layout":"","theme-transparent-header-meta":"","adv-header-id-meta":"","stick-header-meta":"","header-above-stick-meta":"","header-main-stick-meta":"","header-below-stick-meta":""},"pwb-brand":[50],"product_cat":[51],"product_tag":[],"class_list":{"0":"post-14056","1":"product","2":"type-product","3":"status-publish","5":"pwb-brand-febi-bilstein","6":"product_cat-pyoranpultit","7":"desktop-align-left","8":"tablet-align-left","9":"mobile-align-left","11":"first","12":"instock","13":"product-type-external"},"brands":[{"id":50,"name":"FEBI BILSTEIN","slug":"febi-bilstein"}],"_links":{"self":[{"href":"https:\/\/www.autonvaraosahaku.fi\/index.php?rest_route=\/wp\/v2\/product\/14056","targetHints":{"allow":["GET"]}}],"collection":[{"href":"https:\/\/www.autonvaraosahaku.fi\/index.php?rest_route=\/wp\/v2\/product"}],"about":[{"href":"https:\/\/www.autonvaraosahaku.fi\/index.php?rest_route=\/wp\/v2\/types\/product"}],"wp:attachment":[{"href":"https:\/\/www.autonvaraosahaku.fi\/index.php?rest_route=%2Fwp%2Fv2%2Fmedia&parent=14056"}],"wp:term":[{"taxonomy":"pwb-brand","embeddable":true,"href":"https:\/\/www.autonvaraosahaku.fi\/index.php?rest_route=%2Fwp%2Fv2%2Fpwb-brand&post=14056"},{"taxonomy":"product_cat","embeddable":true,"href":"https:\/\/www.autonvaraosahaku.fi\/index.php?rest_route=%2Fwp%2Fv2%2Fproduct_cat&post=14056"},{"taxonomy":"product_tag","embeddable":true,"href":"https:\/\/www.autonvaraosahaku.fi\/index.php?rest_route=%2Fwp%2Fv2%2Fproduct_tag&post=14056"}],"curies":[{"name":"wp","href":"https:\/\/api.w.org\/{rel}","templated":true}]}}